{"id":2985,"date":"2023-11-06T15:30:22","date_gmt":"2023-11-06T15:30:22","guid":{"rendered":"https:\/\/stretchfilmplasticosretractilesyfilmsalimentarios.com\/?post_type=product&#038;p=2985"},"modified":"2023-11-08T09:07:19","modified_gmt":"2023-11-08T09:07:19","slug":"devidoir-pour-protective-film","status":"publish","type":"product","link":"https:\/\/stretchfilmplasticosretractilesyfilmsalimentarios.com\/fr\/producto\/film-de-protection-de-surface\/devidoir-pour-protective-film\/devidoir-pour-protective-film\/","title":{"rendered":"D\u00e9vidoir pour protective film"},"content":{"rendered":"<p><strong>TOTAL AD<\/strong> est un d\u00e9vidoir sp\u00e9cial fabriqu\u00e9 pour une meilleure application du film de protection adh\u00e9sif. Il permet une application rapide du film, am\u00e9liorant les performances, la productivit\u00e9 et l&rsquo;aspect final du produit prot\u00e9g\u00e9. Il poss\u00e8de une lame de coupe pr\u00e9cise qui r\u00e9alise une coupe nette du film, permettant \u00e9galement, gr\u00e2ce \u00e0 la finition des rouleaux, moins de plis et de bulles en surface.<\/p>\n<p>Prend en charge des rouleaux jusqu&rsquo;\u00e0 100 mm de large et un diam\u00e8tre de bobine maximum de 200 mm.<\/p>\n","protected":false},"excerpt":{"rendered":"<p>TOTAL AD est un d\u00e9vidoir sp\u00e9cial fabriqu\u00e9 pour une meilleure application du film de protection adh\u00e9sif. Il permet une application rapide du film, am\u00e9liorant les performances, la productivit\u00e9 et l&rsquo;aspect final du produit prot\u00e9g\u00e9. Il poss\u00e8de une lame de coupe pr\u00e9cise qui r\u00e9alise une coupe nette du film, permettant \u00e9galement, gr\u00e2ce \u00e0 la finition des [&hellip;]<\/p>\n","protected":false},"featured_media":2980,"template":"","meta":[],"product_cat":[86],"product_tag":[],"class_list":{"0":"post-2985","1":"product","2":"type-product","3":"status-publish","4":"has-post-thumbnail","6":"product_cat-devidoir-pour-protective-film","8":"first","9":"instock","10":"shipping-taxable","11":"product-type-simple"},"yoast_head":"<!-- This site is optimized with the Yoast SEO plugin v24.0 - https:\/\/yoast.com\/wordpress\/plugins\/seo\/ -->\n<title>D\u00e9vidoir pour protective film - Stretch y Retr\u00e1ctil<\/title>\n<meta name=\"robots\" content=\"index, follow, max-snippet:-1, max-image-preview:large, max-video-preview:-1\" \/>\n<link rel=\"canonical\" href=\"https:\/\/stretchfilmplasticosretractilesyfilmsalimentarios.com\/fr\/producto\/film-de-protection-de-surface\/devidoir-pour-protective-film\/devidoir-pour-protective-film\/\" \/>\n<meta property=\"og:locale\" content=\"fr_FR\" \/>\n<meta property=\"og:type\" content=\"article\" \/>\n<meta property=\"og:title\" content=\"D\u00e9vidoir pour protective film - Stretch y Retr\u00e1ctil\" \/>\n<meta property=\"og:description\" content=\"TOTAL AD est un d\u00e9vidoir sp\u00e9cial fabriqu\u00e9 pour une meilleure application du film de protection adh\u00e9sif. Il permet une application rapide du film, am\u00e9liorant les performances, la productivit\u00e9 et l&rsquo;aspect final du produit prot\u00e9g\u00e9. Il poss\u00e8de une lame de coupe pr\u00e9cise qui r\u00e9alise une coupe nette du film, permettant \u00e9galement, gr\u00e2ce \u00e0 la finition des [&hellip;]\" \/>\n<meta property=\"og:url\" content=\"https:\/\/stretchfilmplasticosretractilesyfilmsalimentarios.com\/fr\/producto\/film-de-protection-de-surface\/devidoir-pour-protective-film\/devidoir-pour-protective-film\/\" \/>\n<meta property=\"og:site_name\" content=\"Stretch y Retr\u00e1ctil\" \/>\n<meta property=\"article:modified_time\" content=\"2023-11-08T09:07:19+00:00\" \/>\n<meta property=\"og:image\" content=\"https:\/\/stretchfilmplasticosretractilesyfilmsalimentarios.com\/wp-content\/uploads\/precintadora-film-op.png\" \/>\n\t<meta property=\"og:image:width\" content=\"417\" \/>\n\t<meta property=\"og:image:height\" content=\"470\" \/>\n\t<meta property=\"og:image:type\" content=\"image\/png\" \/>\n<meta name=\"twitter:card\" content=\"summary_large_image\" \/>\n<meta name=\"twitter:label1\" content=\"Dur\u00e9e de lecture estim\u00e9e\" \/>\n\t<meta name=\"twitter:data1\" content=\"1 minute\" \/>\n<script type=\"application\/ld+json\" class=\"yoast-schema-graph\">{\"@context\":\"https:\/\/schema.org\",\"@graph\":[{\"@type\":\"WebPage\",\"@id\":\"https:\/\/stretchfilmplasticosretractilesyfilmsalimentarios.com\/fr\/producto\/film-de-protection-de-surface\/devidoir-pour-protective-film\/devidoir-pour-protective-film\/\",\"url\":\"https:\/\/stretchfilmplasticosretractilesyfilmsalimentarios.com\/fr\/producto\/film-de-protection-de-surface\/devidoir-pour-protective-film\/devidoir-pour-protective-film\/\",\"name\":\"D\u00e9vidoir pour protective film - Stretch y Retr\u00e1ctil\",\"isPartOf\":{\"@id\":\"https:\/\/stretchfilmplasticosretractilesyfilmsalimentarios.com\/fr\/#website\"},\"primaryImageOfPage\":{\"@id\":\"https:\/\/stretchfilmplasticosretractilesyfilmsalimentarios.com\/fr\/producto\/film-de-protection-de-surface\/devidoir-pour-protective-film\/devidoir-pour-protective-film\/#primaryimage\"},\"image\":{\"@id\":\"https:\/\/stretchfilmplasticosretractilesyfilmsalimentarios.com\/fr\/producto\/film-de-protection-de-surface\/devidoir-pour-protective-film\/devidoir-pour-protective-film\/#primaryimage\"},\"thumbnailUrl\":\"https:\/\/stretchfilmplasticosretractilesyfilmsalimentarios.com\/wp-content\/uploads\/precintadora-film-op.png\",\"datePublished\":\"2023-11-06T15:30:22+00:00\",\"dateModified\":\"2023-11-08T09:07:19+00:00\",\"breadcrumb\":{\"@id\":\"https:\/\/stretchfilmplasticosretractilesyfilmsalimentarios.com\/fr\/producto\/film-de-protection-de-surface\/devidoir-pour-protective-film\/devidoir-pour-protective-film\/#breadcrumb\"},\"inLanguage\":\"fr-FR\",\"potentialAction\":[{\"@type\":\"ReadAction\",\"target\":[\"https:\/\/stretchfilmplasticosretractilesyfilmsalimentarios.com\/fr\/producto\/film-de-protection-de-surface\/devidoir-pour-protective-film\/devidoir-pour-protective-film\/\"]}]},{\"@type\":\"ImageObject\",\"inLanguage\":\"fr-FR\",\"@id\":\"https:\/\/stretchfilmplasticosretractilesyfilmsalimentarios.com\/fr\/producto\/film-de-protection-de-surface\/devidoir-pour-protective-film\/devidoir-pour-protective-film\/#primaryimage\",\"url\":\"https:\/\/stretchfilmplasticosretractilesyfilmsalimentarios.com\/wp-content\/uploads\/precintadora-film-op.png\",\"contentUrl\":\"https:\/\/stretchfilmplasticosretractilesyfilmsalimentarios.com\/wp-content\/uploads\/precintadora-film-op.png\",\"width\":417,\"height\":470},{\"@type\":\"BreadcrumbList\",\"@id\":\"https:\/\/stretchfilmplasticosretractilesyfilmsalimentarios.com\/fr\/producto\/film-de-protection-de-surface\/devidoir-pour-protective-film\/devidoir-pour-protective-film\/#breadcrumb\",\"itemListElement\":[{\"@type\":\"ListItem\",\"position\":1,\"name\":\"Produits\",\"item\":\"https:\/\/stretchfilmplasticosretractilesyfilmsalimentarios.com\/fr\/produits\/\"},{\"@type\":\"ListItem\",\"position\":2,\"name\":\"D\u00e9vidoir pour protective film\"}]},{\"@type\":\"WebSite\",\"@id\":\"https:\/\/stretchfilmplasticosretractilesyfilmsalimentarios.com\/fr\/#website\",\"url\":\"https:\/\/stretchfilmplasticosretractilesyfilmsalimentarios.com\/fr\/\",\"name\":\"Stretch y Retr\u00e1ctil\",\"description\":\"\",\"publisher\":{\"@id\":\"https:\/\/stretchfilmplasticosretractilesyfilmsalimentarios.com\/fr\/#organization\"},\"potentialAction\":[{\"@type\":\"SearchAction\",\"target\":{\"@type\":\"EntryPoint\",\"urlTemplate\":\"https:\/\/stretchfilmplasticosretractilesyfilmsalimentarios.com\/fr\/?s={search_term_string}\"},\"query-input\":{\"@type\":\"PropertyValueSpecification\",\"valueRequired\":true,\"valueName\":\"search_term_string\"}}],\"inLanguage\":\"fr-FR\"},{\"@type\":\"Organization\",\"@id\":\"https:\/\/stretchfilmplasticosretractilesyfilmsalimentarios.com\/fr\/#organization\",\"name\":\"Stretch y Retr\u00e1ctil\",\"url\":\"https:\/\/stretchfilmplasticosretractilesyfilmsalimentarios.com\/fr\/\",\"logo\":{\"@type\":\"ImageObject\",\"inLanguage\":\"fr-FR\",\"@id\":\"https:\/\/stretchfilmplasticosretractilesyfilmsalimentarios.com\/fr\/#\/schema\/logo\/image\/\",\"url\":\"https:\/\/stretchfilmplasticosretractilesyfilmsalimentarios.com\/wp-content\/uploads\/logostretch-sticky.png\",\"contentUrl\":\"https:\/\/stretchfilmplasticosretractilesyfilmsalimentarios.com\/wp-content\/uploads\/logostretch-sticky.png\",\"width\":269,\"height\":64,\"caption\":\"Stretch y Retr\u00e1ctil\"},\"image\":{\"@id\":\"https:\/\/stretchfilmplasticosretractilesyfilmsalimentarios.com\/fr\/#\/schema\/logo\/image\/\"}}]}<\/script>\n<!-- \/ Yoast SEO plugin. -->","yoast_head_json":{"title":"D\u00e9vidoir pour protective film - Stretch y Retr\u00e1ctil","robots":{"index":"index","follow":"follow","max-snippet":"max-snippet:-1","max-image-preview":"max-image-preview:large","max-video-preview":"max-video-preview:-1"},"canonical":"https:\/\/stretchfilmplasticosretractilesyfilmsalimentarios.com\/fr\/producto\/film-de-protection-de-surface\/devidoir-pour-protective-film\/devidoir-pour-protective-film\/","og_locale":"fr_FR","og_type":"article","og_title":"D\u00e9vidoir pour protective film - Stretch y Retr\u00e1ctil","og_description":"TOTAL AD est un d\u00e9vidoir sp\u00e9cial fabriqu\u00e9 pour une meilleure application du film de protection adh\u00e9sif. Il permet une application rapide du film, am\u00e9liorant les performances, la productivit\u00e9 et l&rsquo;aspect final du produit prot\u00e9g\u00e9. Il poss\u00e8de une lame de coupe pr\u00e9cise qui r\u00e9alise une coupe nette du film, permettant \u00e9galement, gr\u00e2ce \u00e0 la finition des [&hellip;]","og_url":"https:\/\/stretchfilmplasticosretractilesyfilmsalimentarios.com\/fr\/producto\/film-de-protection-de-surface\/devidoir-pour-protective-film\/devidoir-pour-protective-film\/","og_site_name":"Stretch y Retr\u00e1ctil","article_modified_time":"2023-11-08T09:07:19+00:00","og_image":[{"width":417,"height":470,"url":"https:\/\/stretchfilmplasticosretractilesyfilmsalimentarios.com\/wp-content\/uploads\/precintadora-film-op.png","type":"image\/png"}],"twitter_card":"summary_large_image","twitter_misc":{"Dur\u00e9e de lecture estim\u00e9e":"1 minute"},"schema":{"@context":"https:\/\/schema.org","@graph":[{"@type":"WebPage","@id":"https:\/\/stretchfilmplasticosretractilesyfilmsalimentarios.com\/fr\/producto\/film-de-protection-de-surface\/devidoir-pour-protective-film\/devidoir-pour-protective-film\/","url":"https:\/\/stretchfilmplasticosretractilesyfilmsalimentarios.com\/fr\/producto\/film-de-protection-de-surface\/devidoir-pour-protective-film\/devidoir-pour-protective-film\/","name":"D\u00e9vidoir pour protective film - Stretch y Retr\u00e1ctil","isPartOf":{"@id":"https:\/\/stretchfilmplasticosretractilesyfilmsalimentarios.com\/fr\/#website"},"primaryImageOfPage":{"@id":"https:\/\/stretchfilmplasticosretractilesyfilmsalimentarios.com\/fr\/producto\/film-de-protection-de-surface\/devidoir-pour-protective-film\/devidoir-pour-protective-film\/#primaryimage"},"image":{"@id":"https:\/\/stretchfilmplasticosretractilesyfilmsalimentarios.com\/fr\/producto\/film-de-protection-de-surface\/devidoir-pour-protective-film\/devidoir-pour-protective-film\/#primaryimage"},"thumbnailUrl":"https:\/\/stretchfilmplasticosretractilesyfilmsalimentarios.com\/wp-content\/uploads\/precintadora-film-op.png","datePublished":"2023-11-06T15:30:22+00:00","dateModified":"2023-11-08T09:07:19+00:00","breadcrumb":{"@id":"https:\/\/stretchfilmplasticosretractilesyfilmsalimentarios.com\/fr\/producto\/film-de-protection-de-surface\/devidoir-pour-protective-film\/devidoir-pour-protective-film\/#breadcrumb"},"inLanguage":"fr-FR","potentialAction":[{"@type":"ReadAction","target":["https:\/\/stretchfilmplasticosretractilesyfilmsalimentarios.com\/fr\/producto\/film-de-protection-de-surface\/devidoir-pour-protective-film\/devidoir-pour-protective-film\/"]}]},{"@type":"ImageObject","inLanguage":"fr-FR","@id":"https:\/\/stretchfilmplasticosretractilesyfilmsalimentarios.com\/fr\/producto\/film-de-protection-de-surface\/devidoir-pour-protective-film\/devidoir-pour-protective-film\/#primaryimage","url":"https:\/\/stretchfilmplasticosretractilesyfilmsalimentarios.com\/wp-content\/uploads\/precintadora-film-op.png","contentUrl":"https:\/\/stretchfilmplasticosretractilesyfilmsalimentarios.com\/wp-content\/uploads\/precintadora-film-op.png","width":417,"height":470},{"@type":"BreadcrumbList","@id":"https:\/\/stretchfilmplasticosretractilesyfilmsalimentarios.com\/fr\/producto\/film-de-protection-de-surface\/devidoir-pour-protective-film\/devidoir-pour-protective-film\/#breadcrumb","itemListElement":[{"@type":"ListItem","position":1,"name":"Produits","item":"https:\/\/stretchfilmplasticosretractilesyfilmsalimentarios.com\/fr\/produits\/"},{"@type":"ListItem","position":2,"name":"D\u00e9vidoir pour protective film"}]},{"@type":"WebSite","@id":"https:\/\/stretchfilmplasticosretractilesyfilmsalimentarios.com\/fr\/#website","url":"https:\/\/stretchfilmplasticosretractilesyfilmsalimentarios.com\/fr\/","name":"Stretch y Retr\u00e1ctil","description":"","publisher":{"@id":"https:\/\/stretchfilmplasticosretractilesyfilmsalimentarios.com\/fr\/#organization"},"potentialAction":[{"@type":"SearchAction","target":{"@type":"EntryPoint","urlTemplate":"https:\/\/stretchfilmplasticosretractilesyfilmsalimentarios.com\/fr\/?s={search_term_string}"},"query-input":{"@type":"PropertyValueSpecification","valueRequired":true,"valueName":"search_term_string"}}],"inLanguage":"fr-FR"},{"@type":"Organization","@id":"https:\/\/stretchfilmplasticosretractilesyfilmsalimentarios.com\/fr\/#organization","name":"Stretch y Retr\u00e1ctil","url":"https:\/\/stretchfilmplasticosretractilesyfilmsalimentarios.com\/fr\/","logo":{"@type":"ImageObject","inLanguage":"fr-FR","@id":"https:\/\/stretchfilmplasticosretractilesyfilmsalimentarios.com\/fr\/#\/schema\/logo\/image\/","url":"https:\/\/stretchfilmplasticosretractilesyfilmsalimentarios.com\/wp-content\/uploads\/logostretch-sticky.png","contentUrl":"https:\/\/stretchfilmplasticosretractilesyfilmsalimentarios.com\/wp-content\/uploads\/logostretch-sticky.png","width":269,"height":64,"caption":"Stretch y Retr\u00e1ctil"},"image":{"@id":"https:\/\/stretchfilmplasticosretractilesyfilmsalimentarios.com\/fr\/#\/schema\/logo\/image\/"}}]}},"_links":{"self":[{"href":"https:\/\/stretchfilmplasticosretractilesyfilmsalimentarios.com\/fr\/wp-json\/wp\/v2\/product\/2985","targetHints":{"allow":["GET"]}}],"collection":[{"href":"https:\/\/stretchfilmplasticosretractilesyfilmsalimentarios.com\/fr\/wp-json\/wp\/v2\/product"}],"about":[{"href":"https:\/\/stretchfilmplasticosretractilesyfilmsalimentarios.com\/fr\/wp-json\/wp\/v2\/types\/product"}],"wp:featuredmedia":[{"embeddable":true,"href":"https:\/\/stretchfilmplasticosretractilesyfilmsalimentarios.com\/fr\/wp-json\/wp\/v2\/media\/2980"}],"wp:attachment":[{"href":"https:\/\/stretchfilmplasticosretractilesyfilmsalimentarios.com\/fr\/wp-json\/wp\/v2\/media?parent=2985"}],"wp:term":[{"taxonomy":"product_cat","embeddable":true,"href":"https:\/\/stretchfilmplasticosretractilesyfilmsalimentarios.com\/fr\/wp-json\/wp\/v2\/product_cat?post=2985"},{"taxonomy":"product_tag","embeddable":true,"href":"https:\/\/stretchfilmplasticosretractilesyfilmsalimentarios.com\/fr\/wp-json\/wp\/v2\/product_tag?post=2985"}],"curies":[{"name":"wp","href":"https:\/\/api.w.org\/{rel}","templated":true}]}}