{"id":2241,"date":"2023-07-23T11:17:52","date_gmt":"2023-07-23T11:17:52","guid":{"rendered":"https:\/\/85.208.23.146\/~str346us\/producto\/non%20class\u00e9\/fajas-de-papel-para-enfajadoras\/"},"modified":"2023-12-27T08:47:59","modified_gmt":"2023-12-27T08:47:59","slug":"bandes-en-papier-pour-banderoleuses","status":"publish","type":"product","link":"https:\/\/stretchfilmplasticosretractilesyfilmsalimentarios.com\/fr\/producto\/papier-de-banderolage-et-materials-antiglisse\/bandes-en-papier-pour-banderoleuses\/","title":{"rendered":"Bandes En Papier Pour Banderoleuses"},"content":{"rendered":"<section id=\"elm-columns-_e0f259da95499-main\" class=\"elm-main elm-columns-main \">\n<div class=\"elm-wrapper elm-columns-wrapper\">\n<div id=\"elm-columns-_e0f259da95499\" class=\"column-grid column-grid-2\">\n<div class=\"column column-span-1 column-narrow column-last\">\n<section id=\"elm-text-_e07535f82a9717-main\" class=\"elm-main elm-text-main load-finished\">\n<div class=\"elm-wrapper elm-text-wrapper\">\n<div id=\"elm-text-_e07535f82a9717\" class=\"elm-text\">\n<div class=\"entry-content\">\n<p>Bandes en papier de banderolage, de diff\u00e9rentes largeurs et \u00e9paisseurs. Ce produit peut \u00eatre fait de papier ou de plastique brun ou blanc. <span data-language-for-alternatives=\"fr\" data-language-to-translate-into=\"es\" data-phrase-index=\"3\" data-number-of-phrases=\"5\">Dans cette gamme sp\u00e9ciale, nous avons des <strong>films plastiques<\/strong> <strong>antiglissants<\/strong>, ainsi que du <strong>papier antiglissants<\/strong>, soit dans des formats, tels que des s\u00e9parateurs de palettes, etc.<\/span> Ils aident la charge palettis\u00e9e \u00e0 ne pas bouger et lui donnent plus de stabilit\u00e9.<\/p>\n<\/div>\n<\/div>\n<\/div>\n<\/section>\n<\/div>\n<\/div>\n<\/div>\n<\/section>\n<section id=\"elm-content-4-main\" class=\"elm-main elm-content-main load-finished\">\n<div class=\"elm-wrapper elm-content-wrapper\">\n<div id=\"primary\" class=\"content-area\">\n<div id=\"content\" class=\"content-wrap\" role=\"main\">\n<article id=\"page-3550\" class=\"content-block\">\n<div class=\"entry-content\">\n<p>Les <strong>bandes en papier de banderolage<\/strong> sont <strong>100% recyclables et biod\u00e9gradables<\/strong>. Elles sont disponibles en diff\u00e9rentes largeurs, de 28 \u00e0 125 mm, ou d\u2019autres mesures si n\u00e9cessaire ,et peuvent \u00eatre imprim\u00e9es en diff\u00e9rentes couleurs et qualit\u00e9s (<strong>papier et\/ou plastique<\/strong>). Gr\u00e2ce au banderolage, l\u2019utilisation de colle, de ruban adh\u00e9sif ou d\u2019\u00e9tiquettes autocollantes n\u2019est plus n\u00e9cessaire.<\/p>\n<p>Les <strong>bandes en papierde banderolage<\/strong> vous permettent de promouvoir vos produits plus facilement et de r\u00e9duire vos co\u00fbts de production, car vous pouvez regrouper autant de produits que vous le souhaitez.<\/p>\n<p>Les <strong>bandes en papier<\/strong> sont faciles \u00e0 d\u00e9baller, rapides et efficaces, et ne laissent aucun r\u00e9sidu sur vos produits. Ils n\u2019endommagent pas les bords et assurent une tenue parfaite.<\/p>\n<p><strong>QUELQUES UTILISATIONS DES BANDES EN PAPIER<\/strong><\/p>\n<ul>\n<li>Produits alimentaires<\/li>\n<li>Documents imprim\u00e9s<\/li>\n<li>Logistique et produits \u00e9lectronique<\/li>\n<li>Produits pharmaceutique et cosm\u00e9tique<\/li>\n<li>Emballages promotionnels<\/li>\n<\/ul>\n<\/div>\n<\/article>\n<\/div>\n<\/div>\n<\/div>\n<\/section>\n","protected":false},"excerpt":{"rendered":"<p>Bandes en papier de banderolage, de diff\u00e9rentes largeurs et \u00e9paisseurs. Ce produit peut \u00eatre fait de papier ou de plastique brun ou blanc. Dans cette gamme sp\u00e9ciale, nous avons des films plastiques antiglissants, ainsi que du papier antiglissants, soit dans des formats, tels que des s\u00e9parateurs de palettes, etc. Ils aident la charge palettis\u00e9e \u00e0 [&hellip;]<\/p>\n","protected":false},"featured_media":2233,"template":"","meta":[],"product_cat":[80],"product_tag":[],"class_list":{"0":"post-2241","1":"product","2":"type-product","3":"status-publish","4":"has-post-thumbnail","6":"product_cat-papier-de-banderolage-et-materials-antiglisse","8":"first","9":"instock","10":"shipping-taxable","11":"product-type-simple"},"yoast_head":"<!-- This site is optimized with the Yoast SEO plugin v24.0 - https:\/\/yoast.com\/wordpress\/plugins\/seo\/ -->\n<title>Bandes En Papier Pour Banderoleuses - Stretch y Retr\u00e1ctil<\/title>\n<meta name=\"robots\" content=\"index, follow, max-snippet:-1, max-image-preview:large, max-video-preview:-1\" \/>\n<link rel=\"canonical\" href=\"https:\/\/stretchfilmplasticosretractilesyfilmsalimentarios.com\/fr\/producto\/papier-de-banderolage-et-materials-antiglisse\/bandes-en-papier-pour-banderoleuses\/\" \/>\n<meta property=\"og:locale\" content=\"fr_FR\" \/>\n<meta property=\"og:type\" content=\"article\" \/>\n<meta property=\"og:title\" content=\"Bandes En Papier Pour Banderoleuses - Stretch y Retr\u00e1ctil\" \/>\n<meta property=\"og:description\" content=\"Bandes en papier de banderolage, de diff\u00e9rentes largeurs et \u00e9paisseurs. Ce produit peut \u00eatre fait de papier ou de plastique brun ou blanc. Dans cette gamme sp\u00e9ciale, nous avons des films plastiques antiglissants, ainsi que du papier antiglissants, soit dans des formats, tels que des s\u00e9parateurs de palettes, etc. Ils aident la charge palettis\u00e9e \u00e0 [&hellip;]\" \/>\n<meta property=\"og:url\" content=\"https:\/\/stretchfilmplasticosretractilesyfilmsalimentarios.com\/fr\/producto\/papier-de-banderolage-et-materials-antiglisse\/bandes-en-papier-pour-banderoleuses\/\" \/>\n<meta property=\"og:site_name\" content=\"Stretch y Retr\u00e1ctil\" \/>\n<meta property=\"article:modified_time\" content=\"2023-12-27T08:47:59+00:00\" \/>\n<meta property=\"og:image\" content=\"https:\/\/stretchfilmplasticosretractilesyfilmsalimentarios.com\/wp-content\/uploads\/fajas-de-papel-01.png\" \/>\n\t<meta property=\"og:image:width\" content=\"1320\" \/>\n\t<meta property=\"og:image:height\" content=\"742\" \/>\n\t<meta property=\"og:image:type\" content=\"image\/png\" \/>\n<meta name=\"twitter:card\" content=\"summary_large_image\" \/>\n<meta name=\"twitter:label1\" content=\"Dur\u00e9e de lecture estim\u00e9e\" \/>\n\t<meta name=\"twitter:data1\" content=\"1 minute\" \/>\n<script type=\"application\/ld+json\" class=\"yoast-schema-graph\">{\"@context\":\"https:\/\/schema.org\",\"@graph\":[{\"@type\":\"WebPage\",\"@id\":\"https:\/\/stretchfilmplasticosretractilesyfilmsalimentarios.com\/fr\/producto\/papier-de-banderolage-et-materials-antiglisse\/bandes-en-papier-pour-banderoleuses\/\",\"url\":\"https:\/\/stretchfilmplasticosretractilesyfilmsalimentarios.com\/fr\/producto\/papier-de-banderolage-et-materials-antiglisse\/bandes-en-papier-pour-banderoleuses\/\",\"name\":\"Bandes En Papier Pour Banderoleuses - Stretch y Retr\u00e1ctil\",\"isPartOf\":{\"@id\":\"https:\/\/stretchfilmplasticosretractilesyfilmsalimentarios.com\/fr\/#website\"},\"primaryImageOfPage\":{\"@id\":\"https:\/\/stretchfilmplasticosretractilesyfilmsalimentarios.com\/fr\/producto\/papier-de-banderolage-et-materials-antiglisse\/bandes-en-papier-pour-banderoleuses\/#primaryimage\"},\"image\":{\"@id\":\"https:\/\/stretchfilmplasticosretractilesyfilmsalimentarios.com\/fr\/producto\/papier-de-banderolage-et-materials-antiglisse\/bandes-en-papier-pour-banderoleuses\/#primaryimage\"},\"thumbnailUrl\":\"https:\/\/stretchfilmplasticosretractilesyfilmsalimentarios.com\/wp-content\/uploads\/fajas-de-papel-01.png\",\"datePublished\":\"2023-07-23T11:17:52+00:00\",\"dateModified\":\"2023-12-27T08:47:59+00:00\",\"breadcrumb\":{\"@id\":\"https:\/\/stretchfilmplasticosretractilesyfilmsalimentarios.com\/fr\/producto\/papier-de-banderolage-et-materials-antiglisse\/bandes-en-papier-pour-banderoleuses\/#breadcrumb\"},\"inLanguage\":\"fr-FR\",\"potentialAction\":[{\"@type\":\"ReadAction\",\"target\":[\"https:\/\/stretchfilmplasticosretractilesyfilmsalimentarios.com\/fr\/producto\/papier-de-banderolage-et-materials-antiglisse\/bandes-en-papier-pour-banderoleuses\/\"]}]},{\"@type\":\"ImageObject\",\"inLanguage\":\"fr-FR\",\"@id\":\"https:\/\/stretchfilmplasticosretractilesyfilmsalimentarios.com\/fr\/producto\/papier-de-banderolage-et-materials-antiglisse\/bandes-en-papier-pour-banderoleuses\/#primaryimage\",\"url\":\"https:\/\/stretchfilmplasticosretractilesyfilmsalimentarios.com\/wp-content\/uploads\/fajas-de-papel-01.png\",\"contentUrl\":\"https:\/\/stretchfilmplasticosretractilesyfilmsalimentarios.com\/wp-content\/uploads\/fajas-de-papel-01.png\",\"width\":1320,\"height\":742},{\"@type\":\"BreadcrumbList\",\"@id\":\"https:\/\/stretchfilmplasticosretractilesyfilmsalimentarios.com\/fr\/producto\/papier-de-banderolage-et-materials-antiglisse\/bandes-en-papier-pour-banderoleuses\/#breadcrumb\",\"itemListElement\":[{\"@type\":\"ListItem\",\"position\":1,\"name\":\"Produits\",\"item\":\"https:\/\/stretchfilmplasticosretractilesyfilmsalimentarios.com\/fr\/produits\/\"},{\"@type\":\"ListItem\",\"position\":2,\"name\":\"Bandes En Papier Pour Banderoleuses\"}]},{\"@type\":\"WebSite\",\"@id\":\"https:\/\/stretchfilmplasticosretractilesyfilmsalimentarios.com\/fr\/#website\",\"url\":\"https:\/\/stretchfilmplasticosretractilesyfilmsalimentarios.com\/fr\/\",\"name\":\"Stretch y Retr\u00e1ctil\",\"description\":\"\",\"publisher\":{\"@id\":\"https:\/\/stretchfilmplasticosretractilesyfilmsalimentarios.com\/fr\/#organization\"},\"potentialAction\":[{\"@type\":\"SearchAction\",\"target\":{\"@type\":\"EntryPoint\",\"urlTemplate\":\"https:\/\/stretchfilmplasticosretractilesyfilmsalimentarios.com\/fr\/?s={search_term_string}\"},\"query-input\":{\"@type\":\"PropertyValueSpecification\",\"valueRequired\":true,\"valueName\":\"search_term_string\"}}],\"inLanguage\":\"fr-FR\"},{\"@type\":\"Organization\",\"@id\":\"https:\/\/stretchfilmplasticosretractilesyfilmsalimentarios.com\/fr\/#organization\",\"name\":\"Stretch y Retr\u00e1ctil\",\"url\":\"https:\/\/stretchfilmplasticosretractilesyfilmsalimentarios.com\/fr\/\",\"logo\":{\"@type\":\"ImageObject\",\"inLanguage\":\"fr-FR\",\"@id\":\"https:\/\/stretchfilmplasticosretractilesyfilmsalimentarios.com\/fr\/#\/schema\/logo\/image\/\",\"url\":\"https:\/\/stretchfilmplasticosretractilesyfilmsalimentarios.com\/wp-content\/uploads\/logostretch-sticky.png\",\"contentUrl\":\"https:\/\/stretchfilmplasticosretractilesyfilmsalimentarios.com\/wp-content\/uploads\/logostretch-sticky.png\",\"width\":269,\"height\":64,\"caption\":\"Stretch y Retr\u00e1ctil\"},\"image\":{\"@id\":\"https:\/\/stretchfilmplasticosretractilesyfilmsalimentarios.com\/fr\/#\/schema\/logo\/image\/\"}}]}<\/script>\n<!-- \/ Yoast SEO plugin. -->","yoast_head_json":{"title":"Bandes En Papier Pour Banderoleuses - Stretch y Retr\u00e1ctil","robots":{"index":"index","follow":"follow","max-snippet":"max-snippet:-1","max-image-preview":"max-image-preview:large","max-video-preview":"max-video-preview:-1"},"canonical":"https:\/\/stretchfilmplasticosretractilesyfilmsalimentarios.com\/fr\/producto\/papier-de-banderolage-et-materials-antiglisse\/bandes-en-papier-pour-banderoleuses\/","og_locale":"fr_FR","og_type":"article","og_title":"Bandes En Papier Pour Banderoleuses - Stretch y Retr\u00e1ctil","og_description":"Bandes en papier de banderolage, de diff\u00e9rentes largeurs et \u00e9paisseurs. Ce produit peut \u00eatre fait de papier ou de plastique brun ou blanc. Dans cette gamme sp\u00e9ciale, nous avons des films plastiques antiglissants, ainsi que du papier antiglissants, soit dans des formats, tels que des s\u00e9parateurs de palettes, etc. Ils aident la charge palettis\u00e9e \u00e0 [&hellip;]","og_url":"https:\/\/stretchfilmplasticosretractilesyfilmsalimentarios.com\/fr\/producto\/papier-de-banderolage-et-materials-antiglisse\/bandes-en-papier-pour-banderoleuses\/","og_site_name":"Stretch y Retr\u00e1ctil","article_modified_time":"2023-12-27T08:47:59+00:00","og_image":[{"width":1320,"height":742,"url":"https:\/\/stretchfilmplasticosretractilesyfilmsalimentarios.com\/wp-content\/uploads\/fajas-de-papel-01.png","type":"image\/png"}],"twitter_card":"summary_large_image","twitter_misc":{"Dur\u00e9e de lecture estim\u00e9e":"1 minute"},"schema":{"@context":"https:\/\/schema.org","@graph":[{"@type":"WebPage","@id":"https:\/\/stretchfilmplasticosretractilesyfilmsalimentarios.com\/fr\/producto\/papier-de-banderolage-et-materials-antiglisse\/bandes-en-papier-pour-banderoleuses\/","url":"https:\/\/stretchfilmplasticosretractilesyfilmsalimentarios.com\/fr\/producto\/papier-de-banderolage-et-materials-antiglisse\/bandes-en-papier-pour-banderoleuses\/","name":"Bandes En Papier Pour Banderoleuses - Stretch y Retr\u00e1ctil","isPartOf":{"@id":"https:\/\/stretchfilmplasticosretractilesyfilmsalimentarios.com\/fr\/#website"},"primaryImageOfPage":{"@id":"https:\/\/stretchfilmplasticosretractilesyfilmsalimentarios.com\/fr\/producto\/papier-de-banderolage-et-materials-antiglisse\/bandes-en-papier-pour-banderoleuses\/#primaryimage"},"image":{"@id":"https:\/\/stretchfilmplasticosretractilesyfilmsalimentarios.com\/fr\/producto\/papier-de-banderolage-et-materials-antiglisse\/bandes-en-papier-pour-banderoleuses\/#primaryimage"},"thumbnailUrl":"https:\/\/stretchfilmplasticosretractilesyfilmsalimentarios.com\/wp-content\/uploads\/fajas-de-papel-01.png","datePublished":"2023-07-23T11:17:52+00:00","dateModified":"2023-12-27T08:47:59+00:00","breadcrumb":{"@id":"https:\/\/stretchfilmplasticosretractilesyfilmsalimentarios.com\/fr\/producto\/papier-de-banderolage-et-materials-antiglisse\/bandes-en-papier-pour-banderoleuses\/#breadcrumb"},"inLanguage":"fr-FR","potentialAction":[{"@type":"ReadAction","target":["https:\/\/stretchfilmplasticosretractilesyfilmsalimentarios.com\/fr\/producto\/papier-de-banderolage-et-materials-antiglisse\/bandes-en-papier-pour-banderoleuses\/"]}]},{"@type":"ImageObject","inLanguage":"fr-FR","@id":"https:\/\/stretchfilmplasticosretractilesyfilmsalimentarios.com\/fr\/producto\/papier-de-banderolage-et-materials-antiglisse\/bandes-en-papier-pour-banderoleuses\/#primaryimage","url":"https:\/\/stretchfilmplasticosretractilesyfilmsalimentarios.com\/wp-content\/uploads\/fajas-de-papel-01.png","contentUrl":"https:\/\/stretchfilmplasticosretractilesyfilmsalimentarios.com\/wp-content\/uploads\/fajas-de-papel-01.png","width":1320,"height":742},{"@type":"BreadcrumbList","@id":"https:\/\/stretchfilmplasticosretractilesyfilmsalimentarios.com\/fr\/producto\/papier-de-banderolage-et-materials-antiglisse\/bandes-en-papier-pour-banderoleuses\/#breadcrumb","itemListElement":[{"@type":"ListItem","position":1,"name":"Produits","item":"https:\/\/stretchfilmplasticosretractilesyfilmsalimentarios.com\/fr\/produits\/"},{"@type":"ListItem","position":2,"name":"Bandes En Papier Pour Banderoleuses"}]},{"@type":"WebSite","@id":"https:\/\/stretchfilmplasticosretractilesyfilmsalimentarios.com\/fr\/#website","url":"https:\/\/stretchfilmplasticosretractilesyfilmsalimentarios.com\/fr\/","name":"Stretch y Retr\u00e1ctil","description":"","publisher":{"@id":"https:\/\/stretchfilmplasticosretractilesyfilmsalimentarios.com\/fr\/#organization"},"potentialAction":[{"@type":"SearchAction","target":{"@type":"EntryPoint","urlTemplate":"https:\/\/stretchfilmplasticosretractilesyfilmsalimentarios.com\/fr\/?s={search_term_string}"},"query-input":{"@type":"PropertyValueSpecification","valueRequired":true,"valueName":"search_term_string"}}],"inLanguage":"fr-FR"},{"@type":"Organization","@id":"https:\/\/stretchfilmplasticosretractilesyfilmsalimentarios.com\/fr\/#organization","name":"Stretch y Retr\u00e1ctil","url":"https:\/\/stretchfilmplasticosretractilesyfilmsalimentarios.com\/fr\/","logo":{"@type":"ImageObject","inLanguage":"fr-FR","@id":"https:\/\/stretchfilmplasticosretractilesyfilmsalimentarios.com\/fr\/#\/schema\/logo\/image\/","url":"https:\/\/stretchfilmplasticosretractilesyfilmsalimentarios.com\/wp-content\/uploads\/logostretch-sticky.png","contentUrl":"https:\/\/stretchfilmplasticosretractilesyfilmsalimentarios.com\/wp-content\/uploads\/logostretch-sticky.png","width":269,"height":64,"caption":"Stretch y Retr\u00e1ctil"},"image":{"@id":"https:\/\/stretchfilmplasticosretractilesyfilmsalimentarios.com\/fr\/#\/schema\/logo\/image\/"}}]}},"_links":{"self":[{"href":"https:\/\/stretchfilmplasticosretractilesyfilmsalimentarios.com\/fr\/wp-json\/wp\/v2\/product\/2241","targetHints":{"allow":["GET"]}}],"collection":[{"href":"https:\/\/stretchfilmplasticosretractilesyfilmsalimentarios.com\/fr\/wp-json\/wp\/v2\/product"}],"about":[{"href":"https:\/\/stretchfilmplasticosretractilesyfilmsalimentarios.com\/fr\/wp-json\/wp\/v2\/types\/product"}],"wp:featuredmedia":[{"embeddable":true,"href":"https:\/\/stretchfilmplasticosretractilesyfilmsalimentarios.com\/fr\/wp-json\/wp\/v2\/media\/2233"}],"wp:attachment":[{"href":"https:\/\/stretchfilmplasticosretractilesyfilmsalimentarios.com\/fr\/wp-json\/wp\/v2\/media?parent=2241"}],"wp:term":[{"taxonomy":"product_cat","embeddable":true,"href":"https:\/\/stretchfilmplasticosretractilesyfilmsalimentarios.com\/fr\/wp-json\/wp\/v2\/product_cat?post=2241"},{"taxonomy":"product_tag","embeddable":true,"href":"https:\/\/stretchfilmplasticosretractilesyfilmsalimentarios.com\/fr\/wp-json\/wp\/v2\/product_tag?post=2241"}],"curies":[{"name":"wp","href":"https:\/\/api.w.org\/{rel}","templated":true}]}}