{"id":2116,"date":"2023-07-23T10:09:22","date_gmt":"2023-07-23T10:09:22","guid":{"rendered":"https:\/\/85.208.23.146\/~str346us\/producto\/non%20class\u00e9\/cinta-adhesiva-impresa\/"},"modified":"2023-07-23T10:12:26","modified_gmt":"2023-07-23T10:12:26","slug":"ruban-adhesif-imprime-et-personnalise","status":"publish","type":"product","link":"https:\/\/stretchfilmplasticosretractilesyfilmsalimentarios.com\/fr\/producto\/ruban-adhesif\/ruban-adhesif-imprime-et-personnalise\/","title":{"rendered":"Ruban adh\u00e9sif imprim\u00e9 et personnalis\u00e9"},"content":{"rendered":"<div class=\"post-content\">\n<div class=\"post-content\">\n<div class=\"post-content\">\n<p>Le <strong>ruban adh\u00e9sif<\/strong> <strong>imprim\u00e9<\/strong> est fabriqu\u00e9 dans diff\u00e9rentes qualit\u00e9s: polypropyl\u00e8ne solvant, polypropyl\u00e8ne acrylique, hot melt et pvc. Nous pouvons imprimer jusqu\u2019\u00e0 3 encres selon les exigences de logo ou d\u2019identification requises par chaque client.<\/p>\n<p>Les largeurs standard sont 12, 19, 25, 30, 38, 48 et 75. Nous pouvons fabriquer d\u2019autres largeurs en fonction des besoins du client.<\/p>\n<p>Le <strong>ruban adh\u00e9sif imprim\u00e9<\/strong> peut \u00eatre fabriqu\u00e9 pour une utilisation manuelle ou automatique.<\/p>\n<\/div>\n<\/div>\n<\/div>\n","protected":false},"excerpt":{"rendered":"<p>Le ruban adh\u00e9sif imprim\u00e9 est fabriqu\u00e9 dans diff\u00e9rentes qualit\u00e9s: polypropyl\u00e8ne solvant, polypropyl\u00e8ne acrylique, hot melt et pvc. Nous pouvons imprimer jusqu\u2019\u00e0 3 encres selon les exigences de logo ou d\u2019identification requises par chaque client. Les largeurs standard sont 12, 19, 25, 30, 38, 48 et 75. Nous pouvons fabriquer d\u2019autres largeurs en fonction des besoins [&hellip;]<\/p>\n","protected":false},"featured_media":2111,"template":"","meta":[],"product_cat":[71],"product_tag":[],"class_list":{"0":"post-2116","1":"product","2":"type-product","3":"status-publish","4":"has-post-thumbnail","6":"product_cat-ruban-adhesif","8":"first","9":"instock","10":"shipping-taxable","11":"product-type-simple"},"yoast_head":"<!-- This site is optimized with the Yoast SEO plugin v24.0 - https:\/\/yoast.com\/wordpress\/plugins\/seo\/ -->\n<title>Ruban adh\u00e9sif imprim\u00e9 et personnalis\u00e9 - Stretch y Retr\u00e1ctil<\/title>\n<meta name=\"robots\" content=\"index, follow, max-snippet:-1, max-image-preview:large, max-video-preview:-1\" \/>\n<link rel=\"canonical\" href=\"https:\/\/stretchfilmplasticosretractilesyfilmsalimentarios.com\/fr\/producto\/ruban-adhesif\/ruban-adhesif-imprime-et-personnalise\/\" \/>\n<meta property=\"og:locale\" content=\"fr_FR\" \/>\n<meta property=\"og:type\" content=\"article\" \/>\n<meta property=\"og:title\" content=\"Ruban adh\u00e9sif imprim\u00e9 et personnalis\u00e9 - Stretch y Retr\u00e1ctil\" \/>\n<meta property=\"og:description\" content=\"Le ruban adh\u00e9sif imprim\u00e9 est fabriqu\u00e9 dans diff\u00e9rentes qualit\u00e9s: polypropyl\u00e8ne solvant, polypropyl\u00e8ne acrylique, hot melt et pvc. Nous pouvons imprimer jusqu\u2019\u00e0 3 encres selon les exigences de logo ou d\u2019identification requises par chaque client. Les largeurs standard sont 12, 19, 25, 30, 38, 48 et 75. Nous pouvons fabriquer d\u2019autres largeurs en fonction des besoins [&hellip;]\" \/>\n<meta property=\"og:url\" content=\"https:\/\/stretchfilmplasticosretractilesyfilmsalimentarios.com\/fr\/producto\/ruban-adhesif\/ruban-adhesif-imprime-et-personnalise\/\" \/>\n<meta property=\"og:site_name\" content=\"Stretch y Retr\u00e1ctil\" \/>\n<meta property=\"article:modified_time\" content=\"2023-07-23T10:12:26+00:00\" \/>\n<meta property=\"og:image\" content=\"https:\/\/stretchfilmplasticosretractilesyfilmsalimentarios.com\/wp-content\/uploads\/cinta-adhesiva-impresa-02.jpg\" \/>\n\t<meta property=\"og:image:width\" content=\"1320\" \/>\n\t<meta property=\"og:image:height\" content=\"742\" \/>\n\t<meta property=\"og:image:type\" content=\"image\/jpeg\" \/>\n<meta name=\"twitter:card\" content=\"summary_large_image\" \/>\n<meta name=\"twitter:label1\" content=\"Dur\u00e9e de lecture estim\u00e9e\" \/>\n\t<meta name=\"twitter:data1\" content=\"1 minute\" \/>\n<script type=\"application\/ld+json\" class=\"yoast-schema-graph\">{\"@context\":\"https:\/\/schema.org\",\"@graph\":[{\"@type\":\"WebPage\",\"@id\":\"https:\/\/stretchfilmplasticosretractilesyfilmsalimentarios.com\/fr\/producto\/ruban-adhesif\/ruban-adhesif-imprime-et-personnalise\/\",\"url\":\"https:\/\/stretchfilmplasticosretractilesyfilmsalimentarios.com\/fr\/producto\/ruban-adhesif\/ruban-adhesif-imprime-et-personnalise\/\",\"name\":\"Ruban adh\u00e9sif imprim\u00e9 et personnalis\u00e9 - Stretch y Retr\u00e1ctil\",\"isPartOf\":{\"@id\":\"https:\/\/stretchfilmplasticosretractilesyfilmsalimentarios.com\/fr\/#website\"},\"primaryImageOfPage\":{\"@id\":\"https:\/\/stretchfilmplasticosretractilesyfilmsalimentarios.com\/fr\/producto\/ruban-adhesif\/ruban-adhesif-imprime-et-personnalise\/#primaryimage\"},\"image\":{\"@id\":\"https:\/\/stretchfilmplasticosretractilesyfilmsalimentarios.com\/fr\/producto\/ruban-adhesif\/ruban-adhesif-imprime-et-personnalise\/#primaryimage\"},\"thumbnailUrl\":\"https:\/\/stretchfilmplasticosretractilesyfilmsalimentarios.com\/wp-content\/uploads\/cinta-adhesiva-impresa-02.jpg\",\"datePublished\":\"2023-07-23T10:09:22+00:00\",\"dateModified\":\"2023-07-23T10:12:26+00:00\",\"breadcrumb\":{\"@id\":\"https:\/\/stretchfilmplasticosretractilesyfilmsalimentarios.com\/fr\/producto\/ruban-adhesif\/ruban-adhesif-imprime-et-personnalise\/#breadcrumb\"},\"inLanguage\":\"fr-FR\",\"potentialAction\":[{\"@type\":\"ReadAction\",\"target\":[\"https:\/\/stretchfilmplasticosretractilesyfilmsalimentarios.com\/fr\/producto\/ruban-adhesif\/ruban-adhesif-imprime-et-personnalise\/\"]}]},{\"@type\":\"ImageObject\",\"inLanguage\":\"fr-FR\",\"@id\":\"https:\/\/stretchfilmplasticosretractilesyfilmsalimentarios.com\/fr\/producto\/ruban-adhesif\/ruban-adhesif-imprime-et-personnalise\/#primaryimage\",\"url\":\"https:\/\/stretchfilmplasticosretractilesyfilmsalimentarios.com\/wp-content\/uploads\/cinta-adhesiva-impresa-02.jpg\",\"contentUrl\":\"https:\/\/stretchfilmplasticosretractilesyfilmsalimentarios.com\/wp-content\/uploads\/cinta-adhesiva-impresa-02.jpg\",\"width\":1320,\"height\":742},{\"@type\":\"BreadcrumbList\",\"@id\":\"https:\/\/stretchfilmplasticosretractilesyfilmsalimentarios.com\/fr\/producto\/ruban-adhesif\/ruban-adhesif-imprime-et-personnalise\/#breadcrumb\",\"itemListElement\":[{\"@type\":\"ListItem\",\"position\":1,\"name\":\"Produits\",\"item\":\"https:\/\/stretchfilmplasticosretractilesyfilmsalimentarios.com\/fr\/produits\/\"},{\"@type\":\"ListItem\",\"position\":2,\"name\":\"Ruban adh\u00e9sif imprim\u00e9 et personnalis\u00e9\"}]},{\"@type\":\"WebSite\",\"@id\":\"https:\/\/stretchfilmplasticosretractilesyfilmsalimentarios.com\/fr\/#website\",\"url\":\"https:\/\/stretchfilmplasticosretractilesyfilmsalimentarios.com\/fr\/\",\"name\":\"Stretch y Retr\u00e1ctil\",\"description\":\"\",\"publisher\":{\"@id\":\"https:\/\/stretchfilmplasticosretractilesyfilmsalimentarios.com\/fr\/#organization\"},\"potentialAction\":[{\"@type\":\"SearchAction\",\"target\":{\"@type\":\"EntryPoint\",\"urlTemplate\":\"https:\/\/stretchfilmplasticosretractilesyfilmsalimentarios.com\/fr\/?s={search_term_string}\"},\"query-input\":{\"@type\":\"PropertyValueSpecification\",\"valueRequired\":true,\"valueName\":\"search_term_string\"}}],\"inLanguage\":\"fr-FR\"},{\"@type\":\"Organization\",\"@id\":\"https:\/\/stretchfilmplasticosretractilesyfilmsalimentarios.com\/fr\/#organization\",\"name\":\"Stretch y Retr\u00e1ctil\",\"url\":\"https:\/\/stretchfilmplasticosretractilesyfilmsalimentarios.com\/fr\/\",\"logo\":{\"@type\":\"ImageObject\",\"inLanguage\":\"fr-FR\",\"@id\":\"https:\/\/stretchfilmplasticosretractilesyfilmsalimentarios.com\/fr\/#\/schema\/logo\/image\/\",\"url\":\"https:\/\/stretchfilmplasticosretractilesyfilmsalimentarios.com\/wp-content\/uploads\/logostretch-sticky.png\",\"contentUrl\":\"https:\/\/stretchfilmplasticosretractilesyfilmsalimentarios.com\/wp-content\/uploads\/logostretch-sticky.png\",\"width\":269,\"height\":64,\"caption\":\"Stretch y Retr\u00e1ctil\"},\"image\":{\"@id\":\"https:\/\/stretchfilmplasticosretractilesyfilmsalimentarios.com\/fr\/#\/schema\/logo\/image\/\"}}]}<\/script>\n<!-- \/ Yoast SEO plugin. -->","yoast_head_json":{"title":"Ruban adh\u00e9sif imprim\u00e9 et personnalis\u00e9 - Stretch y Retr\u00e1ctil","robots":{"index":"index","follow":"follow","max-snippet":"max-snippet:-1","max-image-preview":"max-image-preview:large","max-video-preview":"max-video-preview:-1"},"canonical":"https:\/\/stretchfilmplasticosretractilesyfilmsalimentarios.com\/fr\/producto\/ruban-adhesif\/ruban-adhesif-imprime-et-personnalise\/","og_locale":"fr_FR","og_type":"article","og_title":"Ruban adh\u00e9sif imprim\u00e9 et personnalis\u00e9 - Stretch y Retr\u00e1ctil","og_description":"Le ruban adh\u00e9sif imprim\u00e9 est fabriqu\u00e9 dans diff\u00e9rentes qualit\u00e9s: polypropyl\u00e8ne solvant, polypropyl\u00e8ne acrylique, hot melt et pvc. Nous pouvons imprimer jusqu\u2019\u00e0 3 encres selon les exigences de logo ou d\u2019identification requises par chaque client. Les largeurs standard sont 12, 19, 25, 30, 38, 48 et 75. Nous pouvons fabriquer d\u2019autres largeurs en fonction des besoins [&hellip;]","og_url":"https:\/\/stretchfilmplasticosretractilesyfilmsalimentarios.com\/fr\/producto\/ruban-adhesif\/ruban-adhesif-imprime-et-personnalise\/","og_site_name":"Stretch y Retr\u00e1ctil","article_modified_time":"2023-07-23T10:12:26+00:00","og_image":[{"width":1320,"height":742,"url":"https:\/\/stretchfilmplasticosretractilesyfilmsalimentarios.com\/wp-content\/uploads\/cinta-adhesiva-impresa-02.jpg","type":"image\/jpeg"}],"twitter_card":"summary_large_image","twitter_misc":{"Dur\u00e9e de lecture estim\u00e9e":"1 minute"},"schema":{"@context":"https:\/\/schema.org","@graph":[{"@type":"WebPage","@id":"https:\/\/stretchfilmplasticosretractilesyfilmsalimentarios.com\/fr\/producto\/ruban-adhesif\/ruban-adhesif-imprime-et-personnalise\/","url":"https:\/\/stretchfilmplasticosretractilesyfilmsalimentarios.com\/fr\/producto\/ruban-adhesif\/ruban-adhesif-imprime-et-personnalise\/","name":"Ruban adh\u00e9sif imprim\u00e9 et personnalis\u00e9 - Stretch y Retr\u00e1ctil","isPartOf":{"@id":"https:\/\/stretchfilmplasticosretractilesyfilmsalimentarios.com\/fr\/#website"},"primaryImageOfPage":{"@id":"https:\/\/stretchfilmplasticosretractilesyfilmsalimentarios.com\/fr\/producto\/ruban-adhesif\/ruban-adhesif-imprime-et-personnalise\/#primaryimage"},"image":{"@id":"https:\/\/stretchfilmplasticosretractilesyfilmsalimentarios.com\/fr\/producto\/ruban-adhesif\/ruban-adhesif-imprime-et-personnalise\/#primaryimage"},"thumbnailUrl":"https:\/\/stretchfilmplasticosretractilesyfilmsalimentarios.com\/wp-content\/uploads\/cinta-adhesiva-impresa-02.jpg","datePublished":"2023-07-23T10:09:22+00:00","dateModified":"2023-07-23T10:12:26+00:00","breadcrumb":{"@id":"https:\/\/stretchfilmplasticosretractilesyfilmsalimentarios.com\/fr\/producto\/ruban-adhesif\/ruban-adhesif-imprime-et-personnalise\/#breadcrumb"},"inLanguage":"fr-FR","potentialAction":[{"@type":"ReadAction","target":["https:\/\/stretchfilmplasticosretractilesyfilmsalimentarios.com\/fr\/producto\/ruban-adhesif\/ruban-adhesif-imprime-et-personnalise\/"]}]},{"@type":"ImageObject","inLanguage":"fr-FR","@id":"https:\/\/stretchfilmplasticosretractilesyfilmsalimentarios.com\/fr\/producto\/ruban-adhesif\/ruban-adhesif-imprime-et-personnalise\/#primaryimage","url":"https:\/\/stretchfilmplasticosretractilesyfilmsalimentarios.com\/wp-content\/uploads\/cinta-adhesiva-impresa-02.jpg","contentUrl":"https:\/\/stretchfilmplasticosretractilesyfilmsalimentarios.com\/wp-content\/uploads\/cinta-adhesiva-impresa-02.jpg","width":1320,"height":742},{"@type":"BreadcrumbList","@id":"https:\/\/stretchfilmplasticosretractilesyfilmsalimentarios.com\/fr\/producto\/ruban-adhesif\/ruban-adhesif-imprime-et-personnalise\/#breadcrumb","itemListElement":[{"@type":"ListItem","position":1,"name":"Produits","item":"https:\/\/stretchfilmplasticosretractilesyfilmsalimentarios.com\/fr\/produits\/"},{"@type":"ListItem","position":2,"name":"Ruban adh\u00e9sif imprim\u00e9 et personnalis\u00e9"}]},{"@type":"WebSite","@id":"https:\/\/stretchfilmplasticosretractilesyfilmsalimentarios.com\/fr\/#website","url":"https:\/\/stretchfilmplasticosretractilesyfilmsalimentarios.com\/fr\/","name":"Stretch y Retr\u00e1ctil","description":"","publisher":{"@id":"https:\/\/stretchfilmplasticosretractilesyfilmsalimentarios.com\/fr\/#organization"},"potentialAction":[{"@type":"SearchAction","target":{"@type":"EntryPoint","urlTemplate":"https:\/\/stretchfilmplasticosretractilesyfilmsalimentarios.com\/fr\/?s={search_term_string}"},"query-input":{"@type":"PropertyValueSpecification","valueRequired":true,"valueName":"search_term_string"}}],"inLanguage":"fr-FR"},{"@type":"Organization","@id":"https:\/\/stretchfilmplasticosretractilesyfilmsalimentarios.com\/fr\/#organization","name":"Stretch y Retr\u00e1ctil","url":"https:\/\/stretchfilmplasticosretractilesyfilmsalimentarios.com\/fr\/","logo":{"@type":"ImageObject","inLanguage":"fr-FR","@id":"https:\/\/stretchfilmplasticosretractilesyfilmsalimentarios.com\/fr\/#\/schema\/logo\/image\/","url":"https:\/\/stretchfilmplasticosretractilesyfilmsalimentarios.com\/wp-content\/uploads\/logostretch-sticky.png","contentUrl":"https:\/\/stretchfilmplasticosretractilesyfilmsalimentarios.com\/wp-content\/uploads\/logostretch-sticky.png","width":269,"height":64,"caption":"Stretch y Retr\u00e1ctil"},"image":{"@id":"https:\/\/stretchfilmplasticosretractilesyfilmsalimentarios.com\/fr\/#\/schema\/logo\/image\/"}}]}},"_links":{"self":[{"href":"https:\/\/stretchfilmplasticosretractilesyfilmsalimentarios.com\/fr\/wp-json\/wp\/v2\/product\/2116","targetHints":{"allow":["GET"]}}],"collection":[{"href":"https:\/\/stretchfilmplasticosretractilesyfilmsalimentarios.com\/fr\/wp-json\/wp\/v2\/product"}],"about":[{"href":"https:\/\/stretchfilmplasticosretractilesyfilmsalimentarios.com\/fr\/wp-json\/wp\/v2\/types\/product"}],"wp:featuredmedia":[{"embeddable":true,"href":"https:\/\/stretchfilmplasticosretractilesyfilmsalimentarios.com\/fr\/wp-json\/wp\/v2\/media\/2111"}],"wp:attachment":[{"href":"https:\/\/stretchfilmplasticosretractilesyfilmsalimentarios.com\/fr\/wp-json\/wp\/v2\/media?parent=2116"}],"wp:term":[{"taxonomy":"product_cat","embeddable":true,"href":"https:\/\/stretchfilmplasticosretractilesyfilmsalimentarios.com\/fr\/wp-json\/wp\/v2\/product_cat?post=2116"},{"taxonomy":"product_tag","embeddable":true,"href":"https:\/\/stretchfilmplasticosretractilesyfilmsalimentarios.com\/fr\/wp-json\/wp\/v2\/product_tag?post=2116"}],"curies":[{"name":"wp","href":"https:\/\/api.w.org\/{rel}","templated":true}]}}