{"id":2034,"date":"2023-07-23T09:23:13","date_gmt":"2023-07-23T09:23:13","guid":{"rendered":"https:\/\/85.208.23.146\/~str346us\/producto\/non%20class\u00e9\/fundas-retractiles\/"},"modified":"2023-07-28T08:47:37","modified_gmt":"2023-07-28T08:47:37","slug":"housses-retractables-lames-couvre-palettes","status":"publish","type":"product","link":"https:\/\/stretchfilmplasticosretractilesyfilmsalimentarios.com\/fr\/producto\/housses-retractables-et-coiffes-palettes\/housses-retractables-lames-couvre-palettes\/","title":{"rendered":"Housses Retractables"},"content":{"rendered":"<div class=\"post-content\">\n<p>Les <strong>housses r\u00e9tractables<\/strong> sont en poly\u00e9thyl\u00e8ne et sont g\u00e9n\u00e9ralement utilis\u00e9s au niveau industriel pour r\u00e9tr\u00e9cir des palettes sous l\u2019effet de la chaleur, des containers d\u2019exp\u00e9dition, des pi\u00e8ces d\u2019un volume d\u00e9termin\u00e9 n\u00e9cessitant une protection lors de leur transfert ou de leur stockage, etc. Ces <strong>housses r\u00e9tractables<\/strong> sont \u00e9galement fabriqu\u00e9es dans un mat\u00e9riau non r\u00e9tractable pour une utilisation typique: prot\u00e9ger les si\u00e8ges de v\u00e9hicule dans les ateliers automobiles et similaires, prot\u00e9ger les canap\u00e9s, les pi\u00e8ces n\u00e9cessitant une protection contre l\u2019eau ou la salet\u00e9, etc.<\/p>\n<p>Ils peuvent \u00eatre fabriqu\u00e9s en couleurs neutres, dans les couleurs souhait\u00e9es et imprim\u00e9s selon les besoins du client.<\/p>\n<\/div>\n","protected":false},"excerpt":{"rendered":"<p>Les housses r\u00e9tractables sont en poly\u00e9thyl\u00e8ne et sont g\u00e9n\u00e9ralement utilis\u00e9s au niveau industriel pour r\u00e9tr\u00e9cir des palettes sous l\u2019effet de la chaleur, des containers d\u2019exp\u00e9dition, des pi\u00e8ces d\u2019un volume d\u00e9termin\u00e9 n\u00e9cessitant une protection lors de leur transfert ou de leur stockage, etc. Ces housses r\u00e9tractables sont \u00e9galement fabriqu\u00e9es dans un mat\u00e9riau non r\u00e9tractable pour une [&hellip;]<\/p>\n","protected":false},"featured_media":2043,"template":"","meta":[],"product_cat":[62],"product_tag":[],"class_list":{"0":"post-2034","1":"product","2":"type-product","3":"status-publish","4":"has-post-thumbnail","6":"product_cat-housses-retractables-et-coiffes-palettes","8":"first","9":"instock","10":"shipping-taxable","11":"product-type-simple"},"yoast_head":"<!-- This site is optimized with the Yoast SEO plugin v24.0 - https:\/\/yoast.com\/wordpress\/plugins\/seo\/ -->\n<title>Housses Retractables - Stretch y Retr\u00e1ctil<\/title>\n<meta name=\"robots\" content=\"index, follow, max-snippet:-1, max-image-preview:large, max-video-preview:-1\" \/>\n<link rel=\"canonical\" href=\"https:\/\/stretchfilmplasticosretractilesyfilmsalimentarios.com\/fr\/producto\/housses-retractables-et-coiffes-palettes\/housses-retractables-lames-couvre-palettes\/\" \/>\n<meta property=\"og:locale\" content=\"fr_FR\" \/>\n<meta property=\"og:type\" content=\"article\" \/>\n<meta property=\"og:title\" content=\"Housses Retractables - Stretch y Retr\u00e1ctil\" \/>\n<meta property=\"og:description\" content=\"Les housses r\u00e9tractables sont en poly\u00e9thyl\u00e8ne et sont g\u00e9n\u00e9ralement utilis\u00e9s au niveau industriel pour r\u00e9tr\u00e9cir des palettes sous l\u2019effet de la chaleur, des containers d\u2019exp\u00e9dition, des pi\u00e8ces d\u2019un volume d\u00e9termin\u00e9 n\u00e9cessitant une protection lors de leur transfert ou de leur stockage, etc. Ces housses r\u00e9tractables sont \u00e9galement fabriqu\u00e9es dans un mat\u00e9riau non r\u00e9tractable pour une [&hellip;]\" \/>\n<meta property=\"og:url\" content=\"https:\/\/stretchfilmplasticosretractilesyfilmsalimentarios.com\/fr\/producto\/housses-retractables-et-coiffes-palettes\/housses-retractables-lames-couvre-palettes\/\" \/>\n<meta property=\"og:site_name\" content=\"Stretch y Retr\u00e1ctil\" \/>\n<meta property=\"article:modified_time\" content=\"2023-07-28T08:47:37+00:00\" \/>\n<meta property=\"og:image\" content=\"https:\/\/stretchfilmplasticosretractilesyfilmsalimentarios.com\/wp-content\/uploads\/laminas-cubrepalets-02.jpg\" \/>\n\t<meta property=\"og:image:width\" content=\"1320\" \/>\n\t<meta property=\"og:image:height\" content=\"742\" \/>\n\t<meta property=\"og:image:type\" content=\"image\/jpeg\" \/>\n<meta name=\"twitter:card\" content=\"summary_large_image\" \/>\n<meta name=\"twitter:label1\" content=\"Dur\u00e9e de lecture estim\u00e9e\" \/>\n\t<meta name=\"twitter:data1\" content=\"1 minute\" \/>\n<script type=\"application\/ld+json\" class=\"yoast-schema-graph\">{\"@context\":\"https:\/\/schema.org\",\"@graph\":[{\"@type\":\"WebPage\",\"@id\":\"https:\/\/stretchfilmplasticosretractilesyfilmsalimentarios.com\/fr\/producto\/housses-retractables-et-coiffes-palettes\/housses-retractables-lames-couvre-palettes\/\",\"url\":\"https:\/\/stretchfilmplasticosretractilesyfilmsalimentarios.com\/fr\/producto\/housses-retractables-et-coiffes-palettes\/housses-retractables-lames-couvre-palettes\/\",\"name\":\"Housses Retractables - Stretch y Retr\u00e1ctil\",\"isPartOf\":{\"@id\":\"https:\/\/stretchfilmplasticosretractilesyfilmsalimentarios.com\/fr\/#website\"},\"primaryImageOfPage\":{\"@id\":\"https:\/\/stretchfilmplasticosretractilesyfilmsalimentarios.com\/fr\/producto\/housses-retractables-et-coiffes-palettes\/housses-retractables-lames-couvre-palettes\/#primaryimage\"},\"image\":{\"@id\":\"https:\/\/stretchfilmplasticosretractilesyfilmsalimentarios.com\/fr\/producto\/housses-retractables-et-coiffes-palettes\/housses-retractables-lames-couvre-palettes\/#primaryimage\"},\"thumbnailUrl\":\"https:\/\/stretchfilmplasticosretractilesyfilmsalimentarios.com\/wp-content\/uploads\/laminas-cubrepalets-02.jpg\",\"datePublished\":\"2023-07-23T09:23:13+00:00\",\"dateModified\":\"2023-07-28T08:47:37+00:00\",\"breadcrumb\":{\"@id\":\"https:\/\/stretchfilmplasticosretractilesyfilmsalimentarios.com\/fr\/producto\/housses-retractables-et-coiffes-palettes\/housses-retractables-lames-couvre-palettes\/#breadcrumb\"},\"inLanguage\":\"fr-FR\",\"potentialAction\":[{\"@type\":\"ReadAction\",\"target\":[\"https:\/\/stretchfilmplasticosretractilesyfilmsalimentarios.com\/fr\/producto\/housses-retractables-et-coiffes-palettes\/housses-retractables-lames-couvre-palettes\/\"]}]},{\"@type\":\"ImageObject\",\"inLanguage\":\"fr-FR\",\"@id\":\"https:\/\/stretchfilmplasticosretractilesyfilmsalimentarios.com\/fr\/producto\/housses-retractables-et-coiffes-palettes\/housses-retractables-lames-couvre-palettes\/#primaryimage\",\"url\":\"https:\/\/stretchfilmplasticosretractilesyfilmsalimentarios.com\/wp-content\/uploads\/laminas-cubrepalets-02.jpg\",\"contentUrl\":\"https:\/\/stretchfilmplasticosretractilesyfilmsalimentarios.com\/wp-content\/uploads\/laminas-cubrepalets-02.jpg\",\"width\":1320,\"height\":742},{\"@type\":\"BreadcrumbList\",\"@id\":\"https:\/\/stretchfilmplasticosretractilesyfilmsalimentarios.com\/fr\/producto\/housses-retractables-et-coiffes-palettes\/housses-retractables-lames-couvre-palettes\/#breadcrumb\",\"itemListElement\":[{\"@type\":\"ListItem\",\"position\":1,\"name\":\"Produits\",\"item\":\"https:\/\/stretchfilmplasticosretractilesyfilmsalimentarios.com\/fr\/produits\/\"},{\"@type\":\"ListItem\",\"position\":2,\"name\":\"Housses Retractables\"}]},{\"@type\":\"WebSite\",\"@id\":\"https:\/\/stretchfilmplasticosretractilesyfilmsalimentarios.com\/fr\/#website\",\"url\":\"https:\/\/stretchfilmplasticosretractilesyfilmsalimentarios.com\/fr\/\",\"name\":\"Stretch y Retr\u00e1ctil\",\"description\":\"\",\"publisher\":{\"@id\":\"https:\/\/stretchfilmplasticosretractilesyfilmsalimentarios.com\/fr\/#organization\"},\"potentialAction\":[{\"@type\":\"SearchAction\",\"target\":{\"@type\":\"EntryPoint\",\"urlTemplate\":\"https:\/\/stretchfilmplasticosretractilesyfilmsalimentarios.com\/fr\/?s={search_term_string}\"},\"query-input\":{\"@type\":\"PropertyValueSpecification\",\"valueRequired\":true,\"valueName\":\"search_term_string\"}}],\"inLanguage\":\"fr-FR\"},{\"@type\":\"Organization\",\"@id\":\"https:\/\/stretchfilmplasticosretractilesyfilmsalimentarios.com\/fr\/#organization\",\"name\":\"Stretch y Retr\u00e1ctil\",\"url\":\"https:\/\/stretchfilmplasticosretractilesyfilmsalimentarios.com\/fr\/\",\"logo\":{\"@type\":\"ImageObject\",\"inLanguage\":\"fr-FR\",\"@id\":\"https:\/\/stretchfilmplasticosretractilesyfilmsalimentarios.com\/fr\/#\/schema\/logo\/image\/\",\"url\":\"https:\/\/stretchfilmplasticosretractilesyfilmsalimentarios.com\/wp-content\/uploads\/logostretch-sticky.png\",\"contentUrl\":\"https:\/\/stretchfilmplasticosretractilesyfilmsalimentarios.com\/wp-content\/uploads\/logostretch-sticky.png\",\"width\":269,\"height\":64,\"caption\":\"Stretch y Retr\u00e1ctil\"},\"image\":{\"@id\":\"https:\/\/stretchfilmplasticosretractilesyfilmsalimentarios.com\/fr\/#\/schema\/logo\/image\/\"}}]}<\/script>\n<!-- \/ Yoast SEO plugin. -->","yoast_head_json":{"title":"Housses Retractables - Stretch y Retr\u00e1ctil","robots":{"index":"index","follow":"follow","max-snippet":"max-snippet:-1","max-image-preview":"max-image-preview:large","max-video-preview":"max-video-preview:-1"},"canonical":"https:\/\/stretchfilmplasticosretractilesyfilmsalimentarios.com\/fr\/producto\/housses-retractables-et-coiffes-palettes\/housses-retractables-lames-couvre-palettes\/","og_locale":"fr_FR","og_type":"article","og_title":"Housses Retractables - Stretch y Retr\u00e1ctil","og_description":"Les housses r\u00e9tractables sont en poly\u00e9thyl\u00e8ne et sont g\u00e9n\u00e9ralement utilis\u00e9s au niveau industriel pour r\u00e9tr\u00e9cir des palettes sous l\u2019effet de la chaleur, des containers d\u2019exp\u00e9dition, des pi\u00e8ces d\u2019un volume d\u00e9termin\u00e9 n\u00e9cessitant une protection lors de leur transfert ou de leur stockage, etc. Ces housses r\u00e9tractables sont \u00e9galement fabriqu\u00e9es dans un mat\u00e9riau non r\u00e9tractable pour une [&hellip;]","og_url":"https:\/\/stretchfilmplasticosretractilesyfilmsalimentarios.com\/fr\/producto\/housses-retractables-et-coiffes-palettes\/housses-retractables-lames-couvre-palettes\/","og_site_name":"Stretch y Retr\u00e1ctil","article_modified_time":"2023-07-28T08:47:37+00:00","og_image":[{"width":1320,"height":742,"url":"https:\/\/stretchfilmplasticosretractilesyfilmsalimentarios.com\/wp-content\/uploads\/laminas-cubrepalets-02.jpg","type":"image\/jpeg"}],"twitter_card":"summary_large_image","twitter_misc":{"Dur\u00e9e de lecture estim\u00e9e":"1 minute"},"schema":{"@context":"https:\/\/schema.org","@graph":[{"@type":"WebPage","@id":"https:\/\/stretchfilmplasticosretractilesyfilmsalimentarios.com\/fr\/producto\/housses-retractables-et-coiffes-palettes\/housses-retractables-lames-couvre-palettes\/","url":"https:\/\/stretchfilmplasticosretractilesyfilmsalimentarios.com\/fr\/producto\/housses-retractables-et-coiffes-palettes\/housses-retractables-lames-couvre-palettes\/","name":"Housses Retractables - Stretch y Retr\u00e1ctil","isPartOf":{"@id":"https:\/\/stretchfilmplasticosretractilesyfilmsalimentarios.com\/fr\/#website"},"primaryImageOfPage":{"@id":"https:\/\/stretchfilmplasticosretractilesyfilmsalimentarios.com\/fr\/producto\/housses-retractables-et-coiffes-palettes\/housses-retractables-lames-couvre-palettes\/#primaryimage"},"image":{"@id":"https:\/\/stretchfilmplasticosretractilesyfilmsalimentarios.com\/fr\/producto\/housses-retractables-et-coiffes-palettes\/housses-retractables-lames-couvre-palettes\/#primaryimage"},"thumbnailUrl":"https:\/\/stretchfilmplasticosretractilesyfilmsalimentarios.com\/wp-content\/uploads\/laminas-cubrepalets-02.jpg","datePublished":"2023-07-23T09:23:13+00:00","dateModified":"2023-07-28T08:47:37+00:00","breadcrumb":{"@id":"https:\/\/stretchfilmplasticosretractilesyfilmsalimentarios.com\/fr\/producto\/housses-retractables-et-coiffes-palettes\/housses-retractables-lames-couvre-palettes\/#breadcrumb"},"inLanguage":"fr-FR","potentialAction":[{"@type":"ReadAction","target":["https:\/\/stretchfilmplasticosretractilesyfilmsalimentarios.com\/fr\/producto\/housses-retractables-et-coiffes-palettes\/housses-retractables-lames-couvre-palettes\/"]}]},{"@type":"ImageObject","inLanguage":"fr-FR","@id":"https:\/\/stretchfilmplasticosretractilesyfilmsalimentarios.com\/fr\/producto\/housses-retractables-et-coiffes-palettes\/housses-retractables-lames-couvre-palettes\/#primaryimage","url":"https:\/\/stretchfilmplasticosretractilesyfilmsalimentarios.com\/wp-content\/uploads\/laminas-cubrepalets-02.jpg","contentUrl":"https:\/\/stretchfilmplasticosretractilesyfilmsalimentarios.com\/wp-content\/uploads\/laminas-cubrepalets-02.jpg","width":1320,"height":742},{"@type":"BreadcrumbList","@id":"https:\/\/stretchfilmplasticosretractilesyfilmsalimentarios.com\/fr\/producto\/housses-retractables-et-coiffes-palettes\/housses-retractables-lames-couvre-palettes\/#breadcrumb","itemListElement":[{"@type":"ListItem","position":1,"name":"Produits","item":"https:\/\/stretchfilmplasticosretractilesyfilmsalimentarios.com\/fr\/produits\/"},{"@type":"ListItem","position":2,"name":"Housses Retractables"}]},{"@type":"WebSite","@id":"https:\/\/stretchfilmplasticosretractilesyfilmsalimentarios.com\/fr\/#website","url":"https:\/\/stretchfilmplasticosretractilesyfilmsalimentarios.com\/fr\/","name":"Stretch y Retr\u00e1ctil","description":"","publisher":{"@id":"https:\/\/stretchfilmplasticosretractilesyfilmsalimentarios.com\/fr\/#organization"},"potentialAction":[{"@type":"SearchAction","target":{"@type":"EntryPoint","urlTemplate":"https:\/\/stretchfilmplasticosretractilesyfilmsalimentarios.com\/fr\/?s={search_term_string}"},"query-input":{"@type":"PropertyValueSpecification","valueRequired":true,"valueName":"search_term_string"}}],"inLanguage":"fr-FR"},{"@type":"Organization","@id":"https:\/\/stretchfilmplasticosretractilesyfilmsalimentarios.com\/fr\/#organization","name":"Stretch y Retr\u00e1ctil","url":"https:\/\/stretchfilmplasticosretractilesyfilmsalimentarios.com\/fr\/","logo":{"@type":"ImageObject","inLanguage":"fr-FR","@id":"https:\/\/stretchfilmplasticosretractilesyfilmsalimentarios.com\/fr\/#\/schema\/logo\/image\/","url":"https:\/\/stretchfilmplasticosretractilesyfilmsalimentarios.com\/wp-content\/uploads\/logostretch-sticky.png","contentUrl":"https:\/\/stretchfilmplasticosretractilesyfilmsalimentarios.com\/wp-content\/uploads\/logostretch-sticky.png","width":269,"height":64,"caption":"Stretch y Retr\u00e1ctil"},"image":{"@id":"https:\/\/stretchfilmplasticosretractilesyfilmsalimentarios.com\/fr\/#\/schema\/logo\/image\/"}}]}},"_links":{"self":[{"href":"https:\/\/stretchfilmplasticosretractilesyfilmsalimentarios.com\/fr\/wp-json\/wp\/v2\/product\/2034","targetHints":{"allow":["GET"]}}],"collection":[{"href":"https:\/\/stretchfilmplasticosretractilesyfilmsalimentarios.com\/fr\/wp-json\/wp\/v2\/product"}],"about":[{"href":"https:\/\/stretchfilmplasticosretractilesyfilmsalimentarios.com\/fr\/wp-json\/wp\/v2\/types\/product"}],"wp:featuredmedia":[{"embeddable":true,"href":"https:\/\/stretchfilmplasticosretractilesyfilmsalimentarios.com\/fr\/wp-json\/wp\/v2\/media\/2043"}],"wp:attachment":[{"href":"https:\/\/stretchfilmplasticosretractilesyfilmsalimentarios.com\/fr\/wp-json\/wp\/v2\/media?parent=2034"}],"wp:term":[{"taxonomy":"product_cat","embeddable":true,"href":"https:\/\/stretchfilmplasticosretractilesyfilmsalimentarios.com\/fr\/wp-json\/wp\/v2\/product_cat?post=2034"},{"taxonomy":"product_tag","embeddable":true,"href":"https:\/\/stretchfilmplasticosretractilesyfilmsalimentarios.com\/fr\/wp-json\/wp\/v2\/product_tag?post=2034"}],"curies":[{"name":"wp","href":"https:\/\/api.w.org\/{rel}","templated":true}]}}