{"id":1988,"date":"2023-07-23T08:36:18","date_gmt":"2023-07-23T08:36:18","guid":{"rendered":"https:\/\/85.208.23.146\/~str346us\/producto\/non%20class\u00e9\/bolsas-para-uso-industrial\/"},"modified":"2023-07-23T08:38:52","modified_gmt":"2023-07-23T08:38:52","slug":"sacs-industriels","status":"publish","type":"product","link":"https:\/\/stretchfilmplasticosretractilesyfilmsalimentarios.com\/fr\/producto\/sachets-plastiques\/sacs-industriels\/","title":{"rendered":"Sacs industriels"},"content":{"rendered":"<p><strong>Sacs industriels en plastique<\/strong> poly\u00e9thyl\u00e8ne pour l\u2019industrie dans toutes sortes de tailles, d\u2019\u00e9paisseurs et de couleurs. Ces sacs \u00e0 usage industriel sont fabriqu\u00e9s sur mesure en fonction de l\u2019utilisation et des exigences du client. Vous pouvez \u00e9galement <strong>imprimer jusqu\u2019\u00e0 6 couleurs<\/strong> pour les personnaliser avec votre logo ou votre marque.<\/p>\n","protected":false},"excerpt":{"rendered":"<p>Sacs industriels en plastique poly\u00e9thyl\u00e8ne pour l\u2019industrie dans toutes sortes de tailles, d\u2019\u00e9paisseurs et de couleurs. Ces sacs \u00e0 usage industriel sont fabriqu\u00e9s sur mesure en fonction de l\u2019utilisation et des exigences du client. Vous pouvez \u00e9galement imprimer jusqu\u2019\u00e0 6 couleurs pour les personnaliser avec votre logo ou votre marque.<\/p>\n","protected":false},"featured_media":1983,"template":"","meta":[],"product_cat":[59],"product_tag":[],"class_list":{"0":"post-1988","1":"product","2":"type-product","3":"status-publish","4":"has-post-thumbnail","6":"product_cat-sachets-plastiques","8":"first","9":"instock","10":"shipping-taxable","11":"product-type-simple"},"yoast_head":"<!-- This site is optimized with the Yoast SEO plugin v24.0 - https:\/\/yoast.com\/wordpress\/plugins\/seo\/ -->\n<title>Sacs industriels - Stretch y Retr\u00e1ctil<\/title>\n<meta name=\"robots\" content=\"index, follow, max-snippet:-1, max-image-preview:large, max-video-preview:-1\" \/>\n<link rel=\"canonical\" href=\"https:\/\/stretchfilmplasticosretractilesyfilmsalimentarios.com\/fr\/producto\/sachets-plastiques\/sacs-industriels\/\" \/>\n<meta property=\"og:locale\" content=\"fr_FR\" \/>\n<meta property=\"og:type\" content=\"article\" \/>\n<meta property=\"og:title\" content=\"Sacs industriels - Stretch y Retr\u00e1ctil\" \/>\n<meta property=\"og:description\" content=\"Sacs industriels en plastique poly\u00e9thyl\u00e8ne pour l\u2019industrie dans toutes sortes de tailles, d\u2019\u00e9paisseurs et de couleurs. Ces sacs \u00e0 usage industriel sont fabriqu\u00e9s sur mesure en fonction de l\u2019utilisation et des exigences du client. Vous pouvez \u00e9galement imprimer jusqu\u2019\u00e0 6 couleurs pour les personnaliser avec votre logo ou votre marque.\" \/>\n<meta property=\"og:url\" content=\"https:\/\/stretchfilmplasticosretractilesyfilmsalimentarios.com\/fr\/producto\/sachets-plastiques\/sacs-industriels\/\" \/>\n<meta property=\"og:site_name\" content=\"Stretch y Retr\u00e1ctil\" \/>\n<meta property=\"article:modified_time\" content=\"2023-07-23T08:38:52+00:00\" \/>\n<meta property=\"og:image\" content=\"https:\/\/stretchfilmplasticosretractilesyfilmsalimentarios.com\/wp-content\/uploads\/bolsa-industrial-01.jpg\" \/>\n\t<meta property=\"og:image:width\" content=\"1320\" \/>\n\t<meta property=\"og:image:height\" content=\"742\" \/>\n\t<meta property=\"og:image:type\" content=\"image\/jpeg\" \/>\n<meta name=\"twitter:card\" content=\"summary_large_image\" \/>\n<meta name=\"twitter:label1\" content=\"Dur\u00e9e de lecture estim\u00e9e\" \/>\n\t<meta name=\"twitter:data1\" content=\"1 minute\" \/>\n<script type=\"application\/ld+json\" class=\"yoast-schema-graph\">{\"@context\":\"https:\/\/schema.org\",\"@graph\":[{\"@type\":\"WebPage\",\"@id\":\"https:\/\/stretchfilmplasticosretractilesyfilmsalimentarios.com\/fr\/producto\/sachets-plastiques\/sacs-industriels\/\",\"url\":\"https:\/\/stretchfilmplasticosretractilesyfilmsalimentarios.com\/fr\/producto\/sachets-plastiques\/sacs-industriels\/\",\"name\":\"Sacs industriels - Stretch y Retr\u00e1ctil\",\"isPartOf\":{\"@id\":\"https:\/\/stretchfilmplasticosretractilesyfilmsalimentarios.com\/fr\/#website\"},\"primaryImageOfPage\":{\"@id\":\"https:\/\/stretchfilmplasticosretractilesyfilmsalimentarios.com\/fr\/producto\/sachets-plastiques\/sacs-industriels\/#primaryimage\"},\"image\":{\"@id\":\"https:\/\/stretchfilmplasticosretractilesyfilmsalimentarios.com\/fr\/producto\/sachets-plastiques\/sacs-industriels\/#primaryimage\"},\"thumbnailUrl\":\"https:\/\/stretchfilmplasticosretractilesyfilmsalimentarios.com\/wp-content\/uploads\/bolsa-industrial-01.jpg\",\"datePublished\":\"2023-07-23T08:36:18+00:00\",\"dateModified\":\"2023-07-23T08:38:52+00:00\",\"breadcrumb\":{\"@id\":\"https:\/\/stretchfilmplasticosretractilesyfilmsalimentarios.com\/fr\/producto\/sachets-plastiques\/sacs-industriels\/#breadcrumb\"},\"inLanguage\":\"fr-FR\",\"potentialAction\":[{\"@type\":\"ReadAction\",\"target\":[\"https:\/\/stretchfilmplasticosretractilesyfilmsalimentarios.com\/fr\/producto\/sachets-plastiques\/sacs-industriels\/\"]}]},{\"@type\":\"ImageObject\",\"inLanguage\":\"fr-FR\",\"@id\":\"https:\/\/stretchfilmplasticosretractilesyfilmsalimentarios.com\/fr\/producto\/sachets-plastiques\/sacs-industriels\/#primaryimage\",\"url\":\"https:\/\/stretchfilmplasticosretractilesyfilmsalimentarios.com\/wp-content\/uploads\/bolsa-industrial-01.jpg\",\"contentUrl\":\"https:\/\/stretchfilmplasticosretractilesyfilmsalimentarios.com\/wp-content\/uploads\/bolsa-industrial-01.jpg\",\"width\":1320,\"height\":742},{\"@type\":\"BreadcrumbList\",\"@id\":\"https:\/\/stretchfilmplasticosretractilesyfilmsalimentarios.com\/fr\/producto\/sachets-plastiques\/sacs-industriels\/#breadcrumb\",\"itemListElement\":[{\"@type\":\"ListItem\",\"position\":1,\"name\":\"Produits\",\"item\":\"https:\/\/stretchfilmplasticosretractilesyfilmsalimentarios.com\/fr\/produits\/\"},{\"@type\":\"ListItem\",\"position\":2,\"name\":\"Sacs industriels\"}]},{\"@type\":\"WebSite\",\"@id\":\"https:\/\/stretchfilmplasticosretractilesyfilmsalimentarios.com\/fr\/#website\",\"url\":\"https:\/\/stretchfilmplasticosretractilesyfilmsalimentarios.com\/fr\/\",\"name\":\"Stretch y Retr\u00e1ctil\",\"description\":\"\",\"publisher\":{\"@id\":\"https:\/\/stretchfilmplasticosretractilesyfilmsalimentarios.com\/fr\/#organization\"},\"potentialAction\":[{\"@type\":\"SearchAction\",\"target\":{\"@type\":\"EntryPoint\",\"urlTemplate\":\"https:\/\/stretchfilmplasticosretractilesyfilmsalimentarios.com\/fr\/?s={search_term_string}\"},\"query-input\":{\"@type\":\"PropertyValueSpecification\",\"valueRequired\":true,\"valueName\":\"search_term_string\"}}],\"inLanguage\":\"fr-FR\"},{\"@type\":\"Organization\",\"@id\":\"https:\/\/stretchfilmplasticosretractilesyfilmsalimentarios.com\/fr\/#organization\",\"name\":\"Stretch y Retr\u00e1ctil\",\"url\":\"https:\/\/stretchfilmplasticosretractilesyfilmsalimentarios.com\/fr\/\",\"logo\":{\"@type\":\"ImageObject\",\"inLanguage\":\"fr-FR\",\"@id\":\"https:\/\/stretchfilmplasticosretractilesyfilmsalimentarios.com\/fr\/#\/schema\/logo\/image\/\",\"url\":\"https:\/\/stretchfilmplasticosretractilesyfilmsalimentarios.com\/wp-content\/uploads\/logostretch-sticky.png\",\"contentUrl\":\"https:\/\/stretchfilmplasticosretractilesyfilmsalimentarios.com\/wp-content\/uploads\/logostretch-sticky.png\",\"width\":269,\"height\":64,\"caption\":\"Stretch y Retr\u00e1ctil\"},\"image\":{\"@id\":\"https:\/\/stretchfilmplasticosretractilesyfilmsalimentarios.com\/fr\/#\/schema\/logo\/image\/\"}}]}<\/script>\n<!-- \/ Yoast SEO plugin. -->","yoast_head_json":{"title":"Sacs industriels - Stretch y Retr\u00e1ctil","robots":{"index":"index","follow":"follow","max-snippet":"max-snippet:-1","max-image-preview":"max-image-preview:large","max-video-preview":"max-video-preview:-1"},"canonical":"https:\/\/stretchfilmplasticosretractilesyfilmsalimentarios.com\/fr\/producto\/sachets-plastiques\/sacs-industriels\/","og_locale":"fr_FR","og_type":"article","og_title":"Sacs industriels - Stretch y Retr\u00e1ctil","og_description":"Sacs industriels en plastique poly\u00e9thyl\u00e8ne pour l\u2019industrie dans toutes sortes de tailles, d\u2019\u00e9paisseurs et de couleurs. Ces sacs \u00e0 usage industriel sont fabriqu\u00e9s sur mesure en fonction de l\u2019utilisation et des exigences du client. Vous pouvez \u00e9galement imprimer jusqu\u2019\u00e0 6 couleurs pour les personnaliser avec votre logo ou votre marque.","og_url":"https:\/\/stretchfilmplasticosretractilesyfilmsalimentarios.com\/fr\/producto\/sachets-plastiques\/sacs-industriels\/","og_site_name":"Stretch y Retr\u00e1ctil","article_modified_time":"2023-07-23T08:38:52+00:00","og_image":[{"width":1320,"height":742,"url":"https:\/\/stretchfilmplasticosretractilesyfilmsalimentarios.com\/wp-content\/uploads\/bolsa-industrial-01.jpg","type":"image\/jpeg"}],"twitter_card":"summary_large_image","twitter_misc":{"Dur\u00e9e de lecture estim\u00e9e":"1 minute"},"schema":{"@context":"https:\/\/schema.org","@graph":[{"@type":"WebPage","@id":"https:\/\/stretchfilmplasticosretractilesyfilmsalimentarios.com\/fr\/producto\/sachets-plastiques\/sacs-industriels\/","url":"https:\/\/stretchfilmplasticosretractilesyfilmsalimentarios.com\/fr\/producto\/sachets-plastiques\/sacs-industriels\/","name":"Sacs industriels - Stretch y Retr\u00e1ctil","isPartOf":{"@id":"https:\/\/stretchfilmplasticosretractilesyfilmsalimentarios.com\/fr\/#website"},"primaryImageOfPage":{"@id":"https:\/\/stretchfilmplasticosretractilesyfilmsalimentarios.com\/fr\/producto\/sachets-plastiques\/sacs-industriels\/#primaryimage"},"image":{"@id":"https:\/\/stretchfilmplasticosretractilesyfilmsalimentarios.com\/fr\/producto\/sachets-plastiques\/sacs-industriels\/#primaryimage"},"thumbnailUrl":"https:\/\/stretchfilmplasticosretractilesyfilmsalimentarios.com\/wp-content\/uploads\/bolsa-industrial-01.jpg","datePublished":"2023-07-23T08:36:18+00:00","dateModified":"2023-07-23T08:38:52+00:00","breadcrumb":{"@id":"https:\/\/stretchfilmplasticosretractilesyfilmsalimentarios.com\/fr\/producto\/sachets-plastiques\/sacs-industriels\/#breadcrumb"},"inLanguage":"fr-FR","potentialAction":[{"@type":"ReadAction","target":["https:\/\/stretchfilmplasticosretractilesyfilmsalimentarios.com\/fr\/producto\/sachets-plastiques\/sacs-industriels\/"]}]},{"@type":"ImageObject","inLanguage":"fr-FR","@id":"https:\/\/stretchfilmplasticosretractilesyfilmsalimentarios.com\/fr\/producto\/sachets-plastiques\/sacs-industriels\/#primaryimage","url":"https:\/\/stretchfilmplasticosretractilesyfilmsalimentarios.com\/wp-content\/uploads\/bolsa-industrial-01.jpg","contentUrl":"https:\/\/stretchfilmplasticosretractilesyfilmsalimentarios.com\/wp-content\/uploads\/bolsa-industrial-01.jpg","width":1320,"height":742},{"@type":"BreadcrumbList","@id":"https:\/\/stretchfilmplasticosretractilesyfilmsalimentarios.com\/fr\/producto\/sachets-plastiques\/sacs-industriels\/#breadcrumb","itemListElement":[{"@type":"ListItem","position":1,"name":"Produits","item":"https:\/\/stretchfilmplasticosretractilesyfilmsalimentarios.com\/fr\/produits\/"},{"@type":"ListItem","position":2,"name":"Sacs industriels"}]},{"@type":"WebSite","@id":"https:\/\/stretchfilmplasticosretractilesyfilmsalimentarios.com\/fr\/#website","url":"https:\/\/stretchfilmplasticosretractilesyfilmsalimentarios.com\/fr\/","name":"Stretch y Retr\u00e1ctil","description":"","publisher":{"@id":"https:\/\/stretchfilmplasticosretractilesyfilmsalimentarios.com\/fr\/#organization"},"potentialAction":[{"@type":"SearchAction","target":{"@type":"EntryPoint","urlTemplate":"https:\/\/stretchfilmplasticosretractilesyfilmsalimentarios.com\/fr\/?s={search_term_string}"},"query-input":{"@type":"PropertyValueSpecification","valueRequired":true,"valueName":"search_term_string"}}],"inLanguage":"fr-FR"},{"@type":"Organization","@id":"https:\/\/stretchfilmplasticosretractilesyfilmsalimentarios.com\/fr\/#organization","name":"Stretch y Retr\u00e1ctil","url":"https:\/\/stretchfilmplasticosretractilesyfilmsalimentarios.com\/fr\/","logo":{"@type":"ImageObject","inLanguage":"fr-FR","@id":"https:\/\/stretchfilmplasticosretractilesyfilmsalimentarios.com\/fr\/#\/schema\/logo\/image\/","url":"https:\/\/stretchfilmplasticosretractilesyfilmsalimentarios.com\/wp-content\/uploads\/logostretch-sticky.png","contentUrl":"https:\/\/stretchfilmplasticosretractilesyfilmsalimentarios.com\/wp-content\/uploads\/logostretch-sticky.png","width":269,"height":64,"caption":"Stretch y Retr\u00e1ctil"},"image":{"@id":"https:\/\/stretchfilmplasticosretractilesyfilmsalimentarios.com\/fr\/#\/schema\/logo\/image\/"}}]}},"_links":{"self":[{"href":"https:\/\/stretchfilmplasticosretractilesyfilmsalimentarios.com\/fr\/wp-json\/wp\/v2\/product\/1988","targetHints":{"allow":["GET"]}}],"collection":[{"href":"https:\/\/stretchfilmplasticosretractilesyfilmsalimentarios.com\/fr\/wp-json\/wp\/v2\/product"}],"about":[{"href":"https:\/\/stretchfilmplasticosretractilesyfilmsalimentarios.com\/fr\/wp-json\/wp\/v2\/types\/product"}],"wp:featuredmedia":[{"embeddable":true,"href":"https:\/\/stretchfilmplasticosretractilesyfilmsalimentarios.com\/fr\/wp-json\/wp\/v2\/media\/1983"}],"wp:attachment":[{"href":"https:\/\/stretchfilmplasticosretractilesyfilmsalimentarios.com\/fr\/wp-json\/wp\/v2\/media?parent=1988"}],"wp:term":[{"taxonomy":"product_cat","embeddable":true,"href":"https:\/\/stretchfilmplasticosretractilesyfilmsalimentarios.com\/fr\/wp-json\/wp\/v2\/product_cat?post=1988"},{"taxonomy":"product_tag","embeddable":true,"href":"https:\/\/stretchfilmplasticosretractilesyfilmsalimentarios.com\/fr\/wp-json\/wp\/v2\/product_tag?post=1988"}],"curies":[{"name":"wp","href":"https:\/\/api.w.org\/{rel}","templated":true}]}}