{"id":1936,"date":"2023-07-22T23:59:11","date_gmt":"2023-07-22T23:59:11","guid":{"rendered":"https:\/\/85.208.23.146\/~str346us\/producto\/non%20class\u00e9\/film-alimentario-de-polietileno-pe-food-stretch\/"},"modified":"2023-07-23T00:02:19","modified_gmt":"2023-07-23T00:02:19","slug":"film-alimentaire-de-polyethylene-pe-food-stretch","status":"publish","type":"product","link":"https:\/\/stretchfilmplasticosretractilesyfilmsalimentarios.com\/fr\/producto\/film-alimentaire\/film-alimentaire-de-polyethylene-pe-food-stretch\/","title":{"rendered":"Film alimentaire de poly\u00e9thyl\u00e8ne PE Food Stretch"},"content":{"rendered":"<div id=\"tab-description\" class=\"woocommerce-Tabs-panel woocommerce-Tabs-panel--description panel entry-content wc-tab\" role=\"tabpanel\" aria-labelledby=\"tab-title-description\">\n<div class=\"post-content\">\n<p><strong>PE Food Stretch<\/strong> est un <strong>film alimentaire<\/strong> fabriqu\u00e9 uniquement avec du poly\u00e9thyl\u00e8ne, il est donc recyclable \u00e0 100%.<\/p>\n<\/div>\n<div class=\"post-content\">C\u2019est un <strong>film alimentaire<\/strong> de type \u00e9tirable qui, en raison de sa grande \u00e9lasticit\u00e9, s\u2019adapte parfaitement au contenu et pr\u00e9sente une tr\u00e8s grande r\u00e9sistance. Il offre \u00e9galement un degr\u00e9 \u00e9lev\u00e9 de transparence et de brillance pour le conditionnement de tous types de produits alimentaires.<\/div>\n<div><\/div>\n<div class=\"post-content\">Le <strong>film alimentaire<\/strong> PE Food Stretch est utilis\u00e9 pour emballer et prot\u00e9ger les aliments, directement ou dans des plateaux.<\/div>\n<\/div>\n","protected":false},"excerpt":{"rendered":"<p>PE Food Stretch est un film alimentaire fabriqu\u00e9 uniquement avec du poly\u00e9thyl\u00e8ne, il est donc recyclable \u00e0 100%. C\u2019est un film alimentaire de type \u00e9tirable qui, en raison de sa grande \u00e9lasticit\u00e9, s\u2019adapte parfaitement au contenu et pr\u00e9sente une tr\u00e8s grande r\u00e9sistance. Il offre \u00e9galement un degr\u00e9 \u00e9lev\u00e9 de transparence et de brillance pour le [&hellip;]<\/p>\n","protected":false},"featured_media":1926,"template":"","meta":[],"product_cat":[56],"product_tag":[],"class_list":{"0":"post-1936","1":"product","2":"type-product","3":"status-publish","4":"has-post-thumbnail","6":"product_cat-film-alimentaire","8":"first","9":"instock","10":"shipping-taxable","11":"product-type-simple"},"yoast_head":"<!-- This site is optimized with the Yoast SEO plugin v24.0 - https:\/\/yoast.com\/wordpress\/plugins\/seo\/ -->\n<title>Film alimentaire de poly\u00e9thyl\u00e8ne PE Food Stretch - Stretch y Retr\u00e1ctil<\/title>\n<meta name=\"robots\" content=\"index, follow, max-snippet:-1, max-image-preview:large, max-video-preview:-1\" \/>\n<link rel=\"canonical\" href=\"https:\/\/stretchfilmplasticosretractilesyfilmsalimentarios.com\/fr\/producto\/film-alimentaire\/film-alimentaire-de-polyethylene-pe-food-stretch\/\" \/>\n<meta property=\"og:locale\" content=\"fr_FR\" \/>\n<meta property=\"og:type\" content=\"article\" \/>\n<meta property=\"og:title\" content=\"Film alimentaire de poly\u00e9thyl\u00e8ne PE Food Stretch - Stretch y Retr\u00e1ctil\" \/>\n<meta property=\"og:description\" content=\"PE Food Stretch est un film alimentaire fabriqu\u00e9 uniquement avec du poly\u00e9thyl\u00e8ne, il est donc recyclable \u00e0 100%. C\u2019est un film alimentaire de type \u00e9tirable qui, en raison de sa grande \u00e9lasticit\u00e9, s\u2019adapte parfaitement au contenu et pr\u00e9sente une tr\u00e8s grande r\u00e9sistance. Il offre \u00e9galement un degr\u00e9 \u00e9lev\u00e9 de transparence et de brillance pour le [&hellip;]\" \/>\n<meta property=\"og:url\" content=\"https:\/\/stretchfilmplasticosretractilesyfilmsalimentarios.com\/fr\/producto\/film-alimentaire\/film-alimentaire-de-polyethylene-pe-food-stretch\/\" \/>\n<meta property=\"og:site_name\" content=\"Stretch y Retr\u00e1ctil\" \/>\n<meta property=\"article:modified_time\" content=\"2023-07-23T00:02:19+00:00\" \/>\n<meta property=\"og:image\" content=\"https:\/\/stretchfilmplasticosretractilesyfilmsalimentarios.com\/wp-content\/uploads\/film-alimentario-polietileno-01.jpg\" \/>\n\t<meta property=\"og:image:width\" content=\"500\" \/>\n\t<meta property=\"og:image:height\" content=\"324\" \/>\n\t<meta property=\"og:image:type\" content=\"image\/jpeg\" \/>\n<meta name=\"twitter:card\" content=\"summary_large_image\" \/>\n<meta name=\"twitter:label1\" content=\"Dur\u00e9e de lecture estim\u00e9e\" \/>\n\t<meta name=\"twitter:data1\" content=\"1 minute\" \/>\n<script type=\"application\/ld+json\" class=\"yoast-schema-graph\">{\"@context\":\"https:\/\/schema.org\",\"@graph\":[{\"@type\":\"WebPage\",\"@id\":\"https:\/\/stretchfilmplasticosretractilesyfilmsalimentarios.com\/fr\/producto\/film-alimentaire\/film-alimentaire-de-polyethylene-pe-food-stretch\/\",\"url\":\"https:\/\/stretchfilmplasticosretractilesyfilmsalimentarios.com\/fr\/producto\/film-alimentaire\/film-alimentaire-de-polyethylene-pe-food-stretch\/\",\"name\":\"Film alimentaire de poly\u00e9thyl\u00e8ne PE Food Stretch - Stretch y Retr\u00e1ctil\",\"isPartOf\":{\"@id\":\"https:\/\/stretchfilmplasticosretractilesyfilmsalimentarios.com\/fr\/#website\"},\"primaryImageOfPage\":{\"@id\":\"https:\/\/stretchfilmplasticosretractilesyfilmsalimentarios.com\/fr\/producto\/film-alimentaire\/film-alimentaire-de-polyethylene-pe-food-stretch\/#primaryimage\"},\"image\":{\"@id\":\"https:\/\/stretchfilmplasticosretractilesyfilmsalimentarios.com\/fr\/producto\/film-alimentaire\/film-alimentaire-de-polyethylene-pe-food-stretch\/#primaryimage\"},\"thumbnailUrl\":\"https:\/\/stretchfilmplasticosretractilesyfilmsalimentarios.com\/wp-content\/uploads\/film-alimentario-polietileno-01.jpg\",\"datePublished\":\"2023-07-22T23:59:11+00:00\",\"dateModified\":\"2023-07-23T00:02:19+00:00\",\"breadcrumb\":{\"@id\":\"https:\/\/stretchfilmplasticosretractilesyfilmsalimentarios.com\/fr\/producto\/film-alimentaire\/film-alimentaire-de-polyethylene-pe-food-stretch\/#breadcrumb\"},\"inLanguage\":\"fr-FR\",\"potentialAction\":[{\"@type\":\"ReadAction\",\"target\":[\"https:\/\/stretchfilmplasticosretractilesyfilmsalimentarios.com\/fr\/producto\/film-alimentaire\/film-alimentaire-de-polyethylene-pe-food-stretch\/\"]}]},{\"@type\":\"ImageObject\",\"inLanguage\":\"fr-FR\",\"@id\":\"https:\/\/stretchfilmplasticosretractilesyfilmsalimentarios.com\/fr\/producto\/film-alimentaire\/film-alimentaire-de-polyethylene-pe-food-stretch\/#primaryimage\",\"url\":\"https:\/\/stretchfilmplasticosretractilesyfilmsalimentarios.com\/wp-content\/uploads\/film-alimentario-polietileno-01.jpg\",\"contentUrl\":\"https:\/\/stretchfilmplasticosretractilesyfilmsalimentarios.com\/wp-content\/uploads\/film-alimentario-polietileno-01.jpg\",\"width\":500,\"height\":324},{\"@type\":\"BreadcrumbList\",\"@id\":\"https:\/\/stretchfilmplasticosretractilesyfilmsalimentarios.com\/fr\/producto\/film-alimentaire\/film-alimentaire-de-polyethylene-pe-food-stretch\/#breadcrumb\",\"itemListElement\":[{\"@type\":\"ListItem\",\"position\":1,\"name\":\"Produits\",\"item\":\"https:\/\/stretchfilmplasticosretractilesyfilmsalimentarios.com\/fr\/produits\/\"},{\"@type\":\"ListItem\",\"position\":2,\"name\":\"Film alimentaire de poly\u00e9thyl\u00e8ne PE Food Stretch\"}]},{\"@type\":\"WebSite\",\"@id\":\"https:\/\/stretchfilmplasticosretractilesyfilmsalimentarios.com\/fr\/#website\",\"url\":\"https:\/\/stretchfilmplasticosretractilesyfilmsalimentarios.com\/fr\/\",\"name\":\"Stretch y Retr\u00e1ctil\",\"description\":\"\",\"publisher\":{\"@id\":\"https:\/\/stretchfilmplasticosretractilesyfilmsalimentarios.com\/fr\/#organization\"},\"potentialAction\":[{\"@type\":\"SearchAction\",\"target\":{\"@type\":\"EntryPoint\",\"urlTemplate\":\"https:\/\/stretchfilmplasticosretractilesyfilmsalimentarios.com\/fr\/?s={search_term_string}\"},\"query-input\":{\"@type\":\"PropertyValueSpecification\",\"valueRequired\":true,\"valueName\":\"search_term_string\"}}],\"inLanguage\":\"fr-FR\"},{\"@type\":\"Organization\",\"@id\":\"https:\/\/stretchfilmplasticosretractilesyfilmsalimentarios.com\/fr\/#organization\",\"name\":\"Stretch y Retr\u00e1ctil\",\"url\":\"https:\/\/stretchfilmplasticosretractilesyfilmsalimentarios.com\/fr\/\",\"logo\":{\"@type\":\"ImageObject\",\"inLanguage\":\"fr-FR\",\"@id\":\"https:\/\/stretchfilmplasticosretractilesyfilmsalimentarios.com\/fr\/#\/schema\/logo\/image\/\",\"url\":\"https:\/\/stretchfilmplasticosretractilesyfilmsalimentarios.com\/wp-content\/uploads\/logostretch-sticky.png\",\"contentUrl\":\"https:\/\/stretchfilmplasticosretractilesyfilmsalimentarios.com\/wp-content\/uploads\/logostretch-sticky.png\",\"width\":269,\"height\":64,\"caption\":\"Stretch y Retr\u00e1ctil\"},\"image\":{\"@id\":\"https:\/\/stretchfilmplasticosretractilesyfilmsalimentarios.com\/fr\/#\/schema\/logo\/image\/\"}}]}<\/script>\n<!-- \/ Yoast SEO plugin. -->","yoast_head_json":{"title":"Film alimentaire de poly\u00e9thyl\u00e8ne PE Food Stretch - Stretch y Retr\u00e1ctil","robots":{"index":"index","follow":"follow","max-snippet":"max-snippet:-1","max-image-preview":"max-image-preview:large","max-video-preview":"max-video-preview:-1"},"canonical":"https:\/\/stretchfilmplasticosretractilesyfilmsalimentarios.com\/fr\/producto\/film-alimentaire\/film-alimentaire-de-polyethylene-pe-food-stretch\/","og_locale":"fr_FR","og_type":"article","og_title":"Film alimentaire de poly\u00e9thyl\u00e8ne PE Food Stretch - Stretch y Retr\u00e1ctil","og_description":"PE Food Stretch est un film alimentaire fabriqu\u00e9 uniquement avec du poly\u00e9thyl\u00e8ne, il est donc recyclable \u00e0 100%. C\u2019est un film alimentaire de type \u00e9tirable qui, en raison de sa grande \u00e9lasticit\u00e9, s\u2019adapte parfaitement au contenu et pr\u00e9sente une tr\u00e8s grande r\u00e9sistance. Il offre \u00e9galement un degr\u00e9 \u00e9lev\u00e9 de transparence et de brillance pour le [&hellip;]","og_url":"https:\/\/stretchfilmplasticosretractilesyfilmsalimentarios.com\/fr\/producto\/film-alimentaire\/film-alimentaire-de-polyethylene-pe-food-stretch\/","og_site_name":"Stretch y Retr\u00e1ctil","article_modified_time":"2023-07-23T00:02:19+00:00","og_image":[{"width":500,"height":324,"url":"https:\/\/stretchfilmplasticosretractilesyfilmsalimentarios.com\/wp-content\/uploads\/film-alimentario-polietileno-01.jpg","type":"image\/jpeg"}],"twitter_card":"summary_large_image","twitter_misc":{"Dur\u00e9e de lecture estim\u00e9e":"1 minute"},"schema":{"@context":"https:\/\/schema.org","@graph":[{"@type":"WebPage","@id":"https:\/\/stretchfilmplasticosretractilesyfilmsalimentarios.com\/fr\/producto\/film-alimentaire\/film-alimentaire-de-polyethylene-pe-food-stretch\/","url":"https:\/\/stretchfilmplasticosretractilesyfilmsalimentarios.com\/fr\/producto\/film-alimentaire\/film-alimentaire-de-polyethylene-pe-food-stretch\/","name":"Film alimentaire de poly\u00e9thyl\u00e8ne PE Food Stretch - Stretch y Retr\u00e1ctil","isPartOf":{"@id":"https:\/\/stretchfilmplasticosretractilesyfilmsalimentarios.com\/fr\/#website"},"primaryImageOfPage":{"@id":"https:\/\/stretchfilmplasticosretractilesyfilmsalimentarios.com\/fr\/producto\/film-alimentaire\/film-alimentaire-de-polyethylene-pe-food-stretch\/#primaryimage"},"image":{"@id":"https:\/\/stretchfilmplasticosretractilesyfilmsalimentarios.com\/fr\/producto\/film-alimentaire\/film-alimentaire-de-polyethylene-pe-food-stretch\/#primaryimage"},"thumbnailUrl":"https:\/\/stretchfilmplasticosretractilesyfilmsalimentarios.com\/wp-content\/uploads\/film-alimentario-polietileno-01.jpg","datePublished":"2023-07-22T23:59:11+00:00","dateModified":"2023-07-23T00:02:19+00:00","breadcrumb":{"@id":"https:\/\/stretchfilmplasticosretractilesyfilmsalimentarios.com\/fr\/producto\/film-alimentaire\/film-alimentaire-de-polyethylene-pe-food-stretch\/#breadcrumb"},"inLanguage":"fr-FR","potentialAction":[{"@type":"ReadAction","target":["https:\/\/stretchfilmplasticosretractilesyfilmsalimentarios.com\/fr\/producto\/film-alimentaire\/film-alimentaire-de-polyethylene-pe-food-stretch\/"]}]},{"@type":"ImageObject","inLanguage":"fr-FR","@id":"https:\/\/stretchfilmplasticosretractilesyfilmsalimentarios.com\/fr\/producto\/film-alimentaire\/film-alimentaire-de-polyethylene-pe-food-stretch\/#primaryimage","url":"https:\/\/stretchfilmplasticosretractilesyfilmsalimentarios.com\/wp-content\/uploads\/film-alimentario-polietileno-01.jpg","contentUrl":"https:\/\/stretchfilmplasticosretractilesyfilmsalimentarios.com\/wp-content\/uploads\/film-alimentario-polietileno-01.jpg","width":500,"height":324},{"@type":"BreadcrumbList","@id":"https:\/\/stretchfilmplasticosretractilesyfilmsalimentarios.com\/fr\/producto\/film-alimentaire\/film-alimentaire-de-polyethylene-pe-food-stretch\/#breadcrumb","itemListElement":[{"@type":"ListItem","position":1,"name":"Produits","item":"https:\/\/stretchfilmplasticosretractilesyfilmsalimentarios.com\/fr\/produits\/"},{"@type":"ListItem","position":2,"name":"Film alimentaire de poly\u00e9thyl\u00e8ne PE Food Stretch"}]},{"@type":"WebSite","@id":"https:\/\/stretchfilmplasticosretractilesyfilmsalimentarios.com\/fr\/#website","url":"https:\/\/stretchfilmplasticosretractilesyfilmsalimentarios.com\/fr\/","name":"Stretch y Retr\u00e1ctil","description":"","publisher":{"@id":"https:\/\/stretchfilmplasticosretractilesyfilmsalimentarios.com\/fr\/#organization"},"potentialAction":[{"@type":"SearchAction","target":{"@type":"EntryPoint","urlTemplate":"https:\/\/stretchfilmplasticosretractilesyfilmsalimentarios.com\/fr\/?s={search_term_string}"},"query-input":{"@type":"PropertyValueSpecification","valueRequired":true,"valueName":"search_term_string"}}],"inLanguage":"fr-FR"},{"@type":"Organization","@id":"https:\/\/stretchfilmplasticosretractilesyfilmsalimentarios.com\/fr\/#organization","name":"Stretch y Retr\u00e1ctil","url":"https:\/\/stretchfilmplasticosretractilesyfilmsalimentarios.com\/fr\/","logo":{"@type":"ImageObject","inLanguage":"fr-FR","@id":"https:\/\/stretchfilmplasticosretractilesyfilmsalimentarios.com\/fr\/#\/schema\/logo\/image\/","url":"https:\/\/stretchfilmplasticosretractilesyfilmsalimentarios.com\/wp-content\/uploads\/logostretch-sticky.png","contentUrl":"https:\/\/stretchfilmplasticosretractilesyfilmsalimentarios.com\/wp-content\/uploads\/logostretch-sticky.png","width":269,"height":64,"caption":"Stretch y Retr\u00e1ctil"},"image":{"@id":"https:\/\/stretchfilmplasticosretractilesyfilmsalimentarios.com\/fr\/#\/schema\/logo\/image\/"}}]}},"_links":{"self":[{"href":"https:\/\/stretchfilmplasticosretractilesyfilmsalimentarios.com\/fr\/wp-json\/wp\/v2\/product\/1936","targetHints":{"allow":["GET"]}}],"collection":[{"href":"https:\/\/stretchfilmplasticosretractilesyfilmsalimentarios.com\/fr\/wp-json\/wp\/v2\/product"}],"about":[{"href":"https:\/\/stretchfilmplasticosretractilesyfilmsalimentarios.com\/fr\/wp-json\/wp\/v2\/types\/product"}],"wp:featuredmedia":[{"embeddable":true,"href":"https:\/\/stretchfilmplasticosretractilesyfilmsalimentarios.com\/fr\/wp-json\/wp\/v2\/media\/1926"}],"wp:attachment":[{"href":"https:\/\/stretchfilmplasticosretractilesyfilmsalimentarios.com\/fr\/wp-json\/wp\/v2\/media?parent=1936"}],"wp:term":[{"taxonomy":"product_cat","embeddable":true,"href":"https:\/\/stretchfilmplasticosretractilesyfilmsalimentarios.com\/fr\/wp-json\/wp\/v2\/product_cat?post=1936"},{"taxonomy":"product_tag","embeddable":true,"href":"https:\/\/stretchfilmplasticosretractilesyfilmsalimentarios.com\/fr\/wp-json\/wp\/v2\/product_tag?post=1936"}],"curies":[{"name":"wp","href":"https:\/\/api.w.org\/{rel}","templated":true}]}}