{"id":1912,"date":"2023-07-22T23:12:26","date_gmt":"2023-07-22T23:12:26","guid":{"rendered":"https:\/\/85.208.23.146\/~str346us\/producto\/non%20class\u00e9\/film-retractil-de-poliolefina\/"},"modified":"2023-08-31T16:00:31","modified_gmt":"2023-08-31T16:00:31","slug":"film-retractable-de-polyolefine","status":"publish","type":"product","link":"https:\/\/stretchfilmplasticosretractilesyfilmsalimentarios.com\/fr\/producto\/film-plastique-retractable\/film-retractable-de-polyolefine\/","title":{"rendered":"Film de poly\u00e9thyl\u00e8ne r\u00e9tractable"},"content":{"rendered":"<div class=\"post-content\">\n<div id=\"tab-description\" class=\"woocommerce-Tabs-panel woocommerce-Tabs-panel--description panel entry-content wc-tab\" role=\"tabpanel\" aria-labelledby=\"tab-title-description\">\n<div class=\"post-content\">\n<p>Le <strong>film r\u00e9tractable de polyol\u00e9fine<\/strong> est l\u2019un des meilleurs <strong>films plastiques r\u00e9tractables<\/strong> pour les emballages avec des scelleuses, en raison de la rapidit\u00e9 de leur retrait, de leur grande transparence et de leur brillance. En outre, ce <strong>film r\u00e9tractable de polyol\u00e9fine<\/strong> pr\u00e9sente une grande r\u00e9sistance \u00e0 la rupture, impacts et aux d\u00e9chirures et constitue un produit appropri\u00e9 et certifi\u00e9 pour une utilisation dans les emballages alimentaires.<\/p>\n<p>Le <strong>film r\u00e9tractable de polyol\u00e9fine<\/strong> est parfaitement adapt\u00e9 \u00e0 la surface du produit \u00e0 emballer. Il pr\u00e9sente \u00e9galement de fortes soudures et un aspect compl\u00e8tement lisse, sans aucune ride.<br \/>\nId\u00e9al pour les packs de promotion, les multipacks: id\u00e9al pour regrouper des produits de diff\u00e9rentes tailles et formes.<\/p>\n<p>Le <strong>film retractable de polyol\u00e9fine<\/strong> est fabriqu\u00e9 doss\u00e9 ou \u00e0\u00a0plat. Ce film est g\u00e9n\u00e9ralement fabriqu\u00e9 en transparent, mais nous pouvons l\u2019imprimer en fonction des besoins du client et \u00e9galement le fabriquer en microperfor\u00e9 pour faciliter l\u2019a\u00e9ration du produit.<\/p>\n<\/div>\n<\/div>\n<\/div>\n","protected":false},"excerpt":{"rendered":"<p>Le film r\u00e9tractable de polyol\u00e9fine est l\u2019un des meilleurs films plastiques r\u00e9tractables pour les emballages avec des scelleuses, en raison de la rapidit\u00e9 de leur retrait, de leur grande transparence et de leur brillance. En outre, ce film r\u00e9tractable de polyol\u00e9fine pr\u00e9sente une grande r\u00e9sistance \u00e0 la rupture, impacts et aux d\u00e9chirures et constitue un [&hellip;]<\/p>\n","protected":false},"featured_media":1904,"template":"","meta":[],"product_cat":[53],"product_tag":[],"class_list":{"0":"post-1912","1":"product","2":"type-product","3":"status-publish","4":"has-post-thumbnail","6":"product_cat-film-plastique-retractable","8":"first","9":"instock","10":"shipping-taxable","11":"product-type-simple"},"yoast_head":"<!-- This site is optimized with the Yoast SEO plugin v24.0 - https:\/\/yoast.com\/wordpress\/plugins\/seo\/ -->\n<title>Film de poly\u00e9thyl\u00e8ne r\u00e9tractable - Stretch y Retr\u00e1ctil<\/title>\n<meta name=\"robots\" content=\"index, follow, max-snippet:-1, max-image-preview:large, max-video-preview:-1\" \/>\n<link rel=\"canonical\" href=\"https:\/\/stretchfilmplasticosretractilesyfilmsalimentarios.com\/fr\/producto\/film-plastique-retractable\/film-retractable-de-polyolefine\/\" \/>\n<meta property=\"og:locale\" content=\"fr_FR\" \/>\n<meta property=\"og:type\" content=\"article\" \/>\n<meta property=\"og:title\" content=\"Film de poly\u00e9thyl\u00e8ne r\u00e9tractable - Stretch y Retr\u00e1ctil\" \/>\n<meta property=\"og:description\" content=\"Le film r\u00e9tractable de polyol\u00e9fine est l\u2019un des meilleurs films plastiques r\u00e9tractables pour les emballages avec des scelleuses, en raison de la rapidit\u00e9 de leur retrait, de leur grande transparence et de leur brillance. En outre, ce film r\u00e9tractable de polyol\u00e9fine pr\u00e9sente une grande r\u00e9sistance \u00e0 la rupture, impacts et aux d\u00e9chirures et constitue un [&hellip;]\" \/>\n<meta property=\"og:url\" content=\"https:\/\/stretchfilmplasticosretractilesyfilmsalimentarios.com\/fr\/producto\/film-plastique-retractable\/film-retractable-de-polyolefine\/\" \/>\n<meta property=\"og:site_name\" content=\"Stretch y Retr\u00e1ctil\" \/>\n<meta property=\"article:modified_time\" content=\"2023-08-31T16:00:31+00:00\" \/>\n<meta property=\"og:image\" content=\"https:\/\/stretchfilmplasticosretractilesyfilmsalimentarios.com\/wp-content\/uploads\/film-poliolefina-retractil-03.jpg\" \/>\n\t<meta property=\"og:image:width\" content=\"1320\" \/>\n\t<meta property=\"og:image:height\" content=\"742\" \/>\n\t<meta property=\"og:image:type\" content=\"image\/jpeg\" \/>\n<meta name=\"twitter:card\" content=\"summary_large_image\" \/>\n<meta name=\"twitter:label1\" content=\"Dur\u00e9e de lecture estim\u00e9e\" \/>\n\t<meta name=\"twitter:data1\" content=\"1 minute\" \/>\n<script type=\"application\/ld+json\" class=\"yoast-schema-graph\">{\"@context\":\"https:\/\/schema.org\",\"@graph\":[{\"@type\":\"WebPage\",\"@id\":\"https:\/\/stretchfilmplasticosretractilesyfilmsalimentarios.com\/fr\/producto\/film-plastique-retractable\/film-retractable-de-polyolefine\/\",\"url\":\"https:\/\/stretchfilmplasticosretractilesyfilmsalimentarios.com\/fr\/producto\/film-plastique-retractable\/film-retractable-de-polyolefine\/\",\"name\":\"Film de poly\u00e9thyl\u00e8ne r\u00e9tractable - Stretch y Retr\u00e1ctil\",\"isPartOf\":{\"@id\":\"https:\/\/stretchfilmplasticosretractilesyfilmsalimentarios.com\/fr\/#website\"},\"primaryImageOfPage\":{\"@id\":\"https:\/\/stretchfilmplasticosretractilesyfilmsalimentarios.com\/fr\/producto\/film-plastique-retractable\/film-retractable-de-polyolefine\/#primaryimage\"},\"image\":{\"@id\":\"https:\/\/stretchfilmplasticosretractilesyfilmsalimentarios.com\/fr\/producto\/film-plastique-retractable\/film-retractable-de-polyolefine\/#primaryimage\"},\"thumbnailUrl\":\"https:\/\/stretchfilmplasticosretractilesyfilmsalimentarios.com\/wp-content\/uploads\/film-poliolefina-retractil-03.jpg\",\"datePublished\":\"2023-07-22T23:12:26+00:00\",\"dateModified\":\"2023-08-31T16:00:31+00:00\",\"breadcrumb\":{\"@id\":\"https:\/\/stretchfilmplasticosretractilesyfilmsalimentarios.com\/fr\/producto\/film-plastique-retractable\/film-retractable-de-polyolefine\/#breadcrumb\"},\"inLanguage\":\"fr-FR\",\"potentialAction\":[{\"@type\":\"ReadAction\",\"target\":[\"https:\/\/stretchfilmplasticosretractilesyfilmsalimentarios.com\/fr\/producto\/film-plastique-retractable\/film-retractable-de-polyolefine\/\"]}]},{\"@type\":\"ImageObject\",\"inLanguage\":\"fr-FR\",\"@id\":\"https:\/\/stretchfilmplasticosretractilesyfilmsalimentarios.com\/fr\/producto\/film-plastique-retractable\/film-retractable-de-polyolefine\/#primaryimage\",\"url\":\"https:\/\/stretchfilmplasticosretractilesyfilmsalimentarios.com\/wp-content\/uploads\/film-poliolefina-retractil-03.jpg\",\"contentUrl\":\"https:\/\/stretchfilmplasticosretractilesyfilmsalimentarios.com\/wp-content\/uploads\/film-poliolefina-retractil-03.jpg\",\"width\":1320,\"height\":742},{\"@type\":\"BreadcrumbList\",\"@id\":\"https:\/\/stretchfilmplasticosretractilesyfilmsalimentarios.com\/fr\/producto\/film-plastique-retractable\/film-retractable-de-polyolefine\/#breadcrumb\",\"itemListElement\":[{\"@type\":\"ListItem\",\"position\":1,\"name\":\"Produits\",\"item\":\"https:\/\/stretchfilmplasticosretractilesyfilmsalimentarios.com\/fr\/produits\/\"},{\"@type\":\"ListItem\",\"position\":2,\"name\":\"Film de poly\u00e9thyl\u00e8ne r\u00e9tractable\"}]},{\"@type\":\"WebSite\",\"@id\":\"https:\/\/stretchfilmplasticosretractilesyfilmsalimentarios.com\/fr\/#website\",\"url\":\"https:\/\/stretchfilmplasticosretractilesyfilmsalimentarios.com\/fr\/\",\"name\":\"Stretch y Retr\u00e1ctil\",\"description\":\"\",\"publisher\":{\"@id\":\"https:\/\/stretchfilmplasticosretractilesyfilmsalimentarios.com\/fr\/#organization\"},\"potentialAction\":[{\"@type\":\"SearchAction\",\"target\":{\"@type\":\"EntryPoint\",\"urlTemplate\":\"https:\/\/stretchfilmplasticosretractilesyfilmsalimentarios.com\/fr\/?s={search_term_string}\"},\"query-input\":{\"@type\":\"PropertyValueSpecification\",\"valueRequired\":true,\"valueName\":\"search_term_string\"}}],\"inLanguage\":\"fr-FR\"},{\"@type\":\"Organization\",\"@id\":\"https:\/\/stretchfilmplasticosretractilesyfilmsalimentarios.com\/fr\/#organization\",\"name\":\"Stretch y Retr\u00e1ctil\",\"url\":\"https:\/\/stretchfilmplasticosretractilesyfilmsalimentarios.com\/fr\/\",\"logo\":{\"@type\":\"ImageObject\",\"inLanguage\":\"fr-FR\",\"@id\":\"https:\/\/stretchfilmplasticosretractilesyfilmsalimentarios.com\/fr\/#\/schema\/logo\/image\/\",\"url\":\"https:\/\/stretchfilmplasticosretractilesyfilmsalimentarios.com\/wp-content\/uploads\/logostretch-sticky.png\",\"contentUrl\":\"https:\/\/stretchfilmplasticosretractilesyfilmsalimentarios.com\/wp-content\/uploads\/logostretch-sticky.png\",\"width\":269,\"height\":64,\"caption\":\"Stretch y Retr\u00e1ctil\"},\"image\":{\"@id\":\"https:\/\/stretchfilmplasticosretractilesyfilmsalimentarios.com\/fr\/#\/schema\/logo\/image\/\"}}]}<\/script>\n<!-- \/ Yoast SEO plugin. -->","yoast_head_json":{"title":"Film de poly\u00e9thyl\u00e8ne r\u00e9tractable - Stretch y Retr\u00e1ctil","robots":{"index":"index","follow":"follow","max-snippet":"max-snippet:-1","max-image-preview":"max-image-preview:large","max-video-preview":"max-video-preview:-1"},"canonical":"https:\/\/stretchfilmplasticosretractilesyfilmsalimentarios.com\/fr\/producto\/film-plastique-retractable\/film-retractable-de-polyolefine\/","og_locale":"fr_FR","og_type":"article","og_title":"Film de poly\u00e9thyl\u00e8ne r\u00e9tractable - Stretch y Retr\u00e1ctil","og_description":"Le film r\u00e9tractable de polyol\u00e9fine est l\u2019un des meilleurs films plastiques r\u00e9tractables pour les emballages avec des scelleuses, en raison de la rapidit\u00e9 de leur retrait, de leur grande transparence et de leur brillance. En outre, ce film r\u00e9tractable de polyol\u00e9fine pr\u00e9sente une grande r\u00e9sistance \u00e0 la rupture, impacts et aux d\u00e9chirures et constitue un [&hellip;]","og_url":"https:\/\/stretchfilmplasticosretractilesyfilmsalimentarios.com\/fr\/producto\/film-plastique-retractable\/film-retractable-de-polyolefine\/","og_site_name":"Stretch y Retr\u00e1ctil","article_modified_time":"2023-08-31T16:00:31+00:00","og_image":[{"width":1320,"height":742,"url":"https:\/\/stretchfilmplasticosretractilesyfilmsalimentarios.com\/wp-content\/uploads\/film-poliolefina-retractil-03.jpg","type":"image\/jpeg"}],"twitter_card":"summary_large_image","twitter_misc":{"Dur\u00e9e de lecture estim\u00e9e":"1 minute"},"schema":{"@context":"https:\/\/schema.org","@graph":[{"@type":"WebPage","@id":"https:\/\/stretchfilmplasticosretractilesyfilmsalimentarios.com\/fr\/producto\/film-plastique-retractable\/film-retractable-de-polyolefine\/","url":"https:\/\/stretchfilmplasticosretractilesyfilmsalimentarios.com\/fr\/producto\/film-plastique-retractable\/film-retractable-de-polyolefine\/","name":"Film de poly\u00e9thyl\u00e8ne r\u00e9tractable - Stretch y Retr\u00e1ctil","isPartOf":{"@id":"https:\/\/stretchfilmplasticosretractilesyfilmsalimentarios.com\/fr\/#website"},"primaryImageOfPage":{"@id":"https:\/\/stretchfilmplasticosretractilesyfilmsalimentarios.com\/fr\/producto\/film-plastique-retractable\/film-retractable-de-polyolefine\/#primaryimage"},"image":{"@id":"https:\/\/stretchfilmplasticosretractilesyfilmsalimentarios.com\/fr\/producto\/film-plastique-retractable\/film-retractable-de-polyolefine\/#primaryimage"},"thumbnailUrl":"https:\/\/stretchfilmplasticosretractilesyfilmsalimentarios.com\/wp-content\/uploads\/film-poliolefina-retractil-03.jpg","datePublished":"2023-07-22T23:12:26+00:00","dateModified":"2023-08-31T16:00:31+00:00","breadcrumb":{"@id":"https:\/\/stretchfilmplasticosretractilesyfilmsalimentarios.com\/fr\/producto\/film-plastique-retractable\/film-retractable-de-polyolefine\/#breadcrumb"},"inLanguage":"fr-FR","potentialAction":[{"@type":"ReadAction","target":["https:\/\/stretchfilmplasticosretractilesyfilmsalimentarios.com\/fr\/producto\/film-plastique-retractable\/film-retractable-de-polyolefine\/"]}]},{"@type":"ImageObject","inLanguage":"fr-FR","@id":"https:\/\/stretchfilmplasticosretractilesyfilmsalimentarios.com\/fr\/producto\/film-plastique-retractable\/film-retractable-de-polyolefine\/#primaryimage","url":"https:\/\/stretchfilmplasticosretractilesyfilmsalimentarios.com\/wp-content\/uploads\/film-poliolefina-retractil-03.jpg","contentUrl":"https:\/\/stretchfilmplasticosretractilesyfilmsalimentarios.com\/wp-content\/uploads\/film-poliolefina-retractil-03.jpg","width":1320,"height":742},{"@type":"BreadcrumbList","@id":"https:\/\/stretchfilmplasticosretractilesyfilmsalimentarios.com\/fr\/producto\/film-plastique-retractable\/film-retractable-de-polyolefine\/#breadcrumb","itemListElement":[{"@type":"ListItem","position":1,"name":"Produits","item":"https:\/\/stretchfilmplasticosretractilesyfilmsalimentarios.com\/fr\/produits\/"},{"@type":"ListItem","position":2,"name":"Film de poly\u00e9thyl\u00e8ne r\u00e9tractable"}]},{"@type":"WebSite","@id":"https:\/\/stretchfilmplasticosretractilesyfilmsalimentarios.com\/fr\/#website","url":"https:\/\/stretchfilmplasticosretractilesyfilmsalimentarios.com\/fr\/","name":"Stretch y Retr\u00e1ctil","description":"","publisher":{"@id":"https:\/\/stretchfilmplasticosretractilesyfilmsalimentarios.com\/fr\/#organization"},"potentialAction":[{"@type":"SearchAction","target":{"@type":"EntryPoint","urlTemplate":"https:\/\/stretchfilmplasticosretractilesyfilmsalimentarios.com\/fr\/?s={search_term_string}"},"query-input":{"@type":"PropertyValueSpecification","valueRequired":true,"valueName":"search_term_string"}}],"inLanguage":"fr-FR"},{"@type":"Organization","@id":"https:\/\/stretchfilmplasticosretractilesyfilmsalimentarios.com\/fr\/#organization","name":"Stretch y Retr\u00e1ctil","url":"https:\/\/stretchfilmplasticosretractilesyfilmsalimentarios.com\/fr\/","logo":{"@type":"ImageObject","inLanguage":"fr-FR","@id":"https:\/\/stretchfilmplasticosretractilesyfilmsalimentarios.com\/fr\/#\/schema\/logo\/image\/","url":"https:\/\/stretchfilmplasticosretractilesyfilmsalimentarios.com\/wp-content\/uploads\/logostretch-sticky.png","contentUrl":"https:\/\/stretchfilmplasticosretractilesyfilmsalimentarios.com\/wp-content\/uploads\/logostretch-sticky.png","width":269,"height":64,"caption":"Stretch y Retr\u00e1ctil"},"image":{"@id":"https:\/\/stretchfilmplasticosretractilesyfilmsalimentarios.com\/fr\/#\/schema\/logo\/image\/"}}]}},"_links":{"self":[{"href":"https:\/\/stretchfilmplasticosretractilesyfilmsalimentarios.com\/fr\/wp-json\/wp\/v2\/product\/1912","targetHints":{"allow":["GET"]}}],"collection":[{"href":"https:\/\/stretchfilmplasticosretractilesyfilmsalimentarios.com\/fr\/wp-json\/wp\/v2\/product"}],"about":[{"href":"https:\/\/stretchfilmplasticosretractilesyfilmsalimentarios.com\/fr\/wp-json\/wp\/v2\/types\/product"}],"wp:featuredmedia":[{"embeddable":true,"href":"https:\/\/stretchfilmplasticosretractilesyfilmsalimentarios.com\/fr\/wp-json\/wp\/v2\/media\/1904"}],"wp:attachment":[{"href":"https:\/\/stretchfilmplasticosretractilesyfilmsalimentarios.com\/fr\/wp-json\/wp\/v2\/media?parent=1912"}],"wp:term":[{"taxonomy":"product_cat","embeddable":true,"href":"https:\/\/stretchfilmplasticosretractilesyfilmsalimentarios.com\/fr\/wp-json\/wp\/v2\/product_cat?post=1912"},{"taxonomy":"product_tag","embeddable":true,"href":"https:\/\/stretchfilmplasticosretractilesyfilmsalimentarios.com\/fr\/wp-json\/wp\/v2\/product_tag?post=1912"}],"curies":[{"name":"wp","href":"https:\/\/api.w.org\/{rel}","templated":true}]}}