{"id":1899,"date":"2023-07-22T23:06:25","date_gmt":"2023-07-22T23:06:25","guid":{"rendered":"https:\/\/85.208.23.146\/~str346us\/producto\/non%20class\u00e9\/film-retractil-de-polietileno\/"},"modified":"2023-07-28T08:43:27","modified_gmt":"2023-07-28T08:43:27","slug":"film-de-polyethylene-retractable","status":"publish","type":"product","link":"https:\/\/stretchfilmplasticosretractilesyfilmsalimentarios.com\/fr\/producto\/film-plastique-retractable\/film-de-polyethylene-retractable\/","title":{"rendered":"Film de poly\u00e9thyl\u00e8ne r\u00e9tractable"},"content":{"rendered":"<div class=\"post-content\">\n<p><strong>Film de poly\u00e9thyl\u00e8ne r\u00e9tractable<\/strong> caract\u00e9ris\u00e9 pour sa transparence et sa grande r\u00e9sistance. Impression flexo jusqu\u2019\u00e0 10 couleurs.<br \/>\nPossibilit\u00e9 de microperforer le mat\u00e9riel pour \u00e9viter la condensation et incorporation de pr\u00e9d\u00e9coupe pour faciliter l\u2019ouverture des emballages.<\/p>\n<p>Nos films r\u00e9tractables sont <strong>\u00e9cologiques<\/strong> et <strong>100% biod\u00e9gradables<\/strong>.<\/p>\n<div id=\"tab-description\" class=\"woocommerce-Tabs-panel woocommerce-Tabs-panel--description panel entry-content wc-tab\" role=\"tabpanel\" aria-labelledby=\"tab-title-description\">\n<div class=\"post-content\">\n<p>Le film de poly\u00e9thyl\u00e8ne r\u00e9tractable offre un thermo scell\u00e9. Il peut \u00eatre fabriqu\u00e9 en haute et basse densit\u00e9.<br \/>\nDisponible dans une grande vari\u00e9t\u00e9 de laizes et d\u2019\u00e9paisseurs selon les exigences du client.<br \/>\nLe poly\u00e9thyl\u00e8ne fim est id\u00e9al pour l\u2019emballage de produits, le regroupement et la formation de tous types d\u2019emballages.<\/p>\n<p>Nous proposons une large gamme d\u2019\u00e9paisseurs allant de 15 \u00e0 250 microns.<br \/>\n<strong>Film de poly\u00e9thyl\u00e8ne r\u00e9tractable<\/strong> transparent, en couleur ou imprim\u00e9 selon les besoins du client.<br \/>\nAvec traitement antistatique, glissant, anti glissant, antistatique, anti ultra viol\u00e9, ignifuge, hydro soluble, photo d\u00e9gradable, biod\u00e9gradable, microperfor\u00e9 pour \u00e9viter la condensation, anti-uvi, anti-corrosion, etc.<\/p>\n<p>Largeurs de 200 mm \u00e0 12 m\u00e8tres.<\/p>\n<\/div>\n<\/div>\n<\/div>\n","protected":false},"excerpt":{"rendered":"<p>Film de poly\u00e9thyl\u00e8ne r\u00e9tractable caract\u00e9ris\u00e9 pour sa transparence et sa grande r\u00e9sistance. Impression flexo jusqu\u2019\u00e0 10 couleurs. Possibilit\u00e9 de microperforer le mat\u00e9riel pour \u00e9viter la condensation et incorporation de pr\u00e9d\u00e9coupe pour faciliter l\u2019ouverture des emballages. Nos films r\u00e9tractables sont \u00e9cologiques et 100% biod\u00e9gradables. Le film de poly\u00e9thyl\u00e8ne r\u00e9tractable offre un thermo scell\u00e9. Il peut \u00eatre [&hellip;]<\/p>\n","protected":false},"featured_media":1891,"template":"","meta":[],"product_cat":[53],"product_tag":[],"class_list":{"0":"post-1899","1":"product","2":"type-product","3":"status-publish","4":"has-post-thumbnail","6":"product_cat-film-plastique-retractable","8":"first","9":"instock","10":"shipping-taxable","11":"product-type-simple"},"yoast_head":"<!-- This site is optimized with the Yoast SEO plugin v24.0 - https:\/\/yoast.com\/wordpress\/plugins\/seo\/ -->\n<title>Film de poly\u00e9thyl\u00e8ne r\u00e9tractable - Stretch y Retr\u00e1ctil<\/title>\n<meta name=\"robots\" content=\"index, follow, max-snippet:-1, max-image-preview:large, max-video-preview:-1\" \/>\n<link rel=\"canonical\" href=\"https:\/\/stretchfilmplasticosretractilesyfilmsalimentarios.com\/fr\/producto\/film-plastique-retractable\/film-de-polyethylene-retractable\/\" \/>\n<meta property=\"og:locale\" content=\"fr_FR\" \/>\n<meta property=\"og:type\" content=\"article\" \/>\n<meta property=\"og:title\" content=\"Film de poly\u00e9thyl\u00e8ne r\u00e9tractable - Stretch y Retr\u00e1ctil\" \/>\n<meta property=\"og:description\" content=\"Film de poly\u00e9thyl\u00e8ne r\u00e9tractable caract\u00e9ris\u00e9 pour sa transparence et sa grande r\u00e9sistance. Impression flexo jusqu\u2019\u00e0 10 couleurs. Possibilit\u00e9 de microperforer le mat\u00e9riel pour \u00e9viter la condensation et incorporation de pr\u00e9d\u00e9coupe pour faciliter l\u2019ouverture des emballages. Nos films r\u00e9tractables sont \u00e9cologiques et 100% biod\u00e9gradables. Le film de poly\u00e9thyl\u00e8ne r\u00e9tractable offre un thermo scell\u00e9. Il peut \u00eatre [&hellip;]\" \/>\n<meta property=\"og:url\" content=\"https:\/\/stretchfilmplasticosretractilesyfilmsalimentarios.com\/fr\/producto\/film-plastique-retractable\/film-de-polyethylene-retractable\/\" \/>\n<meta property=\"og:site_name\" content=\"Stretch y Retr\u00e1ctil\" \/>\n<meta property=\"article:modified_time\" content=\"2023-07-28T08:43:27+00:00\" \/>\n<meta property=\"og:image\" content=\"https:\/\/stretchfilmplasticosretractilesyfilmsalimentarios.com\/wp-content\/uploads\/film-retractil-plastico-de_polietileno-01.jpg\" \/>\n\t<meta property=\"og:image:width\" content=\"1320\" \/>\n\t<meta property=\"og:image:height\" content=\"742\" \/>\n\t<meta property=\"og:image:type\" content=\"image\/jpeg\" \/>\n<meta name=\"twitter:card\" content=\"summary_large_image\" \/>\n<meta name=\"twitter:label1\" content=\"Dur\u00e9e de lecture estim\u00e9e\" \/>\n\t<meta name=\"twitter:data1\" content=\"1 minute\" \/>\n<script type=\"application\/ld+json\" class=\"yoast-schema-graph\">{\"@context\":\"https:\/\/schema.org\",\"@graph\":[{\"@type\":\"WebPage\",\"@id\":\"https:\/\/stretchfilmplasticosretractilesyfilmsalimentarios.com\/fr\/producto\/film-plastique-retractable\/film-de-polyethylene-retractable\/\",\"url\":\"https:\/\/stretchfilmplasticosretractilesyfilmsalimentarios.com\/fr\/producto\/film-plastique-retractable\/film-de-polyethylene-retractable\/\",\"name\":\"Film de poly\u00e9thyl\u00e8ne r\u00e9tractable - Stretch y Retr\u00e1ctil\",\"isPartOf\":{\"@id\":\"https:\/\/stretchfilmplasticosretractilesyfilmsalimentarios.com\/fr\/#website\"},\"primaryImageOfPage\":{\"@id\":\"https:\/\/stretchfilmplasticosretractilesyfilmsalimentarios.com\/fr\/producto\/film-plastique-retractable\/film-de-polyethylene-retractable\/#primaryimage\"},\"image\":{\"@id\":\"https:\/\/stretchfilmplasticosretractilesyfilmsalimentarios.com\/fr\/producto\/film-plastique-retractable\/film-de-polyethylene-retractable\/#primaryimage\"},\"thumbnailUrl\":\"https:\/\/stretchfilmplasticosretractilesyfilmsalimentarios.com\/wp-content\/uploads\/film-retractil-plastico-de_polietileno-01.jpg\",\"datePublished\":\"2023-07-22T23:06:25+00:00\",\"dateModified\":\"2023-07-28T08:43:27+00:00\",\"breadcrumb\":{\"@id\":\"https:\/\/stretchfilmplasticosretractilesyfilmsalimentarios.com\/fr\/producto\/film-plastique-retractable\/film-de-polyethylene-retractable\/#breadcrumb\"},\"inLanguage\":\"fr-FR\",\"potentialAction\":[{\"@type\":\"ReadAction\",\"target\":[\"https:\/\/stretchfilmplasticosretractilesyfilmsalimentarios.com\/fr\/producto\/film-plastique-retractable\/film-de-polyethylene-retractable\/\"]}]},{\"@type\":\"ImageObject\",\"inLanguage\":\"fr-FR\",\"@id\":\"https:\/\/stretchfilmplasticosretractilesyfilmsalimentarios.com\/fr\/producto\/film-plastique-retractable\/film-de-polyethylene-retractable\/#primaryimage\",\"url\":\"https:\/\/stretchfilmplasticosretractilesyfilmsalimentarios.com\/wp-content\/uploads\/film-retractil-plastico-de_polietileno-01.jpg\",\"contentUrl\":\"https:\/\/stretchfilmplasticosretractilesyfilmsalimentarios.com\/wp-content\/uploads\/film-retractil-plastico-de_polietileno-01.jpg\",\"width\":1320,\"height\":742},{\"@type\":\"BreadcrumbList\",\"@id\":\"https:\/\/stretchfilmplasticosretractilesyfilmsalimentarios.com\/fr\/producto\/film-plastique-retractable\/film-de-polyethylene-retractable\/#breadcrumb\",\"itemListElement\":[{\"@type\":\"ListItem\",\"position\":1,\"name\":\"Produits\",\"item\":\"https:\/\/stretchfilmplasticosretractilesyfilmsalimentarios.com\/fr\/produits\/\"},{\"@type\":\"ListItem\",\"position\":2,\"name\":\"Film de poly\u00e9thyl\u00e8ne r\u00e9tractable\"}]},{\"@type\":\"WebSite\",\"@id\":\"https:\/\/stretchfilmplasticosretractilesyfilmsalimentarios.com\/fr\/#website\",\"url\":\"https:\/\/stretchfilmplasticosretractilesyfilmsalimentarios.com\/fr\/\",\"name\":\"Stretch y Retr\u00e1ctil\",\"description\":\"\",\"publisher\":{\"@id\":\"https:\/\/stretchfilmplasticosretractilesyfilmsalimentarios.com\/fr\/#organization\"},\"potentialAction\":[{\"@type\":\"SearchAction\",\"target\":{\"@type\":\"EntryPoint\",\"urlTemplate\":\"https:\/\/stretchfilmplasticosretractilesyfilmsalimentarios.com\/fr\/?s={search_term_string}\"},\"query-input\":{\"@type\":\"PropertyValueSpecification\",\"valueRequired\":true,\"valueName\":\"search_term_string\"}}],\"inLanguage\":\"fr-FR\"},{\"@type\":\"Organization\",\"@id\":\"https:\/\/stretchfilmplasticosretractilesyfilmsalimentarios.com\/fr\/#organization\",\"name\":\"Stretch y Retr\u00e1ctil\",\"url\":\"https:\/\/stretchfilmplasticosretractilesyfilmsalimentarios.com\/fr\/\",\"logo\":{\"@type\":\"ImageObject\",\"inLanguage\":\"fr-FR\",\"@id\":\"https:\/\/stretchfilmplasticosretractilesyfilmsalimentarios.com\/fr\/#\/schema\/logo\/image\/\",\"url\":\"https:\/\/stretchfilmplasticosretractilesyfilmsalimentarios.com\/wp-content\/uploads\/logostretch-sticky.png\",\"contentUrl\":\"https:\/\/stretchfilmplasticosretractilesyfilmsalimentarios.com\/wp-content\/uploads\/logostretch-sticky.png\",\"width\":269,\"height\":64,\"caption\":\"Stretch y Retr\u00e1ctil\"},\"image\":{\"@id\":\"https:\/\/stretchfilmplasticosretractilesyfilmsalimentarios.com\/fr\/#\/schema\/logo\/image\/\"}}]}<\/script>\n<!-- \/ Yoast SEO plugin. -->","yoast_head_json":{"title":"Film de poly\u00e9thyl\u00e8ne r\u00e9tractable - Stretch y Retr\u00e1ctil","robots":{"index":"index","follow":"follow","max-snippet":"max-snippet:-1","max-image-preview":"max-image-preview:large","max-video-preview":"max-video-preview:-1"},"canonical":"https:\/\/stretchfilmplasticosretractilesyfilmsalimentarios.com\/fr\/producto\/film-plastique-retractable\/film-de-polyethylene-retractable\/","og_locale":"fr_FR","og_type":"article","og_title":"Film de poly\u00e9thyl\u00e8ne r\u00e9tractable - Stretch y Retr\u00e1ctil","og_description":"Film de poly\u00e9thyl\u00e8ne r\u00e9tractable caract\u00e9ris\u00e9 pour sa transparence et sa grande r\u00e9sistance. Impression flexo jusqu\u2019\u00e0 10 couleurs. Possibilit\u00e9 de microperforer le mat\u00e9riel pour \u00e9viter la condensation et incorporation de pr\u00e9d\u00e9coupe pour faciliter l\u2019ouverture des emballages. Nos films r\u00e9tractables sont \u00e9cologiques et 100% biod\u00e9gradables. Le film de poly\u00e9thyl\u00e8ne r\u00e9tractable offre un thermo scell\u00e9. Il peut \u00eatre [&hellip;]","og_url":"https:\/\/stretchfilmplasticosretractilesyfilmsalimentarios.com\/fr\/producto\/film-plastique-retractable\/film-de-polyethylene-retractable\/","og_site_name":"Stretch y Retr\u00e1ctil","article_modified_time":"2023-07-28T08:43:27+00:00","og_image":[{"width":1320,"height":742,"url":"https:\/\/stretchfilmplasticosretractilesyfilmsalimentarios.com\/wp-content\/uploads\/film-retractil-plastico-de_polietileno-01.jpg","type":"image\/jpeg"}],"twitter_card":"summary_large_image","twitter_misc":{"Dur\u00e9e de lecture estim\u00e9e":"1 minute"},"schema":{"@context":"https:\/\/schema.org","@graph":[{"@type":"WebPage","@id":"https:\/\/stretchfilmplasticosretractilesyfilmsalimentarios.com\/fr\/producto\/film-plastique-retractable\/film-de-polyethylene-retractable\/","url":"https:\/\/stretchfilmplasticosretractilesyfilmsalimentarios.com\/fr\/producto\/film-plastique-retractable\/film-de-polyethylene-retractable\/","name":"Film de poly\u00e9thyl\u00e8ne r\u00e9tractable - Stretch y Retr\u00e1ctil","isPartOf":{"@id":"https:\/\/stretchfilmplasticosretractilesyfilmsalimentarios.com\/fr\/#website"},"primaryImageOfPage":{"@id":"https:\/\/stretchfilmplasticosretractilesyfilmsalimentarios.com\/fr\/producto\/film-plastique-retractable\/film-de-polyethylene-retractable\/#primaryimage"},"image":{"@id":"https:\/\/stretchfilmplasticosretractilesyfilmsalimentarios.com\/fr\/producto\/film-plastique-retractable\/film-de-polyethylene-retractable\/#primaryimage"},"thumbnailUrl":"https:\/\/stretchfilmplasticosretractilesyfilmsalimentarios.com\/wp-content\/uploads\/film-retractil-plastico-de_polietileno-01.jpg","datePublished":"2023-07-22T23:06:25+00:00","dateModified":"2023-07-28T08:43:27+00:00","breadcrumb":{"@id":"https:\/\/stretchfilmplasticosretractilesyfilmsalimentarios.com\/fr\/producto\/film-plastique-retractable\/film-de-polyethylene-retractable\/#breadcrumb"},"inLanguage":"fr-FR","potentialAction":[{"@type":"ReadAction","target":["https:\/\/stretchfilmplasticosretractilesyfilmsalimentarios.com\/fr\/producto\/film-plastique-retractable\/film-de-polyethylene-retractable\/"]}]},{"@type":"ImageObject","inLanguage":"fr-FR","@id":"https:\/\/stretchfilmplasticosretractilesyfilmsalimentarios.com\/fr\/producto\/film-plastique-retractable\/film-de-polyethylene-retractable\/#primaryimage","url":"https:\/\/stretchfilmplasticosretractilesyfilmsalimentarios.com\/wp-content\/uploads\/film-retractil-plastico-de_polietileno-01.jpg","contentUrl":"https:\/\/stretchfilmplasticosretractilesyfilmsalimentarios.com\/wp-content\/uploads\/film-retractil-plastico-de_polietileno-01.jpg","width":1320,"height":742},{"@type":"BreadcrumbList","@id":"https:\/\/stretchfilmplasticosretractilesyfilmsalimentarios.com\/fr\/producto\/film-plastique-retractable\/film-de-polyethylene-retractable\/#breadcrumb","itemListElement":[{"@type":"ListItem","position":1,"name":"Produits","item":"https:\/\/stretchfilmplasticosretractilesyfilmsalimentarios.com\/fr\/produits\/"},{"@type":"ListItem","position":2,"name":"Film de poly\u00e9thyl\u00e8ne r\u00e9tractable"}]},{"@type":"WebSite","@id":"https:\/\/stretchfilmplasticosretractilesyfilmsalimentarios.com\/fr\/#website","url":"https:\/\/stretchfilmplasticosretractilesyfilmsalimentarios.com\/fr\/","name":"Stretch y Retr\u00e1ctil","description":"","publisher":{"@id":"https:\/\/stretchfilmplasticosretractilesyfilmsalimentarios.com\/fr\/#organization"},"potentialAction":[{"@type":"SearchAction","target":{"@type":"EntryPoint","urlTemplate":"https:\/\/stretchfilmplasticosretractilesyfilmsalimentarios.com\/fr\/?s={search_term_string}"},"query-input":{"@type":"PropertyValueSpecification","valueRequired":true,"valueName":"search_term_string"}}],"inLanguage":"fr-FR"},{"@type":"Organization","@id":"https:\/\/stretchfilmplasticosretractilesyfilmsalimentarios.com\/fr\/#organization","name":"Stretch y Retr\u00e1ctil","url":"https:\/\/stretchfilmplasticosretractilesyfilmsalimentarios.com\/fr\/","logo":{"@type":"ImageObject","inLanguage":"fr-FR","@id":"https:\/\/stretchfilmplasticosretractilesyfilmsalimentarios.com\/fr\/#\/schema\/logo\/image\/","url":"https:\/\/stretchfilmplasticosretractilesyfilmsalimentarios.com\/wp-content\/uploads\/logostretch-sticky.png","contentUrl":"https:\/\/stretchfilmplasticosretractilesyfilmsalimentarios.com\/wp-content\/uploads\/logostretch-sticky.png","width":269,"height":64,"caption":"Stretch y Retr\u00e1ctil"},"image":{"@id":"https:\/\/stretchfilmplasticosretractilesyfilmsalimentarios.com\/fr\/#\/schema\/logo\/image\/"}}]}},"_links":{"self":[{"href":"https:\/\/stretchfilmplasticosretractilesyfilmsalimentarios.com\/fr\/wp-json\/wp\/v2\/product\/1899","targetHints":{"allow":["GET"]}}],"collection":[{"href":"https:\/\/stretchfilmplasticosretractilesyfilmsalimentarios.com\/fr\/wp-json\/wp\/v2\/product"}],"about":[{"href":"https:\/\/stretchfilmplasticosretractilesyfilmsalimentarios.com\/fr\/wp-json\/wp\/v2\/types\/product"}],"wp:featuredmedia":[{"embeddable":true,"href":"https:\/\/stretchfilmplasticosretractilesyfilmsalimentarios.com\/fr\/wp-json\/wp\/v2\/media\/1891"}],"wp:attachment":[{"href":"https:\/\/stretchfilmplasticosretractilesyfilmsalimentarios.com\/fr\/wp-json\/wp\/v2\/media?parent=1899"}],"wp:term":[{"taxonomy":"product_cat","embeddable":true,"href":"https:\/\/stretchfilmplasticosretractilesyfilmsalimentarios.com\/fr\/wp-json\/wp\/v2\/product_cat?post=1899"},{"taxonomy":"product_tag","embeddable":true,"href":"https:\/\/stretchfilmplasticosretractilesyfilmsalimentarios.com\/fr\/wp-json\/wp\/v2\/product_tag?post=1899"}],"curies":[{"name":"wp","href":"https:\/\/api.w.org\/{rel}","templated":true}]}}