{"id":1793,"date":"2023-07-22T19:31:57","date_gmt":"2023-07-22T19:31:57","guid":{"rendered":"https:\/\/85.208.23.146\/~str346us\/producto\/non%20class\u00e9\/film-de-proteccion-adhesivo-medico-dental\/"},"modified":"2023-07-22T19:48:40","modified_gmt":"2023-07-22T19:48:40","slug":"film-de-protection-adheif-medical","status":"publish","type":"product","link":"https:\/\/stretchfilmplasticosretractilesyfilmsalimentarios.com\/fr\/producto\/film-de-protection-de-surface\/film-de-protection-adheif-medical\/","title":{"rendered":"Film De Protection Adh\u00e9if M\u00e9dical"},"content":{"rendered":"<p>Film de protection autocollant \u00e0 usage m\u00e9dical.<\/p>\n<p>Ce type de film auto-adh\u00e9sif est utilis\u00e9 pour recouvrir et \/ ou prot\u00e9ger les surfaces difficiles \u00e0 nettoyer, afin d\u2019\u00e9viter toute contamination et salet\u00e9 sur celles-ci. Ne laisse aucun r\u00e9sidu. En format continu ou en bobines avec pr\u00e9d\u00e9coupe de 15-18 cm. Rouleaux de 300 m\u00e8tres avec 1667 services.<\/p>\n<p>Disponible en bleu transparent ou translucide. Possibilit\u00e9 de faire des bobines avec des largeurs personnalis\u00e9es et des s\u00e9quences sp\u00e9ciales selon les exigences du client.<\/p>\n","protected":false},"excerpt":{"rendered":"<p>Film de protection autocollant \u00e0 usage m\u00e9dical. Ce type de film auto-adh\u00e9sif est utilis\u00e9 pour recouvrir et \/ ou prot\u00e9ger les surfaces difficiles \u00e0 nettoyer, afin d\u2019\u00e9viter toute contamination et salet\u00e9 sur celles-ci. Ne laisse aucun r\u00e9sidu. En format continu ou en bobines avec pr\u00e9d\u00e9coupe de 15-18 cm. Rouleaux de 300 m\u00e8tres avec 1667 services. [&hellip;]<\/p>\n","protected":false},"featured_media":1785,"template":"","meta":[],"product_cat":[47],"product_tag":[],"class_list":{"0":"post-1793","1":"product","2":"type-product","3":"status-publish","4":"has-post-thumbnail","6":"product_cat-film-de-protection-de-surface","8":"first","9":"instock","10":"shipping-taxable","11":"product-type-simple"},"yoast_head":"<!-- This site is optimized with the Yoast SEO plugin v24.0 - https:\/\/yoast.com\/wordpress\/plugins\/seo\/ -->\n<title>Film De Protection Adh\u00e9if M\u00e9dical - Stretch y Retr\u00e1ctil<\/title>\n<meta name=\"robots\" content=\"index, follow, max-snippet:-1, max-image-preview:large, max-video-preview:-1\" \/>\n<link rel=\"canonical\" href=\"https:\/\/stretchfilmplasticosretractilesyfilmsalimentarios.com\/fr\/producto\/film-de-protection-de-surface\/film-de-protection-adheif-medical\/\" \/>\n<meta property=\"og:locale\" content=\"fr_FR\" \/>\n<meta property=\"og:type\" content=\"article\" \/>\n<meta property=\"og:title\" content=\"Film De Protection Adh\u00e9if M\u00e9dical - Stretch y Retr\u00e1ctil\" \/>\n<meta property=\"og:description\" content=\"Film de protection autocollant \u00e0 usage m\u00e9dical. Ce type de film auto-adh\u00e9sif est utilis\u00e9 pour recouvrir et \/ ou prot\u00e9ger les surfaces difficiles \u00e0 nettoyer, afin d\u2019\u00e9viter toute contamination et salet\u00e9 sur celles-ci. Ne laisse aucun r\u00e9sidu. En format continu ou en bobines avec pr\u00e9d\u00e9coupe de 15-18 cm. Rouleaux de 300 m\u00e8tres avec 1667 services. [&hellip;]\" \/>\n<meta property=\"og:url\" content=\"https:\/\/stretchfilmplasticosretractilesyfilmsalimentarios.com\/fr\/producto\/film-de-protection-de-surface\/film-de-protection-adheif-medical\/\" \/>\n<meta property=\"og:site_name\" content=\"Stretch y Retr\u00e1ctil\" \/>\n<meta property=\"article:modified_time\" content=\"2023-07-22T19:48:40+00:00\" \/>\n<meta property=\"og:image\" content=\"https:\/\/stretchfilmplasticosretractilesyfilmsalimentarios.com\/wp-content\/uploads\/film-autoadhesivo-medico-dental-01.jpg\" \/>\n\t<meta property=\"og:image:width\" content=\"1320\" \/>\n\t<meta property=\"og:image:height\" content=\"742\" \/>\n\t<meta property=\"og:image:type\" content=\"image\/jpeg\" \/>\n<meta name=\"twitter:card\" content=\"summary_large_image\" \/>\n<meta name=\"twitter:label1\" content=\"Dur\u00e9e de lecture estim\u00e9e\" \/>\n\t<meta name=\"twitter:data1\" content=\"1 minute\" \/>\n<script type=\"application\/ld+json\" class=\"yoast-schema-graph\">{\"@context\":\"https:\/\/schema.org\",\"@graph\":[{\"@type\":\"WebPage\",\"@id\":\"https:\/\/stretchfilmplasticosretractilesyfilmsalimentarios.com\/fr\/producto\/film-de-protection-de-surface\/film-de-protection-adheif-medical\/\",\"url\":\"https:\/\/stretchfilmplasticosretractilesyfilmsalimentarios.com\/fr\/producto\/film-de-protection-de-surface\/film-de-protection-adheif-medical\/\",\"name\":\"Film De Protection Adh\u00e9if M\u00e9dical - Stretch y Retr\u00e1ctil\",\"isPartOf\":{\"@id\":\"https:\/\/stretchfilmplasticosretractilesyfilmsalimentarios.com\/fr\/#website\"},\"primaryImageOfPage\":{\"@id\":\"https:\/\/stretchfilmplasticosretractilesyfilmsalimentarios.com\/fr\/producto\/film-de-protection-de-surface\/film-de-protection-adheif-medical\/#primaryimage\"},\"image\":{\"@id\":\"https:\/\/stretchfilmplasticosretractilesyfilmsalimentarios.com\/fr\/producto\/film-de-protection-de-surface\/film-de-protection-adheif-medical\/#primaryimage\"},\"thumbnailUrl\":\"https:\/\/stretchfilmplasticosretractilesyfilmsalimentarios.com\/wp-content\/uploads\/film-autoadhesivo-medico-dental-01.jpg\",\"datePublished\":\"2023-07-22T19:31:57+00:00\",\"dateModified\":\"2023-07-22T19:48:40+00:00\",\"breadcrumb\":{\"@id\":\"https:\/\/stretchfilmplasticosretractilesyfilmsalimentarios.com\/fr\/producto\/film-de-protection-de-surface\/film-de-protection-adheif-medical\/#breadcrumb\"},\"inLanguage\":\"fr-FR\",\"potentialAction\":[{\"@type\":\"ReadAction\",\"target\":[\"https:\/\/stretchfilmplasticosretractilesyfilmsalimentarios.com\/fr\/producto\/film-de-protection-de-surface\/film-de-protection-adheif-medical\/\"]}]},{\"@type\":\"ImageObject\",\"inLanguage\":\"fr-FR\",\"@id\":\"https:\/\/stretchfilmplasticosretractilesyfilmsalimentarios.com\/fr\/producto\/film-de-protection-de-surface\/film-de-protection-adheif-medical\/#primaryimage\",\"url\":\"https:\/\/stretchfilmplasticosretractilesyfilmsalimentarios.com\/wp-content\/uploads\/film-autoadhesivo-medico-dental-01.jpg\",\"contentUrl\":\"https:\/\/stretchfilmplasticosretractilesyfilmsalimentarios.com\/wp-content\/uploads\/film-autoadhesivo-medico-dental-01.jpg\",\"width\":1320,\"height\":742},{\"@type\":\"BreadcrumbList\",\"@id\":\"https:\/\/stretchfilmplasticosretractilesyfilmsalimentarios.com\/fr\/producto\/film-de-protection-de-surface\/film-de-protection-adheif-medical\/#breadcrumb\",\"itemListElement\":[{\"@type\":\"ListItem\",\"position\":1,\"name\":\"Produits\",\"item\":\"https:\/\/stretchfilmplasticosretractilesyfilmsalimentarios.com\/fr\/produits\/\"},{\"@type\":\"ListItem\",\"position\":2,\"name\":\"Film De Protection Adh\u00e9if M\u00e9dical\"}]},{\"@type\":\"WebSite\",\"@id\":\"https:\/\/stretchfilmplasticosretractilesyfilmsalimentarios.com\/fr\/#website\",\"url\":\"https:\/\/stretchfilmplasticosretractilesyfilmsalimentarios.com\/fr\/\",\"name\":\"Stretch y Retr\u00e1ctil\",\"description\":\"\",\"publisher\":{\"@id\":\"https:\/\/stretchfilmplasticosretractilesyfilmsalimentarios.com\/fr\/#organization\"},\"potentialAction\":[{\"@type\":\"SearchAction\",\"target\":{\"@type\":\"EntryPoint\",\"urlTemplate\":\"https:\/\/stretchfilmplasticosretractilesyfilmsalimentarios.com\/fr\/?s={search_term_string}\"},\"query-input\":{\"@type\":\"PropertyValueSpecification\",\"valueRequired\":true,\"valueName\":\"search_term_string\"}}],\"inLanguage\":\"fr-FR\"},{\"@type\":\"Organization\",\"@id\":\"https:\/\/stretchfilmplasticosretractilesyfilmsalimentarios.com\/fr\/#organization\",\"name\":\"Stretch y Retr\u00e1ctil\",\"url\":\"https:\/\/stretchfilmplasticosretractilesyfilmsalimentarios.com\/fr\/\",\"logo\":{\"@type\":\"ImageObject\",\"inLanguage\":\"fr-FR\",\"@id\":\"https:\/\/stretchfilmplasticosretractilesyfilmsalimentarios.com\/fr\/#\/schema\/logo\/image\/\",\"url\":\"https:\/\/stretchfilmplasticosretractilesyfilmsalimentarios.com\/wp-content\/uploads\/logostretch-sticky.png\",\"contentUrl\":\"https:\/\/stretchfilmplasticosretractilesyfilmsalimentarios.com\/wp-content\/uploads\/logostretch-sticky.png\",\"width\":269,\"height\":64,\"caption\":\"Stretch y Retr\u00e1ctil\"},\"image\":{\"@id\":\"https:\/\/stretchfilmplasticosretractilesyfilmsalimentarios.com\/fr\/#\/schema\/logo\/image\/\"}}]}<\/script>\n<!-- \/ Yoast SEO plugin. -->","yoast_head_json":{"title":"Film De Protection Adh\u00e9if M\u00e9dical - Stretch y Retr\u00e1ctil","robots":{"index":"index","follow":"follow","max-snippet":"max-snippet:-1","max-image-preview":"max-image-preview:large","max-video-preview":"max-video-preview:-1"},"canonical":"https:\/\/stretchfilmplasticosretractilesyfilmsalimentarios.com\/fr\/producto\/film-de-protection-de-surface\/film-de-protection-adheif-medical\/","og_locale":"fr_FR","og_type":"article","og_title":"Film De Protection Adh\u00e9if M\u00e9dical - Stretch y Retr\u00e1ctil","og_description":"Film de protection autocollant \u00e0 usage m\u00e9dical. Ce type de film auto-adh\u00e9sif est utilis\u00e9 pour recouvrir et \/ ou prot\u00e9ger les surfaces difficiles \u00e0 nettoyer, afin d\u2019\u00e9viter toute contamination et salet\u00e9 sur celles-ci. Ne laisse aucun r\u00e9sidu. En format continu ou en bobines avec pr\u00e9d\u00e9coupe de 15-18 cm. Rouleaux de 300 m\u00e8tres avec 1667 services. [&hellip;]","og_url":"https:\/\/stretchfilmplasticosretractilesyfilmsalimentarios.com\/fr\/producto\/film-de-protection-de-surface\/film-de-protection-adheif-medical\/","og_site_name":"Stretch y Retr\u00e1ctil","article_modified_time":"2023-07-22T19:48:40+00:00","og_image":[{"width":1320,"height":742,"url":"https:\/\/stretchfilmplasticosretractilesyfilmsalimentarios.com\/wp-content\/uploads\/film-autoadhesivo-medico-dental-01.jpg","type":"image\/jpeg"}],"twitter_card":"summary_large_image","twitter_misc":{"Dur\u00e9e de lecture estim\u00e9e":"1 minute"},"schema":{"@context":"https:\/\/schema.org","@graph":[{"@type":"WebPage","@id":"https:\/\/stretchfilmplasticosretractilesyfilmsalimentarios.com\/fr\/producto\/film-de-protection-de-surface\/film-de-protection-adheif-medical\/","url":"https:\/\/stretchfilmplasticosretractilesyfilmsalimentarios.com\/fr\/producto\/film-de-protection-de-surface\/film-de-protection-adheif-medical\/","name":"Film De Protection Adh\u00e9if M\u00e9dical - Stretch y Retr\u00e1ctil","isPartOf":{"@id":"https:\/\/stretchfilmplasticosretractilesyfilmsalimentarios.com\/fr\/#website"},"primaryImageOfPage":{"@id":"https:\/\/stretchfilmplasticosretractilesyfilmsalimentarios.com\/fr\/producto\/film-de-protection-de-surface\/film-de-protection-adheif-medical\/#primaryimage"},"image":{"@id":"https:\/\/stretchfilmplasticosretractilesyfilmsalimentarios.com\/fr\/producto\/film-de-protection-de-surface\/film-de-protection-adheif-medical\/#primaryimage"},"thumbnailUrl":"https:\/\/stretchfilmplasticosretractilesyfilmsalimentarios.com\/wp-content\/uploads\/film-autoadhesivo-medico-dental-01.jpg","datePublished":"2023-07-22T19:31:57+00:00","dateModified":"2023-07-22T19:48:40+00:00","breadcrumb":{"@id":"https:\/\/stretchfilmplasticosretractilesyfilmsalimentarios.com\/fr\/producto\/film-de-protection-de-surface\/film-de-protection-adheif-medical\/#breadcrumb"},"inLanguage":"fr-FR","potentialAction":[{"@type":"ReadAction","target":["https:\/\/stretchfilmplasticosretractilesyfilmsalimentarios.com\/fr\/producto\/film-de-protection-de-surface\/film-de-protection-adheif-medical\/"]}]},{"@type":"ImageObject","inLanguage":"fr-FR","@id":"https:\/\/stretchfilmplasticosretractilesyfilmsalimentarios.com\/fr\/producto\/film-de-protection-de-surface\/film-de-protection-adheif-medical\/#primaryimage","url":"https:\/\/stretchfilmplasticosretractilesyfilmsalimentarios.com\/wp-content\/uploads\/film-autoadhesivo-medico-dental-01.jpg","contentUrl":"https:\/\/stretchfilmplasticosretractilesyfilmsalimentarios.com\/wp-content\/uploads\/film-autoadhesivo-medico-dental-01.jpg","width":1320,"height":742},{"@type":"BreadcrumbList","@id":"https:\/\/stretchfilmplasticosretractilesyfilmsalimentarios.com\/fr\/producto\/film-de-protection-de-surface\/film-de-protection-adheif-medical\/#breadcrumb","itemListElement":[{"@type":"ListItem","position":1,"name":"Produits","item":"https:\/\/stretchfilmplasticosretractilesyfilmsalimentarios.com\/fr\/produits\/"},{"@type":"ListItem","position":2,"name":"Film De Protection Adh\u00e9if M\u00e9dical"}]},{"@type":"WebSite","@id":"https:\/\/stretchfilmplasticosretractilesyfilmsalimentarios.com\/fr\/#website","url":"https:\/\/stretchfilmplasticosretractilesyfilmsalimentarios.com\/fr\/","name":"Stretch y Retr\u00e1ctil","description":"","publisher":{"@id":"https:\/\/stretchfilmplasticosretractilesyfilmsalimentarios.com\/fr\/#organization"},"potentialAction":[{"@type":"SearchAction","target":{"@type":"EntryPoint","urlTemplate":"https:\/\/stretchfilmplasticosretractilesyfilmsalimentarios.com\/fr\/?s={search_term_string}"},"query-input":{"@type":"PropertyValueSpecification","valueRequired":true,"valueName":"search_term_string"}}],"inLanguage":"fr-FR"},{"@type":"Organization","@id":"https:\/\/stretchfilmplasticosretractilesyfilmsalimentarios.com\/fr\/#organization","name":"Stretch y Retr\u00e1ctil","url":"https:\/\/stretchfilmplasticosretractilesyfilmsalimentarios.com\/fr\/","logo":{"@type":"ImageObject","inLanguage":"fr-FR","@id":"https:\/\/stretchfilmplasticosretractilesyfilmsalimentarios.com\/fr\/#\/schema\/logo\/image\/","url":"https:\/\/stretchfilmplasticosretractilesyfilmsalimentarios.com\/wp-content\/uploads\/logostretch-sticky.png","contentUrl":"https:\/\/stretchfilmplasticosretractilesyfilmsalimentarios.com\/wp-content\/uploads\/logostretch-sticky.png","width":269,"height":64,"caption":"Stretch y Retr\u00e1ctil"},"image":{"@id":"https:\/\/stretchfilmplasticosretractilesyfilmsalimentarios.com\/fr\/#\/schema\/logo\/image\/"}}]}},"_links":{"self":[{"href":"https:\/\/stretchfilmplasticosretractilesyfilmsalimentarios.com\/fr\/wp-json\/wp\/v2\/product\/1793","targetHints":{"allow":["GET"]}}],"collection":[{"href":"https:\/\/stretchfilmplasticosretractilesyfilmsalimentarios.com\/fr\/wp-json\/wp\/v2\/product"}],"about":[{"href":"https:\/\/stretchfilmplasticosretractilesyfilmsalimentarios.com\/fr\/wp-json\/wp\/v2\/types\/product"}],"wp:featuredmedia":[{"embeddable":true,"href":"https:\/\/stretchfilmplasticosretractilesyfilmsalimentarios.com\/fr\/wp-json\/wp\/v2\/media\/1785"}],"wp:attachment":[{"href":"https:\/\/stretchfilmplasticosretractilesyfilmsalimentarios.com\/fr\/wp-json\/wp\/v2\/media?parent=1793"}],"wp:term":[{"taxonomy":"product_cat","embeddable":true,"href":"https:\/\/stretchfilmplasticosretractilesyfilmsalimentarios.com\/fr\/wp-json\/wp\/v2\/product_cat?post=1793"},{"taxonomy":"product_tag","embeddable":true,"href":"https:\/\/stretchfilmplasticosretractilesyfilmsalimentarios.com\/fr\/wp-json\/wp\/v2\/product_tag?post=1793"}],"curies":[{"name":"wp","href":"https:\/\/api.w.org\/{rel}","templated":true}]}}