{"id":1792,"date":"2023-06-23T15:58:13","date_gmt":"2023-06-23T15:58:13","guid":{"rendered":"https:\/\/85.208.23.146\/~str346us\/producto\/non%20class\u00e9\/film-de-protection-de-surface\/"},"modified":"2023-07-22T19:47:00","modified_gmt":"2023-07-22T19:47:00","slug":"film-de-protection-adhesif","status":"publish","type":"product","link":"https:\/\/stretchfilmplasticosretractilesyfilmsalimentarios.com\/fr\/producto\/film-de-protection-de-surface\/film-de-protection-adhesif\/","title":{"rendered":"Film de Protection Adh\u00e9sif"},"content":{"rendered":"<p>Este\u00a0<strong>film de protecci\u00f3n autoadhesivo<\/strong>\u00a0est\u00e1 fabricado con polietileno y adhesivos tipo caucho, acr\u00edlico y otros, seg\u00fan requiera la superficie que hay que proteger.<\/p>\n<p>El\u00a0<strong>film de protecci\u00f3n adhesivo<\/strong>\u00a0tiene un sistema especial de adhesi\u00f3n y se emplea para aplicaciones concretas, para que no deje residuos de ning\u00fan tipo sea la superficie que sea.<\/p>\n<p>El\u00a0<strong>film de protecci\u00f3n adhesivo<\/strong>\u00a0se fabrica en transparente, azul, blanco y negro con antiuvi para evitar que penetren los rayos solares y da\u00f1en cualquier superficie. Se puede fabricar tambi\u00e9n con impresi\u00f3n personalizada para cantidades m\u00ednimas.<\/p>\n","protected":false},"excerpt":{"rendered":"<p>Este\u00a0film de protecci\u00f3n autoadhesivo\u00a0est\u00e1 fabricado con polietileno y adhesivos tipo caucho, acr\u00edlico y otros, seg\u00fan requiera la superficie que hay que proteger. El\u00a0film de protecci\u00f3n adhesivo\u00a0tiene un sistema especial de adhesi\u00f3n y se emplea para aplicaciones concretas, para que no deje residuos de ning\u00fan tipo sea la superficie que sea. El\u00a0film de protecci\u00f3n adhesivo\u00a0se fabrica [&hellip;]<\/p>\n","protected":false},"featured_media":1319,"template":"","meta":[],"product_cat":[47],"product_tag":[],"class_list":{"0":"post-1792","1":"product","2":"type-product","3":"status-publish","4":"has-post-thumbnail","6":"product_cat-film-de-protection-de-surface","8":"first","9":"instock","10":"shipping-taxable","11":"product-type-simple"},"yoast_head":"<!-- This site is optimized with the Yoast SEO plugin v24.0 - https:\/\/yoast.com\/wordpress\/plugins\/seo\/ -->\n<title>Film de Protection Adh\u00e9sif - Stretch y Retr\u00e1ctil<\/title>\n<meta name=\"robots\" content=\"index, follow, max-snippet:-1, max-image-preview:large, max-video-preview:-1\" \/>\n<link rel=\"canonical\" href=\"https:\/\/stretchfilmplasticosretractilesyfilmsalimentarios.com\/fr\/producto\/film-de-protection-de-surface\/film-de-protection-adhesif\/\" \/>\n<meta property=\"og:locale\" content=\"fr_FR\" \/>\n<meta property=\"og:type\" content=\"article\" \/>\n<meta property=\"og:title\" content=\"Film de Protection Adh\u00e9sif - Stretch y Retr\u00e1ctil\" \/>\n<meta property=\"og:description\" content=\"Este\u00a0film de protecci\u00f3n autoadhesivo\u00a0est\u00e1 fabricado con polietileno y adhesivos tipo caucho, acr\u00edlico y otros, seg\u00fan requiera la superficie que hay que proteger. El\u00a0film de protecci\u00f3n adhesivo\u00a0tiene un sistema especial de adhesi\u00f3n y se emplea para aplicaciones concretas, para que no deje residuos de ning\u00fan tipo sea la superficie que sea. El\u00a0film de protecci\u00f3n adhesivo\u00a0se fabrica [&hellip;]\" \/>\n<meta property=\"og:url\" content=\"https:\/\/stretchfilmplasticosretractilesyfilmsalimentarios.com\/fr\/producto\/film-de-protection-de-surface\/film-de-protection-adhesif\/\" \/>\n<meta property=\"og:site_name\" content=\"Stretch y Retr\u00e1ctil\" \/>\n<meta property=\"article:modified_time\" content=\"2023-07-22T19:47:00+00:00\" \/>\n<meta property=\"og:image\" content=\"https:\/\/stretchfilmplasticosretractilesyfilmsalimentarios.com\/wp-content\/uploads\/film-de-proteccion-adhesivo01.jpg\" \/>\n\t<meta property=\"og:image:width\" content=\"1320\" \/>\n\t<meta property=\"og:image:height\" content=\"742\" \/>\n\t<meta property=\"og:image:type\" content=\"image\/jpeg\" \/>\n<meta name=\"twitter:card\" content=\"summary_large_image\" \/>\n<meta name=\"twitter:label1\" content=\"Dur\u00e9e de lecture estim\u00e9e\" \/>\n\t<meta name=\"twitter:data1\" content=\"1 minute\" \/>\n<script type=\"application\/ld+json\" class=\"yoast-schema-graph\">{\"@context\":\"https:\/\/schema.org\",\"@graph\":[{\"@type\":\"WebPage\",\"@id\":\"https:\/\/stretchfilmplasticosretractilesyfilmsalimentarios.com\/fr\/producto\/film-de-protection-de-surface\/film-de-protection-adhesif\/\",\"url\":\"https:\/\/stretchfilmplasticosretractilesyfilmsalimentarios.com\/fr\/producto\/film-de-protection-de-surface\/film-de-protection-adhesif\/\",\"name\":\"Film de Protection Adh\u00e9sif - Stretch y Retr\u00e1ctil\",\"isPartOf\":{\"@id\":\"https:\/\/stretchfilmplasticosretractilesyfilmsalimentarios.com\/fr\/#website\"},\"primaryImageOfPage\":{\"@id\":\"https:\/\/stretchfilmplasticosretractilesyfilmsalimentarios.com\/fr\/producto\/film-de-protection-de-surface\/film-de-protection-adhesif\/#primaryimage\"},\"image\":{\"@id\":\"https:\/\/stretchfilmplasticosretractilesyfilmsalimentarios.com\/fr\/producto\/film-de-protection-de-surface\/film-de-protection-adhesif\/#primaryimage\"},\"thumbnailUrl\":\"https:\/\/stretchfilmplasticosretractilesyfilmsalimentarios.com\/wp-content\/uploads\/film-de-proteccion-adhesivo01.jpg\",\"datePublished\":\"2023-06-23T15:58:13+00:00\",\"dateModified\":\"2023-07-22T19:47:00+00:00\",\"breadcrumb\":{\"@id\":\"https:\/\/stretchfilmplasticosretractilesyfilmsalimentarios.com\/fr\/producto\/film-de-protection-de-surface\/film-de-protection-adhesif\/#breadcrumb\"},\"inLanguage\":\"fr-FR\",\"potentialAction\":[{\"@type\":\"ReadAction\",\"target\":[\"https:\/\/stretchfilmplasticosretractilesyfilmsalimentarios.com\/fr\/producto\/film-de-protection-de-surface\/film-de-protection-adhesif\/\"]}]},{\"@type\":\"ImageObject\",\"inLanguage\":\"fr-FR\",\"@id\":\"https:\/\/stretchfilmplasticosretractilesyfilmsalimentarios.com\/fr\/producto\/film-de-protection-de-surface\/film-de-protection-adhesif\/#primaryimage\",\"url\":\"https:\/\/stretchfilmplasticosretractilesyfilmsalimentarios.com\/wp-content\/uploads\/film-de-proteccion-adhesivo01.jpg\",\"contentUrl\":\"https:\/\/stretchfilmplasticosretractilesyfilmsalimentarios.com\/wp-content\/uploads\/film-de-proteccion-adhesivo01.jpg\",\"width\":1320,\"height\":742},{\"@type\":\"BreadcrumbList\",\"@id\":\"https:\/\/stretchfilmplasticosretractilesyfilmsalimentarios.com\/fr\/producto\/film-de-protection-de-surface\/film-de-protection-adhesif\/#breadcrumb\",\"itemListElement\":[{\"@type\":\"ListItem\",\"position\":1,\"name\":\"Produits\",\"item\":\"https:\/\/stretchfilmplasticosretractilesyfilmsalimentarios.com\/fr\/produits\/\"},{\"@type\":\"ListItem\",\"position\":2,\"name\":\"Film de Protection Adh\u00e9sif\"}]},{\"@type\":\"WebSite\",\"@id\":\"https:\/\/stretchfilmplasticosretractilesyfilmsalimentarios.com\/fr\/#website\",\"url\":\"https:\/\/stretchfilmplasticosretractilesyfilmsalimentarios.com\/fr\/\",\"name\":\"Stretch y Retr\u00e1ctil\",\"description\":\"\",\"publisher\":{\"@id\":\"https:\/\/stretchfilmplasticosretractilesyfilmsalimentarios.com\/fr\/#organization\"},\"potentialAction\":[{\"@type\":\"SearchAction\",\"target\":{\"@type\":\"EntryPoint\",\"urlTemplate\":\"https:\/\/stretchfilmplasticosretractilesyfilmsalimentarios.com\/fr\/?s={search_term_string}\"},\"query-input\":{\"@type\":\"PropertyValueSpecification\",\"valueRequired\":true,\"valueName\":\"search_term_string\"}}],\"inLanguage\":\"fr-FR\"},{\"@type\":\"Organization\",\"@id\":\"https:\/\/stretchfilmplasticosretractilesyfilmsalimentarios.com\/fr\/#organization\",\"name\":\"Stretch y Retr\u00e1ctil\",\"url\":\"https:\/\/stretchfilmplasticosretractilesyfilmsalimentarios.com\/fr\/\",\"logo\":{\"@type\":\"ImageObject\",\"inLanguage\":\"fr-FR\",\"@id\":\"https:\/\/stretchfilmplasticosretractilesyfilmsalimentarios.com\/fr\/#\/schema\/logo\/image\/\",\"url\":\"https:\/\/stretchfilmplasticosretractilesyfilmsalimentarios.com\/wp-content\/uploads\/logostretch-sticky.png\",\"contentUrl\":\"https:\/\/stretchfilmplasticosretractilesyfilmsalimentarios.com\/wp-content\/uploads\/logostretch-sticky.png\",\"width\":269,\"height\":64,\"caption\":\"Stretch y Retr\u00e1ctil\"},\"image\":{\"@id\":\"https:\/\/stretchfilmplasticosretractilesyfilmsalimentarios.com\/fr\/#\/schema\/logo\/image\/\"}}]}<\/script>\n<!-- \/ Yoast SEO plugin. -->","yoast_head_json":{"title":"Film de Protection Adh\u00e9sif - Stretch y Retr\u00e1ctil","robots":{"index":"index","follow":"follow","max-snippet":"max-snippet:-1","max-image-preview":"max-image-preview:large","max-video-preview":"max-video-preview:-1"},"canonical":"https:\/\/stretchfilmplasticosretractilesyfilmsalimentarios.com\/fr\/producto\/film-de-protection-de-surface\/film-de-protection-adhesif\/","og_locale":"fr_FR","og_type":"article","og_title":"Film de Protection Adh\u00e9sif - Stretch y Retr\u00e1ctil","og_description":"Este\u00a0film de protecci\u00f3n autoadhesivo\u00a0est\u00e1 fabricado con polietileno y adhesivos tipo caucho, acr\u00edlico y otros, seg\u00fan requiera la superficie que hay que proteger. El\u00a0film de protecci\u00f3n adhesivo\u00a0tiene un sistema especial de adhesi\u00f3n y se emplea para aplicaciones concretas, para que no deje residuos de ning\u00fan tipo sea la superficie que sea. El\u00a0film de protecci\u00f3n adhesivo\u00a0se fabrica [&hellip;]","og_url":"https:\/\/stretchfilmplasticosretractilesyfilmsalimentarios.com\/fr\/producto\/film-de-protection-de-surface\/film-de-protection-adhesif\/","og_site_name":"Stretch y Retr\u00e1ctil","article_modified_time":"2023-07-22T19:47:00+00:00","og_image":[{"width":1320,"height":742,"url":"https:\/\/stretchfilmplasticosretractilesyfilmsalimentarios.com\/wp-content\/uploads\/film-de-proteccion-adhesivo01.jpg","type":"image\/jpeg"}],"twitter_card":"summary_large_image","twitter_misc":{"Dur\u00e9e de lecture estim\u00e9e":"1 minute"},"schema":{"@context":"https:\/\/schema.org","@graph":[{"@type":"WebPage","@id":"https:\/\/stretchfilmplasticosretractilesyfilmsalimentarios.com\/fr\/producto\/film-de-protection-de-surface\/film-de-protection-adhesif\/","url":"https:\/\/stretchfilmplasticosretractilesyfilmsalimentarios.com\/fr\/producto\/film-de-protection-de-surface\/film-de-protection-adhesif\/","name":"Film de Protection Adh\u00e9sif - Stretch y Retr\u00e1ctil","isPartOf":{"@id":"https:\/\/stretchfilmplasticosretractilesyfilmsalimentarios.com\/fr\/#website"},"primaryImageOfPage":{"@id":"https:\/\/stretchfilmplasticosretractilesyfilmsalimentarios.com\/fr\/producto\/film-de-protection-de-surface\/film-de-protection-adhesif\/#primaryimage"},"image":{"@id":"https:\/\/stretchfilmplasticosretractilesyfilmsalimentarios.com\/fr\/producto\/film-de-protection-de-surface\/film-de-protection-adhesif\/#primaryimage"},"thumbnailUrl":"https:\/\/stretchfilmplasticosretractilesyfilmsalimentarios.com\/wp-content\/uploads\/film-de-proteccion-adhesivo01.jpg","datePublished":"2023-06-23T15:58:13+00:00","dateModified":"2023-07-22T19:47:00+00:00","breadcrumb":{"@id":"https:\/\/stretchfilmplasticosretractilesyfilmsalimentarios.com\/fr\/producto\/film-de-protection-de-surface\/film-de-protection-adhesif\/#breadcrumb"},"inLanguage":"fr-FR","potentialAction":[{"@type":"ReadAction","target":["https:\/\/stretchfilmplasticosretractilesyfilmsalimentarios.com\/fr\/producto\/film-de-protection-de-surface\/film-de-protection-adhesif\/"]}]},{"@type":"ImageObject","inLanguage":"fr-FR","@id":"https:\/\/stretchfilmplasticosretractilesyfilmsalimentarios.com\/fr\/producto\/film-de-protection-de-surface\/film-de-protection-adhesif\/#primaryimage","url":"https:\/\/stretchfilmplasticosretractilesyfilmsalimentarios.com\/wp-content\/uploads\/film-de-proteccion-adhesivo01.jpg","contentUrl":"https:\/\/stretchfilmplasticosretractilesyfilmsalimentarios.com\/wp-content\/uploads\/film-de-proteccion-adhesivo01.jpg","width":1320,"height":742},{"@type":"BreadcrumbList","@id":"https:\/\/stretchfilmplasticosretractilesyfilmsalimentarios.com\/fr\/producto\/film-de-protection-de-surface\/film-de-protection-adhesif\/#breadcrumb","itemListElement":[{"@type":"ListItem","position":1,"name":"Produits","item":"https:\/\/stretchfilmplasticosretractilesyfilmsalimentarios.com\/fr\/produits\/"},{"@type":"ListItem","position":2,"name":"Film de Protection Adh\u00e9sif"}]},{"@type":"WebSite","@id":"https:\/\/stretchfilmplasticosretractilesyfilmsalimentarios.com\/fr\/#website","url":"https:\/\/stretchfilmplasticosretractilesyfilmsalimentarios.com\/fr\/","name":"Stretch y Retr\u00e1ctil","description":"","publisher":{"@id":"https:\/\/stretchfilmplasticosretractilesyfilmsalimentarios.com\/fr\/#organization"},"potentialAction":[{"@type":"SearchAction","target":{"@type":"EntryPoint","urlTemplate":"https:\/\/stretchfilmplasticosretractilesyfilmsalimentarios.com\/fr\/?s={search_term_string}"},"query-input":{"@type":"PropertyValueSpecification","valueRequired":true,"valueName":"search_term_string"}}],"inLanguage":"fr-FR"},{"@type":"Organization","@id":"https:\/\/stretchfilmplasticosretractilesyfilmsalimentarios.com\/fr\/#organization","name":"Stretch y Retr\u00e1ctil","url":"https:\/\/stretchfilmplasticosretractilesyfilmsalimentarios.com\/fr\/","logo":{"@type":"ImageObject","inLanguage":"fr-FR","@id":"https:\/\/stretchfilmplasticosretractilesyfilmsalimentarios.com\/fr\/#\/schema\/logo\/image\/","url":"https:\/\/stretchfilmplasticosretractilesyfilmsalimentarios.com\/wp-content\/uploads\/logostretch-sticky.png","contentUrl":"https:\/\/stretchfilmplasticosretractilesyfilmsalimentarios.com\/wp-content\/uploads\/logostretch-sticky.png","width":269,"height":64,"caption":"Stretch y Retr\u00e1ctil"},"image":{"@id":"https:\/\/stretchfilmplasticosretractilesyfilmsalimentarios.com\/fr\/#\/schema\/logo\/image\/"}}]}},"_links":{"self":[{"href":"https:\/\/stretchfilmplasticosretractilesyfilmsalimentarios.com\/fr\/wp-json\/wp\/v2\/product\/1792","targetHints":{"allow":["GET"]}}],"collection":[{"href":"https:\/\/stretchfilmplasticosretractilesyfilmsalimentarios.com\/fr\/wp-json\/wp\/v2\/product"}],"about":[{"href":"https:\/\/stretchfilmplasticosretractilesyfilmsalimentarios.com\/fr\/wp-json\/wp\/v2\/types\/product"}],"wp:featuredmedia":[{"embeddable":true,"href":"https:\/\/stretchfilmplasticosretractilesyfilmsalimentarios.com\/fr\/wp-json\/wp\/v2\/media\/1319"}],"wp:attachment":[{"href":"https:\/\/stretchfilmplasticosretractilesyfilmsalimentarios.com\/fr\/wp-json\/wp\/v2\/media?parent=1792"}],"wp:term":[{"taxonomy":"product_cat","embeddable":true,"href":"https:\/\/stretchfilmplasticosretractilesyfilmsalimentarios.com\/fr\/wp-json\/wp\/v2\/product_cat?post=1792"},{"taxonomy":"product_tag","embeddable":true,"href":"https:\/\/stretchfilmplasticosretractilesyfilmsalimentarios.com\/fr\/wp-json\/wp\/v2\/product_tag?post=1792"}],"curies":[{"name":"wp","href":"https:\/\/api.w.org\/{rel}","templated":true}]}}