{"id":1770,"date":"2023-07-22T15:30:53","date_gmt":"2023-07-22T15:30:53","guid":{"rendered":"https:\/\/85.208.23.146\/~str346us\/producto\/non%20class\u00e9\/films-compostables-y-biodegradables\/"},"modified":"2023-07-22T18:02:22","modified_gmt":"2023-07-22T18:02:22","slug":"films-compostables-et-biodegradables","status":"publish","type":"product","link":"https:\/\/stretchfilmplasticosretractilesyfilmsalimentarios.com\/fr\/producto\/films-ecologiques-eco-friendly\/films-compostables-et-biodegradables\/","title":{"rendered":"Films compostables et biod\u00e9gradables"},"content":{"rendered":"<p>Large gamme de <strong>films<\/strong> transparents et de stratifi\u00e9s enti\u00e8rement <strong>compostables<\/strong> et con\u00e7us pour se <strong>biod\u00e9grader<\/strong> tout comme les d\u00e9chets organiques dans le compost m\u00e9nager et \/ ou industriel, o\u00f9 ils sont accept\u00e9s. Ils constituent une alternative compostable aux emballages plastiques flexibles conventionnels tels que le poly\u00e9thyl\u00e8ne et le polypropyl\u00e8ne.<\/p>\n<p>Ils sont imprimables et scellables et disponibles dans une vari\u00e9t\u00e9 d\u2019applications.<\/p>\n<p><strong>Film biod\u00e9gradable PLA : <\/strong>Poly Lactid Acid, Il provient de la biomasse, principalement de l\u2019amidon de ma\u00efs, de la canne \u00e0 sucre ou de la cellulose.<\/p>\n<p>Id\u00e9al pour les machines d\u2019emballage Flow pack, les scelleuses de barquettes, les scelleuses en L et les emballeuses verticales.<\/p>\n<p>C\u2019est un film tr\u00e8s transparent et brillant, tr\u00e8s \u00e9lastique et r\u00e9sistant.<\/p>\n<p><strong>Film compostable:<\/strong> Film fabriqu\u00e9 \u00e0 partir de mati\u00e8res premi\u00e8res principalement issues du traitement de la f\u00e9cule de pomme de terre. Correctement transform\u00e9 apr\u00e8s usage, il est utilis\u00e9 pour faire du compost ou du compost organique.<\/p>\n<p>Ce film peut remplacer le poly\u00e9thyl\u00e8ne dans la plupart de ses applications.<\/p>\n<p>Disponible en feuille, tube, tube semi-tube ou sacs.<\/p>\n","protected":false},"excerpt":{"rendered":"<p>Large gamme de films transparents et de stratifi\u00e9s enti\u00e8rement compostables et con\u00e7us pour se biod\u00e9grader tout comme les d\u00e9chets organiques dans le compost m\u00e9nager et \/ ou industriel, o\u00f9 ils sont accept\u00e9s. Ils constituent une alternative compostable aux emballages plastiques flexibles conventionnels tels que le poly\u00e9thyl\u00e8ne et le polypropyl\u00e8ne. Ils sont imprimables et scellables et [&hellip;]<\/p>\n","protected":false},"featured_media":1691,"template":"","meta":[],"product_cat":[45],"product_tag":[],"class_list":{"0":"post-1770","1":"product","2":"type-product","3":"status-publish","4":"has-post-thumbnail","6":"product_cat-films-ecologiques-eco-friendly","8":"first","9":"instock","10":"shipping-taxable","11":"product-type-simple"},"yoast_head":"<!-- This site is optimized with the Yoast SEO plugin v24.0 - https:\/\/yoast.com\/wordpress\/plugins\/seo\/ -->\n<title>Films compostables et biod\u00e9gradables - Stretch y Retr\u00e1ctil<\/title>\n<meta name=\"robots\" content=\"index, follow, max-snippet:-1, max-image-preview:large, max-video-preview:-1\" \/>\n<link rel=\"canonical\" href=\"https:\/\/stretchfilmplasticosretractilesyfilmsalimentarios.com\/fr\/producto\/films-ecologiques-eco-friendly\/films-compostables-et-biodegradables\/\" \/>\n<meta property=\"og:locale\" content=\"fr_FR\" \/>\n<meta property=\"og:type\" content=\"article\" \/>\n<meta property=\"og:title\" content=\"Films compostables et biod\u00e9gradables - Stretch y Retr\u00e1ctil\" \/>\n<meta property=\"og:description\" content=\"Large gamme de films transparents et de stratifi\u00e9s enti\u00e8rement compostables et con\u00e7us pour se biod\u00e9grader tout comme les d\u00e9chets organiques dans le compost m\u00e9nager et \/ ou industriel, o\u00f9 ils sont accept\u00e9s. Ils constituent une alternative compostable aux emballages plastiques flexibles conventionnels tels que le poly\u00e9thyl\u00e8ne et le polypropyl\u00e8ne. Ils sont imprimables et scellables et [&hellip;]\" \/>\n<meta property=\"og:url\" content=\"https:\/\/stretchfilmplasticosretractilesyfilmsalimentarios.com\/fr\/producto\/films-ecologiques-eco-friendly\/films-compostables-et-biodegradables\/\" \/>\n<meta property=\"og:site_name\" content=\"Stretch y Retr\u00e1ctil\" \/>\n<meta property=\"article:modified_time\" content=\"2023-07-22T18:02:22+00:00\" \/>\n<meta property=\"og:image\" content=\"https:\/\/stretchfilmplasticosretractilesyfilmsalimentarios.com\/wp-content\/uploads\/Films-compostables-y-biodegradables-01.png\" \/>\n\t<meta property=\"og:image:width\" content=\"1320\" \/>\n\t<meta property=\"og:image:height\" content=\"742\" \/>\n\t<meta property=\"og:image:type\" content=\"image\/png\" \/>\n<meta name=\"twitter:card\" content=\"summary_large_image\" \/>\n<meta name=\"twitter:label1\" content=\"Dur\u00e9e de lecture estim\u00e9e\" \/>\n\t<meta name=\"twitter:data1\" content=\"1 minute\" \/>\n<script type=\"application\/ld+json\" class=\"yoast-schema-graph\">{\"@context\":\"https:\/\/schema.org\",\"@graph\":[{\"@type\":\"WebPage\",\"@id\":\"https:\/\/stretchfilmplasticosretractilesyfilmsalimentarios.com\/fr\/producto\/films-ecologiques-eco-friendly\/films-compostables-et-biodegradables\/\",\"url\":\"https:\/\/stretchfilmplasticosretractilesyfilmsalimentarios.com\/fr\/producto\/films-ecologiques-eco-friendly\/films-compostables-et-biodegradables\/\",\"name\":\"Films compostables et biod\u00e9gradables - Stretch y Retr\u00e1ctil\",\"isPartOf\":{\"@id\":\"https:\/\/stretchfilmplasticosretractilesyfilmsalimentarios.com\/fr\/#website\"},\"primaryImageOfPage\":{\"@id\":\"https:\/\/stretchfilmplasticosretractilesyfilmsalimentarios.com\/fr\/producto\/films-ecologiques-eco-friendly\/films-compostables-et-biodegradables\/#primaryimage\"},\"image\":{\"@id\":\"https:\/\/stretchfilmplasticosretractilesyfilmsalimentarios.com\/fr\/producto\/films-ecologiques-eco-friendly\/films-compostables-et-biodegradables\/#primaryimage\"},\"thumbnailUrl\":\"https:\/\/stretchfilmplasticosretractilesyfilmsalimentarios.com\/wp-content\/uploads\/Films-compostables-y-biodegradables-01.png\",\"datePublished\":\"2023-07-22T15:30:53+00:00\",\"dateModified\":\"2023-07-22T18:02:22+00:00\",\"breadcrumb\":{\"@id\":\"https:\/\/stretchfilmplasticosretractilesyfilmsalimentarios.com\/fr\/producto\/films-ecologiques-eco-friendly\/films-compostables-et-biodegradables\/#breadcrumb\"},\"inLanguage\":\"fr-FR\",\"potentialAction\":[{\"@type\":\"ReadAction\",\"target\":[\"https:\/\/stretchfilmplasticosretractilesyfilmsalimentarios.com\/fr\/producto\/films-ecologiques-eco-friendly\/films-compostables-et-biodegradables\/\"]}]},{\"@type\":\"ImageObject\",\"inLanguage\":\"fr-FR\",\"@id\":\"https:\/\/stretchfilmplasticosretractilesyfilmsalimentarios.com\/fr\/producto\/films-ecologiques-eco-friendly\/films-compostables-et-biodegradables\/#primaryimage\",\"url\":\"https:\/\/stretchfilmplasticosretractilesyfilmsalimentarios.com\/wp-content\/uploads\/Films-compostables-y-biodegradables-01.png\",\"contentUrl\":\"https:\/\/stretchfilmplasticosretractilesyfilmsalimentarios.com\/wp-content\/uploads\/Films-compostables-y-biodegradables-01.png\",\"width\":1320,\"height\":742},{\"@type\":\"BreadcrumbList\",\"@id\":\"https:\/\/stretchfilmplasticosretractilesyfilmsalimentarios.com\/fr\/producto\/films-ecologiques-eco-friendly\/films-compostables-et-biodegradables\/#breadcrumb\",\"itemListElement\":[{\"@type\":\"ListItem\",\"position\":1,\"name\":\"Produits\",\"item\":\"https:\/\/stretchfilmplasticosretractilesyfilmsalimentarios.com\/fr\/produits\/\"},{\"@type\":\"ListItem\",\"position\":2,\"name\":\"Films compostables et biod\u00e9gradables\"}]},{\"@type\":\"WebSite\",\"@id\":\"https:\/\/stretchfilmplasticosretractilesyfilmsalimentarios.com\/fr\/#website\",\"url\":\"https:\/\/stretchfilmplasticosretractilesyfilmsalimentarios.com\/fr\/\",\"name\":\"Stretch y Retr\u00e1ctil\",\"description\":\"\",\"publisher\":{\"@id\":\"https:\/\/stretchfilmplasticosretractilesyfilmsalimentarios.com\/fr\/#organization\"},\"potentialAction\":[{\"@type\":\"SearchAction\",\"target\":{\"@type\":\"EntryPoint\",\"urlTemplate\":\"https:\/\/stretchfilmplasticosretractilesyfilmsalimentarios.com\/fr\/?s={search_term_string}\"},\"query-input\":{\"@type\":\"PropertyValueSpecification\",\"valueRequired\":true,\"valueName\":\"search_term_string\"}}],\"inLanguage\":\"fr-FR\"},{\"@type\":\"Organization\",\"@id\":\"https:\/\/stretchfilmplasticosretractilesyfilmsalimentarios.com\/fr\/#organization\",\"name\":\"Stretch y Retr\u00e1ctil\",\"url\":\"https:\/\/stretchfilmplasticosretractilesyfilmsalimentarios.com\/fr\/\",\"logo\":{\"@type\":\"ImageObject\",\"inLanguage\":\"fr-FR\",\"@id\":\"https:\/\/stretchfilmplasticosretractilesyfilmsalimentarios.com\/fr\/#\/schema\/logo\/image\/\",\"url\":\"https:\/\/stretchfilmplasticosretractilesyfilmsalimentarios.com\/wp-content\/uploads\/logostretch-sticky.png\",\"contentUrl\":\"https:\/\/stretchfilmplasticosretractilesyfilmsalimentarios.com\/wp-content\/uploads\/logostretch-sticky.png\",\"width\":269,\"height\":64,\"caption\":\"Stretch y Retr\u00e1ctil\"},\"image\":{\"@id\":\"https:\/\/stretchfilmplasticosretractilesyfilmsalimentarios.com\/fr\/#\/schema\/logo\/image\/\"}}]}<\/script>\n<!-- \/ Yoast SEO plugin. -->","yoast_head_json":{"title":"Films compostables et biod\u00e9gradables - Stretch y Retr\u00e1ctil","robots":{"index":"index","follow":"follow","max-snippet":"max-snippet:-1","max-image-preview":"max-image-preview:large","max-video-preview":"max-video-preview:-1"},"canonical":"https:\/\/stretchfilmplasticosretractilesyfilmsalimentarios.com\/fr\/producto\/films-ecologiques-eco-friendly\/films-compostables-et-biodegradables\/","og_locale":"fr_FR","og_type":"article","og_title":"Films compostables et biod\u00e9gradables - Stretch y Retr\u00e1ctil","og_description":"Large gamme de films transparents et de stratifi\u00e9s enti\u00e8rement compostables et con\u00e7us pour se biod\u00e9grader tout comme les d\u00e9chets organiques dans le compost m\u00e9nager et \/ ou industriel, o\u00f9 ils sont accept\u00e9s. Ils constituent une alternative compostable aux emballages plastiques flexibles conventionnels tels que le poly\u00e9thyl\u00e8ne et le polypropyl\u00e8ne. Ils sont imprimables et scellables et [&hellip;]","og_url":"https:\/\/stretchfilmplasticosretractilesyfilmsalimentarios.com\/fr\/producto\/films-ecologiques-eco-friendly\/films-compostables-et-biodegradables\/","og_site_name":"Stretch y Retr\u00e1ctil","article_modified_time":"2023-07-22T18:02:22+00:00","og_image":[{"width":1320,"height":742,"url":"https:\/\/stretchfilmplasticosretractilesyfilmsalimentarios.com\/wp-content\/uploads\/Films-compostables-y-biodegradables-01.png","type":"image\/png"}],"twitter_card":"summary_large_image","twitter_misc":{"Dur\u00e9e de lecture estim\u00e9e":"1 minute"},"schema":{"@context":"https:\/\/schema.org","@graph":[{"@type":"WebPage","@id":"https:\/\/stretchfilmplasticosretractilesyfilmsalimentarios.com\/fr\/producto\/films-ecologiques-eco-friendly\/films-compostables-et-biodegradables\/","url":"https:\/\/stretchfilmplasticosretractilesyfilmsalimentarios.com\/fr\/producto\/films-ecologiques-eco-friendly\/films-compostables-et-biodegradables\/","name":"Films compostables et biod\u00e9gradables - Stretch y Retr\u00e1ctil","isPartOf":{"@id":"https:\/\/stretchfilmplasticosretractilesyfilmsalimentarios.com\/fr\/#website"},"primaryImageOfPage":{"@id":"https:\/\/stretchfilmplasticosretractilesyfilmsalimentarios.com\/fr\/producto\/films-ecologiques-eco-friendly\/films-compostables-et-biodegradables\/#primaryimage"},"image":{"@id":"https:\/\/stretchfilmplasticosretractilesyfilmsalimentarios.com\/fr\/producto\/films-ecologiques-eco-friendly\/films-compostables-et-biodegradables\/#primaryimage"},"thumbnailUrl":"https:\/\/stretchfilmplasticosretractilesyfilmsalimentarios.com\/wp-content\/uploads\/Films-compostables-y-biodegradables-01.png","datePublished":"2023-07-22T15:30:53+00:00","dateModified":"2023-07-22T18:02:22+00:00","breadcrumb":{"@id":"https:\/\/stretchfilmplasticosretractilesyfilmsalimentarios.com\/fr\/producto\/films-ecologiques-eco-friendly\/films-compostables-et-biodegradables\/#breadcrumb"},"inLanguage":"fr-FR","potentialAction":[{"@type":"ReadAction","target":["https:\/\/stretchfilmplasticosretractilesyfilmsalimentarios.com\/fr\/producto\/films-ecologiques-eco-friendly\/films-compostables-et-biodegradables\/"]}]},{"@type":"ImageObject","inLanguage":"fr-FR","@id":"https:\/\/stretchfilmplasticosretractilesyfilmsalimentarios.com\/fr\/producto\/films-ecologiques-eco-friendly\/films-compostables-et-biodegradables\/#primaryimage","url":"https:\/\/stretchfilmplasticosretractilesyfilmsalimentarios.com\/wp-content\/uploads\/Films-compostables-y-biodegradables-01.png","contentUrl":"https:\/\/stretchfilmplasticosretractilesyfilmsalimentarios.com\/wp-content\/uploads\/Films-compostables-y-biodegradables-01.png","width":1320,"height":742},{"@type":"BreadcrumbList","@id":"https:\/\/stretchfilmplasticosretractilesyfilmsalimentarios.com\/fr\/producto\/films-ecologiques-eco-friendly\/films-compostables-et-biodegradables\/#breadcrumb","itemListElement":[{"@type":"ListItem","position":1,"name":"Produits","item":"https:\/\/stretchfilmplasticosretractilesyfilmsalimentarios.com\/fr\/produits\/"},{"@type":"ListItem","position":2,"name":"Films compostables et biod\u00e9gradables"}]},{"@type":"WebSite","@id":"https:\/\/stretchfilmplasticosretractilesyfilmsalimentarios.com\/fr\/#website","url":"https:\/\/stretchfilmplasticosretractilesyfilmsalimentarios.com\/fr\/","name":"Stretch y Retr\u00e1ctil","description":"","publisher":{"@id":"https:\/\/stretchfilmplasticosretractilesyfilmsalimentarios.com\/fr\/#organization"},"potentialAction":[{"@type":"SearchAction","target":{"@type":"EntryPoint","urlTemplate":"https:\/\/stretchfilmplasticosretractilesyfilmsalimentarios.com\/fr\/?s={search_term_string}"},"query-input":{"@type":"PropertyValueSpecification","valueRequired":true,"valueName":"search_term_string"}}],"inLanguage":"fr-FR"},{"@type":"Organization","@id":"https:\/\/stretchfilmplasticosretractilesyfilmsalimentarios.com\/fr\/#organization","name":"Stretch y Retr\u00e1ctil","url":"https:\/\/stretchfilmplasticosretractilesyfilmsalimentarios.com\/fr\/","logo":{"@type":"ImageObject","inLanguage":"fr-FR","@id":"https:\/\/stretchfilmplasticosretractilesyfilmsalimentarios.com\/fr\/#\/schema\/logo\/image\/","url":"https:\/\/stretchfilmplasticosretractilesyfilmsalimentarios.com\/wp-content\/uploads\/logostretch-sticky.png","contentUrl":"https:\/\/stretchfilmplasticosretractilesyfilmsalimentarios.com\/wp-content\/uploads\/logostretch-sticky.png","width":269,"height":64,"caption":"Stretch y Retr\u00e1ctil"},"image":{"@id":"https:\/\/stretchfilmplasticosretractilesyfilmsalimentarios.com\/fr\/#\/schema\/logo\/image\/"}}]}},"_links":{"self":[{"href":"https:\/\/stretchfilmplasticosretractilesyfilmsalimentarios.com\/fr\/wp-json\/wp\/v2\/product\/1770","targetHints":{"allow":["GET"]}}],"collection":[{"href":"https:\/\/stretchfilmplasticosretractilesyfilmsalimentarios.com\/fr\/wp-json\/wp\/v2\/product"}],"about":[{"href":"https:\/\/stretchfilmplasticosretractilesyfilmsalimentarios.com\/fr\/wp-json\/wp\/v2\/types\/product"}],"wp:featuredmedia":[{"embeddable":true,"href":"https:\/\/stretchfilmplasticosretractilesyfilmsalimentarios.com\/fr\/wp-json\/wp\/v2\/media\/1691"}],"wp:attachment":[{"href":"https:\/\/stretchfilmplasticosretractilesyfilmsalimentarios.com\/fr\/wp-json\/wp\/v2\/media?parent=1770"}],"wp:term":[{"taxonomy":"product_cat","embeddable":true,"href":"https:\/\/stretchfilmplasticosretractilesyfilmsalimentarios.com\/fr\/wp-json\/wp\/v2\/product_cat?post=1770"},{"taxonomy":"product_tag","embeddable":true,"href":"https:\/\/stretchfilmplasticosretractilesyfilmsalimentarios.com\/fr\/wp-json\/wp\/v2\/product_tag?post=1770"}],"curies":[{"name":"wp","href":"https:\/\/api.w.org\/{rel}","templated":true}]}}