{"id":1768,"date":"2023-07-22T15:29:28","date_gmt":"2023-07-22T15:29:28","guid":{"rendered":"https:\/\/85.208.23.146\/~str346us\/producto\/non%20class\u00e9\/film-estirable-eco-friendly\/"},"modified":"2023-07-22T18:00:15","modified_gmt":"2023-07-22T18:00:15","slug":"film-etirable-eco-friendly","status":"publish","type":"product","link":"https:\/\/stretchfilmplasticosretractilesyfilmsalimentarios.com\/fr\/producto\/films-ecologiques-eco-friendly\/film-etirable-eco-friendly\/","title":{"rendered":"Film \u00e9tirable Eco Friendly"},"content":{"rendered":"<p><strong>Film extensible \u00e0 faible impact environnemental<\/strong>. Ce film \u00e9tirable est un film technique, sp\u00e9cialement con\u00e7u pour rivaliser avec des \u00e9paisseurs de 20 ou 23 microns et plus, avec les m\u00eames performances d\u2019\u00e9tirage et de poin\u00e7onnage, en supposant des \u00e9conomies de consommation de pr\u00e8s de 1\/3 de l\u2019habituel.<\/p>\n<p>Avec l\u2019utilisation de ce type de film \u00e9tirable, \u00e0 la fois manuel et automatique, on obtient pr\u00e8s de trois fois plus de m\u00e8tres qu\u2019avec un film conventionnel standard.<\/p>\n<ul>\n<li>\u00c9tirement garanti: 150%<\/li>\n<li>\u00c9paisseurs: 6, 8 et 10 microns<\/li>\n<li>Impact sur la consommation: r\u00e9duction de la consommation \u00e0 1\/3<\/li>\n<li>Mat\u00e9riau 100% recyclable.<\/li>\n<li>Haute r\u00e9sistance au poin\u00e7onnage<\/li>\n<li>Tenue haute<\/li>\n<li>Largeurs de 500 mm et 1000 mm.<\/li>\n<\/ul>\n","protected":false},"excerpt":{"rendered":"<p>Film extensible \u00e0 faible impact environnemental. Ce film \u00e9tirable est un film technique, sp\u00e9cialement con\u00e7u pour rivaliser avec des \u00e9paisseurs de 20 ou 23 microns et plus, avec les m\u00eames performances d\u2019\u00e9tirage et de poin\u00e7onnage, en supposant des \u00e9conomies de consommation de pr\u00e8s de 1\/3 de l\u2019habituel. Avec l\u2019utilisation de ce type de film \u00e9tirable, [&hellip;]<\/p>\n","protected":false},"featured_media":1675,"template":"","meta":[],"product_cat":[45],"product_tag":[],"class_list":{"0":"post-1768","1":"product","2":"type-product","3":"status-publish","4":"has-post-thumbnail","6":"product_cat-films-ecologiques-eco-friendly","8":"first","9":"instock","10":"shipping-taxable","11":"product-type-simple"},"yoast_head":"<!-- This site is optimized with the Yoast SEO plugin v24.0 - https:\/\/yoast.com\/wordpress\/plugins\/seo\/ -->\n<title>Film \u00e9tirable Eco Friendly - Stretch y Retr\u00e1ctil<\/title>\n<meta name=\"robots\" content=\"index, follow, max-snippet:-1, max-image-preview:large, max-video-preview:-1\" \/>\n<link rel=\"canonical\" href=\"https:\/\/stretchfilmplasticosretractilesyfilmsalimentarios.com\/fr\/producto\/films-ecologiques-eco-friendly\/film-etirable-eco-friendly\/\" \/>\n<meta property=\"og:locale\" content=\"fr_FR\" \/>\n<meta property=\"og:type\" content=\"article\" \/>\n<meta property=\"og:title\" content=\"Film \u00e9tirable Eco Friendly - Stretch y Retr\u00e1ctil\" \/>\n<meta property=\"og:description\" content=\"Film extensible \u00e0 faible impact environnemental. Ce film \u00e9tirable est un film technique, sp\u00e9cialement con\u00e7u pour rivaliser avec des \u00e9paisseurs de 20 ou 23 microns et plus, avec les m\u00eames performances d\u2019\u00e9tirage et de poin\u00e7onnage, en supposant des \u00e9conomies de consommation de pr\u00e8s de 1\/3 de l\u2019habituel. Avec l\u2019utilisation de ce type de film \u00e9tirable, [&hellip;]\" \/>\n<meta property=\"og:url\" content=\"https:\/\/stretchfilmplasticosretractilesyfilmsalimentarios.com\/fr\/producto\/films-ecologiques-eco-friendly\/film-etirable-eco-friendly\/\" \/>\n<meta property=\"og:site_name\" content=\"Stretch y Retr\u00e1ctil\" \/>\n<meta property=\"article:modified_time\" content=\"2023-07-22T18:00:15+00:00\" \/>\n<meta property=\"og:image\" content=\"https:\/\/stretchfilmplasticosretractilesyfilmsalimentarios.com\/wp-content\/uploads\/film-estirable-eco-friendly-01.png\" \/>\n\t<meta property=\"og:image:width\" content=\"1320\" \/>\n\t<meta property=\"og:image:height\" content=\"742\" \/>\n\t<meta property=\"og:image:type\" content=\"image\/png\" \/>\n<meta name=\"twitter:card\" content=\"summary_large_image\" \/>\n<meta name=\"twitter:label1\" content=\"Dur\u00e9e de lecture estim\u00e9e\" \/>\n\t<meta name=\"twitter:data1\" content=\"1 minute\" \/>\n<script type=\"application\/ld+json\" class=\"yoast-schema-graph\">{\"@context\":\"https:\/\/schema.org\",\"@graph\":[{\"@type\":\"WebPage\",\"@id\":\"https:\/\/stretchfilmplasticosretractilesyfilmsalimentarios.com\/fr\/producto\/films-ecologiques-eco-friendly\/film-etirable-eco-friendly\/\",\"url\":\"https:\/\/stretchfilmplasticosretractilesyfilmsalimentarios.com\/fr\/producto\/films-ecologiques-eco-friendly\/film-etirable-eco-friendly\/\",\"name\":\"Film \u00e9tirable Eco Friendly - Stretch y Retr\u00e1ctil\",\"isPartOf\":{\"@id\":\"https:\/\/stretchfilmplasticosretractilesyfilmsalimentarios.com\/fr\/#website\"},\"primaryImageOfPage\":{\"@id\":\"https:\/\/stretchfilmplasticosretractilesyfilmsalimentarios.com\/fr\/producto\/films-ecologiques-eco-friendly\/film-etirable-eco-friendly\/#primaryimage\"},\"image\":{\"@id\":\"https:\/\/stretchfilmplasticosretractilesyfilmsalimentarios.com\/fr\/producto\/films-ecologiques-eco-friendly\/film-etirable-eco-friendly\/#primaryimage\"},\"thumbnailUrl\":\"https:\/\/stretchfilmplasticosretractilesyfilmsalimentarios.com\/wp-content\/uploads\/film-estirable-eco-friendly-01.png\",\"datePublished\":\"2023-07-22T15:29:28+00:00\",\"dateModified\":\"2023-07-22T18:00:15+00:00\",\"breadcrumb\":{\"@id\":\"https:\/\/stretchfilmplasticosretractilesyfilmsalimentarios.com\/fr\/producto\/films-ecologiques-eco-friendly\/film-etirable-eco-friendly\/#breadcrumb\"},\"inLanguage\":\"fr-FR\",\"potentialAction\":[{\"@type\":\"ReadAction\",\"target\":[\"https:\/\/stretchfilmplasticosretractilesyfilmsalimentarios.com\/fr\/producto\/films-ecologiques-eco-friendly\/film-etirable-eco-friendly\/\"]}]},{\"@type\":\"ImageObject\",\"inLanguage\":\"fr-FR\",\"@id\":\"https:\/\/stretchfilmplasticosretractilesyfilmsalimentarios.com\/fr\/producto\/films-ecologiques-eco-friendly\/film-etirable-eco-friendly\/#primaryimage\",\"url\":\"https:\/\/stretchfilmplasticosretractilesyfilmsalimentarios.com\/wp-content\/uploads\/film-estirable-eco-friendly-01.png\",\"contentUrl\":\"https:\/\/stretchfilmplasticosretractilesyfilmsalimentarios.com\/wp-content\/uploads\/film-estirable-eco-friendly-01.png\",\"width\":1320,\"height\":742},{\"@type\":\"BreadcrumbList\",\"@id\":\"https:\/\/stretchfilmplasticosretractilesyfilmsalimentarios.com\/fr\/producto\/films-ecologiques-eco-friendly\/film-etirable-eco-friendly\/#breadcrumb\",\"itemListElement\":[{\"@type\":\"ListItem\",\"position\":1,\"name\":\"Produits\",\"item\":\"https:\/\/stretchfilmplasticosretractilesyfilmsalimentarios.com\/fr\/produits\/\"},{\"@type\":\"ListItem\",\"position\":2,\"name\":\"Film \u00e9tirable Eco Friendly\"}]},{\"@type\":\"WebSite\",\"@id\":\"https:\/\/stretchfilmplasticosretractilesyfilmsalimentarios.com\/fr\/#website\",\"url\":\"https:\/\/stretchfilmplasticosretractilesyfilmsalimentarios.com\/fr\/\",\"name\":\"Stretch y Retr\u00e1ctil\",\"description\":\"\",\"publisher\":{\"@id\":\"https:\/\/stretchfilmplasticosretractilesyfilmsalimentarios.com\/fr\/#organization\"},\"potentialAction\":[{\"@type\":\"SearchAction\",\"target\":{\"@type\":\"EntryPoint\",\"urlTemplate\":\"https:\/\/stretchfilmplasticosretractilesyfilmsalimentarios.com\/fr\/?s={search_term_string}\"},\"query-input\":{\"@type\":\"PropertyValueSpecification\",\"valueRequired\":true,\"valueName\":\"search_term_string\"}}],\"inLanguage\":\"fr-FR\"},{\"@type\":\"Organization\",\"@id\":\"https:\/\/stretchfilmplasticosretractilesyfilmsalimentarios.com\/fr\/#organization\",\"name\":\"Stretch y Retr\u00e1ctil\",\"url\":\"https:\/\/stretchfilmplasticosretractilesyfilmsalimentarios.com\/fr\/\",\"logo\":{\"@type\":\"ImageObject\",\"inLanguage\":\"fr-FR\",\"@id\":\"https:\/\/stretchfilmplasticosretractilesyfilmsalimentarios.com\/fr\/#\/schema\/logo\/image\/\",\"url\":\"https:\/\/stretchfilmplasticosretractilesyfilmsalimentarios.com\/wp-content\/uploads\/logostretch-sticky.png\",\"contentUrl\":\"https:\/\/stretchfilmplasticosretractilesyfilmsalimentarios.com\/wp-content\/uploads\/logostretch-sticky.png\",\"width\":269,\"height\":64,\"caption\":\"Stretch y Retr\u00e1ctil\"},\"image\":{\"@id\":\"https:\/\/stretchfilmplasticosretractilesyfilmsalimentarios.com\/fr\/#\/schema\/logo\/image\/\"}}]}<\/script>\n<!-- \/ Yoast SEO plugin. -->","yoast_head_json":{"title":"Film \u00e9tirable Eco Friendly - Stretch y Retr\u00e1ctil","robots":{"index":"index","follow":"follow","max-snippet":"max-snippet:-1","max-image-preview":"max-image-preview:large","max-video-preview":"max-video-preview:-1"},"canonical":"https:\/\/stretchfilmplasticosretractilesyfilmsalimentarios.com\/fr\/producto\/films-ecologiques-eco-friendly\/film-etirable-eco-friendly\/","og_locale":"fr_FR","og_type":"article","og_title":"Film \u00e9tirable Eco Friendly - Stretch y Retr\u00e1ctil","og_description":"Film extensible \u00e0 faible impact environnemental. Ce film \u00e9tirable est un film technique, sp\u00e9cialement con\u00e7u pour rivaliser avec des \u00e9paisseurs de 20 ou 23 microns et plus, avec les m\u00eames performances d\u2019\u00e9tirage et de poin\u00e7onnage, en supposant des \u00e9conomies de consommation de pr\u00e8s de 1\/3 de l\u2019habituel. Avec l\u2019utilisation de ce type de film \u00e9tirable, [&hellip;]","og_url":"https:\/\/stretchfilmplasticosretractilesyfilmsalimentarios.com\/fr\/producto\/films-ecologiques-eco-friendly\/film-etirable-eco-friendly\/","og_site_name":"Stretch y Retr\u00e1ctil","article_modified_time":"2023-07-22T18:00:15+00:00","og_image":[{"width":1320,"height":742,"url":"https:\/\/stretchfilmplasticosretractilesyfilmsalimentarios.com\/wp-content\/uploads\/film-estirable-eco-friendly-01.png","type":"image\/png"}],"twitter_card":"summary_large_image","twitter_misc":{"Dur\u00e9e de lecture estim\u00e9e":"1 minute"},"schema":{"@context":"https:\/\/schema.org","@graph":[{"@type":"WebPage","@id":"https:\/\/stretchfilmplasticosretractilesyfilmsalimentarios.com\/fr\/producto\/films-ecologiques-eco-friendly\/film-etirable-eco-friendly\/","url":"https:\/\/stretchfilmplasticosretractilesyfilmsalimentarios.com\/fr\/producto\/films-ecologiques-eco-friendly\/film-etirable-eco-friendly\/","name":"Film \u00e9tirable Eco Friendly - Stretch y Retr\u00e1ctil","isPartOf":{"@id":"https:\/\/stretchfilmplasticosretractilesyfilmsalimentarios.com\/fr\/#website"},"primaryImageOfPage":{"@id":"https:\/\/stretchfilmplasticosretractilesyfilmsalimentarios.com\/fr\/producto\/films-ecologiques-eco-friendly\/film-etirable-eco-friendly\/#primaryimage"},"image":{"@id":"https:\/\/stretchfilmplasticosretractilesyfilmsalimentarios.com\/fr\/producto\/films-ecologiques-eco-friendly\/film-etirable-eco-friendly\/#primaryimage"},"thumbnailUrl":"https:\/\/stretchfilmplasticosretractilesyfilmsalimentarios.com\/wp-content\/uploads\/film-estirable-eco-friendly-01.png","datePublished":"2023-07-22T15:29:28+00:00","dateModified":"2023-07-22T18:00:15+00:00","breadcrumb":{"@id":"https:\/\/stretchfilmplasticosretractilesyfilmsalimentarios.com\/fr\/producto\/films-ecologiques-eco-friendly\/film-etirable-eco-friendly\/#breadcrumb"},"inLanguage":"fr-FR","potentialAction":[{"@type":"ReadAction","target":["https:\/\/stretchfilmplasticosretractilesyfilmsalimentarios.com\/fr\/producto\/films-ecologiques-eco-friendly\/film-etirable-eco-friendly\/"]}]},{"@type":"ImageObject","inLanguage":"fr-FR","@id":"https:\/\/stretchfilmplasticosretractilesyfilmsalimentarios.com\/fr\/producto\/films-ecologiques-eco-friendly\/film-etirable-eco-friendly\/#primaryimage","url":"https:\/\/stretchfilmplasticosretractilesyfilmsalimentarios.com\/wp-content\/uploads\/film-estirable-eco-friendly-01.png","contentUrl":"https:\/\/stretchfilmplasticosretractilesyfilmsalimentarios.com\/wp-content\/uploads\/film-estirable-eco-friendly-01.png","width":1320,"height":742},{"@type":"BreadcrumbList","@id":"https:\/\/stretchfilmplasticosretractilesyfilmsalimentarios.com\/fr\/producto\/films-ecologiques-eco-friendly\/film-etirable-eco-friendly\/#breadcrumb","itemListElement":[{"@type":"ListItem","position":1,"name":"Produits","item":"https:\/\/stretchfilmplasticosretractilesyfilmsalimentarios.com\/fr\/produits\/"},{"@type":"ListItem","position":2,"name":"Film \u00e9tirable Eco Friendly"}]},{"@type":"WebSite","@id":"https:\/\/stretchfilmplasticosretractilesyfilmsalimentarios.com\/fr\/#website","url":"https:\/\/stretchfilmplasticosretractilesyfilmsalimentarios.com\/fr\/","name":"Stretch y Retr\u00e1ctil","description":"","publisher":{"@id":"https:\/\/stretchfilmplasticosretractilesyfilmsalimentarios.com\/fr\/#organization"},"potentialAction":[{"@type":"SearchAction","target":{"@type":"EntryPoint","urlTemplate":"https:\/\/stretchfilmplasticosretractilesyfilmsalimentarios.com\/fr\/?s={search_term_string}"},"query-input":{"@type":"PropertyValueSpecification","valueRequired":true,"valueName":"search_term_string"}}],"inLanguage":"fr-FR"},{"@type":"Organization","@id":"https:\/\/stretchfilmplasticosretractilesyfilmsalimentarios.com\/fr\/#organization","name":"Stretch y Retr\u00e1ctil","url":"https:\/\/stretchfilmplasticosretractilesyfilmsalimentarios.com\/fr\/","logo":{"@type":"ImageObject","inLanguage":"fr-FR","@id":"https:\/\/stretchfilmplasticosretractilesyfilmsalimentarios.com\/fr\/#\/schema\/logo\/image\/","url":"https:\/\/stretchfilmplasticosretractilesyfilmsalimentarios.com\/wp-content\/uploads\/logostretch-sticky.png","contentUrl":"https:\/\/stretchfilmplasticosretractilesyfilmsalimentarios.com\/wp-content\/uploads\/logostretch-sticky.png","width":269,"height":64,"caption":"Stretch y Retr\u00e1ctil"},"image":{"@id":"https:\/\/stretchfilmplasticosretractilesyfilmsalimentarios.com\/fr\/#\/schema\/logo\/image\/"}}]}},"_links":{"self":[{"href":"https:\/\/stretchfilmplasticosretractilesyfilmsalimentarios.com\/fr\/wp-json\/wp\/v2\/product\/1768","targetHints":{"allow":["GET"]}}],"collection":[{"href":"https:\/\/stretchfilmplasticosretractilesyfilmsalimentarios.com\/fr\/wp-json\/wp\/v2\/product"}],"about":[{"href":"https:\/\/stretchfilmplasticosretractilesyfilmsalimentarios.com\/fr\/wp-json\/wp\/v2\/types\/product"}],"wp:featuredmedia":[{"embeddable":true,"href":"https:\/\/stretchfilmplasticosretractilesyfilmsalimentarios.com\/fr\/wp-json\/wp\/v2\/media\/1675"}],"wp:attachment":[{"href":"https:\/\/stretchfilmplasticosretractilesyfilmsalimentarios.com\/fr\/wp-json\/wp\/v2\/media?parent=1768"}],"wp:term":[{"taxonomy":"product_cat","embeddable":true,"href":"https:\/\/stretchfilmplasticosretractilesyfilmsalimentarios.com\/fr\/wp-json\/wp\/v2\/product_cat?post=1768"},{"taxonomy":"product_tag","embeddable":true,"href":"https:\/\/stretchfilmplasticosretractilesyfilmsalimentarios.com\/fr\/wp-json\/wp\/v2\/product_tag?post=1768"}],"curies":[{"name":"wp","href":"https:\/\/api.w.org\/{rel}","templated":true}]}}