{"id":2254,"date":"2023-06-13T16:07:53","date_gmt":"2023-06-13T16:07:53","guid":{"rendered":"https:\/\/85.208.23.146\/~str346us\/empresa\/"},"modified":"2023-08-31T08:30:55","modified_gmt":"2023-08-31T08:30:55","slug":"empresa","status":"publish","type":"page","link":"https:\/\/stretchfilmplasticosretractilesyfilmsalimentarios.com\/fr\/empresa\/","title":{"rendered":"Enterprise"},"content":{"rendered":"\t\t<div data-elementor-type=\"wp-page\" data-elementor-id=\"2254\" class=\"elementor elementor-2254 elementor-64\" data-elementor-post-type=\"page\">\n\t\t\t\t\t\t<section class=\"elementor-section elementor-top-section elementor-element elementor-element-fd24321 elementor-section-full_width elementor-section-content-middle elementor-section-height-default elementor-section-height-default\" data-id=\"fd24321\" data-element_type=\"section\" data-settings=\"{&quot;background_background&quot;:&quot;classic&quot;}\">\n\t\t\t\t\t\t<div class=\"elementor-container elementor-column-gap-no\">\n\t\t\t\t\t<div class=\"elementor-column elementor-col-100 elementor-top-column elementor-element elementor-element-56f419f\" data-id=\"56f419f\" data-element_type=\"column\">\n\t\t\t<div class=\"elementor-widget-wrap elementor-element-populated\">\n\t\t\t\t\t\t<div class=\"elementor-element elementor-element-46f43cf elementor-widget elementor-widget-heading\" data-id=\"46f43cf\" data-element_type=\"widget\" data-widget_type=\"heading.default\">\n\t\t\t\t<div class=\"elementor-widget-container\">\n\t\t\t<h2 class=\"elementor-heading-title elementor-size-default\">Pourquoi travailler avec nous<\/h2>\t\t<\/div>\n\t\t\t\t<\/div>\n\t\t\t\t<section class=\"elementor-section elementor-inner-section elementor-element elementor-element-e9be50c elementor-section-full_width elementor-section-height-default elementor-section-height-default\" data-id=\"e9be50c\" data-element_type=\"section\">\n\t\t\t\t\t\t<div class=\"elementor-container elementor-column-gap-no\">\n\t\t\t\t\t<div class=\"elementor-column elementor-col-33 elementor-inner-column elementor-element elementor-element-1659b14\" data-id=\"1659b14\" data-element_type=\"column\">\n\t\t\t<div class=\"elementor-widget-wrap elementor-element-populated\">\n\t\t\t\t\t\t<div class=\"elementor-element elementor-element-8a38d27 elementor-view-stacked elementor-shape-square elementor-position-top elementor-mobile-position-top elementor-widget elementor-widget-icon-box\" data-id=\"8a38d27\" data-element_type=\"widget\" data-widget_type=\"icon-box.default\">\n\t\t\t\t<div class=\"elementor-widget-container\">\n\t\t\t\t\t<div class=\"elementor-icon-box-wrapper\">\n\n\t\t\t\t\t\t<div class=\"elementor-icon-box-icon\">\n\t\t\t\t<span  class=\"elementor-icon elementor-animation-shrink\">\n\t\t\t\t<svg xmlns=\"http:\/\/www.w3.org\/2000\/svg\" id=\"Capa_2\" data-name=\"Capa 2\" viewBox=\"0 0 49.68 42.4\"><defs><style>      .cls-1 {        fill: #53575a;      }    <\/style><\/defs><g id=\"Symbol\"><path class=\"cls-1\" d=\"m11.58,0c-3.67,0-6.64,2.9-6.64,6.48,0,2.52,1.5,4.68,3.65,5.76-.66.22-1.12.42-1.12.42C3.1,14.56,0,19.35,0,24.98c0,.77.07,1.53.18,2.27,1.78,2.19,4.52,3.79,7.71,4.53.45-5.57,3.07-10.53,7.17-13.68-1.05-1.7-1.63-3.66-1.63-5.72,0-3.44,1.61-6.52,4.13-8.56-1.05-2.24-3.31-3.82-5.99-3.82Zm30.59,12.63s-.51-.19-1.22-.4c2.15-1.07,3.64-3.23,3.64-5.75,0-3.58-2.97-6.48-6.64-6.48-2.66,0-4.91,1.55-5.96,3.76,2.56,2.04,4.2,5.14,4.2,8.61,0,2.02-.56,3.95-1.57,5.63,4.16,3.13,6.83,8.13,7.29,13.75,3.14-.75,5.83-2.34,7.59-4.5.11-.74.18-1.5.18-2.27,0-5.65-3.12-10.45-7.51-12.35Z\"><\/path><path class=\"cls-1\" d=\"m24.9,42.4c-5.45,0-10.51-2.23-13.55-5.96,0,0-.06-.17-.16-.39-.14-.31-.18-1.71-.18-2.57,0-6.41,3.41-12.11,8.69-14.52l.3-.14-.26-.2c-1.97-1.52-3.1-3.79-3.1-6.23,0-4.41,3.66-7.99,8.17-7.99s8.17,3.59,8.17,7.99c0,2.41-1.11,4.66-3.04,6.18l-.26.2.3.14c5.27,2.36,8.81,8.21,8.81,14.57,0,.81-.07,1.66-.21,2.67l-.12.29c-3.04,3.74-8.1,5.97-13.55,5.97Z\"><\/path><\/g><\/svg>\t\t\t\t<\/span>\n\t\t\t<\/div>\n\t\t\t\n\t\t\t\t\t\t<div class=\"elementor-icon-box-content\">\n\n\t\t\t\t\t\t\t\t\t<h4 class=\"elementor-icon-box-title\">\n\t\t\t\t\t\t<span  >\n\t\t\t\t\t\t\tEXP\u00c9RIENCE\t\t\t\t\t\t<\/span>\n\t\t\t\t\t<\/h4>\n\t\t\t\t\n\t\t\t\t\t\t\t\t\t<p class=\"elementor-icon-box-description\">\n\t\t\t\t\t\tLa vaste exp\u00e9rience de notre \u00e9quipe nous soutient et nous permet d\u2019\u00eatre des leaders sur le march\u00e9 de l\u2019emballage et vous proposer les meilleures solutions\t\t\t\t\t<\/p>\n\t\t\t\t\n\t\t\t<\/div>\n\t\t\t\n\t\t<\/div>\n\t\t\t\t<\/div>\n\t\t\t\t<\/div>\n\t\t\t\t\t<\/div>\n\t\t<\/div>\n\t\t\t\t<div class=\"elementor-column elementor-col-33 elementor-inner-column elementor-element elementor-element-d5731f9\" data-id=\"d5731f9\" data-element_type=\"column\">\n\t\t\t<div class=\"elementor-widget-wrap elementor-element-populated\">\n\t\t\t\t\t\t<div class=\"elementor-element elementor-element-8655b40 elementor-view-stacked elementor-shape-square elementor-position-top elementor-mobile-position-top elementor-widget elementor-widget-icon-box\" data-id=\"8655b40\" data-element_type=\"widget\" data-widget_type=\"icon-box.default\">\n\t\t\t\t<div class=\"elementor-widget-container\">\n\t\t\t\t\t<div class=\"elementor-icon-box-wrapper\">\n\n\t\t\t\t\t\t<div class=\"elementor-icon-box-icon\">\n\t\t\t\t<span  class=\"elementor-icon elementor-animation-shrink\">\n\t\t\t\t<svg xmlns=\"http:\/\/www.w3.org\/2000\/svg\" id=\"Capa_2\" data-name=\"Capa 2\" viewBox=\"0 0 43.72 42.84\"><defs><style>      .cls-1 {        fill: #53575a;      }    <\/style><\/defs><g id=\"Symbol\"><path class=\"cls-1\" d=\"m41.07,33.06l-9.58-9.38,10.53-10.49c2.27-2.27,2.27-5.95,0-8.21-2.27-2.28-5.95-2.28-8.22,0l-10.62,10.58-2.23-2.19c.23-.87.36-1.77.36-2.71C21.31,4.77,16.54,0,10.66,0c-1.45,0-2.83.29-4.08.81l5.71,5.71c1.03,1.03,1.03,2.72,0,3.75l-2.17,2.17c-1.03,1.03-2.72,1.03-3.75,0L.73,6.81c-.46,1.2-.73,2.49-.73,3.84,0,5.89,4.77,10.66,10.66,10.66,1.26,0,2.45-.23,3.56-.62,1.19,1.3,2.66,2.9,4.24,4.64l-5.35,5.4-3.24.68-5.82,8.82,2.2,2.2,8.83-5.82.68-3.24,5.23-5.27c5.38,5.89,11.15,12.2,12,13.04h0c2.24,2.26,5.88,2.27,8.12.04,2.23-2.23,2.21-5.87-.04-8.12h0Zm-17.97-12.33c-.42-.42-.42-1.1,0-1.51l12.75-12.75c.41-.42,1.1-.42,1.52,0,.42.43.42,1.1,0,1.53l-12.74,12.74c-.42.43-1.1.43-1.52,0Zm3.11,3.11c-.42-.42-.42-1.1,0-1.52l12.74-12.75c.43-.42,1.09-.42,1.51,0,.43.42.43,1.1,0,1.52l-12.74,12.75c-.42.42-1.1.42-1.52,0Zm12.52,14.95c-.9.9-2.36.9-3.26,0-.9-.9-.9-2.36,0-3.26.9-.9,2.36-.9,3.26,0,.9.9.9,2.36,0,3.26Z\"><\/path><\/g><\/svg>\t\t\t\t<\/span>\n\t\t\t<\/div>\n\t\t\t\n\t\t\t\t\t\t<div class=\"elementor-icon-box-content\">\n\n\t\t\t\t\t\t\t\t\t<h4 class=\"elementor-icon-box-title\">\n\t\t\t\t\t\t<span  >\n\t\t\t\t\t\t\tPROFESSIONNALISME\t\t\t\t\t\t<\/span>\n\t\t\t\t\t<\/h4>\n\t\t\t\t\n\t\t\t\t\t\t\t\t\t<p class=\"elementor-icon-box-description\">\n\t\t\t\t\t\tNous sommes des professionnels hautement reconnus pour nos r\u00e9alisations avec plus de 25 ans d\u2019exp\u00e9rience dans le secteur et une connaissance approfondie du march\u00e9\t\t\t\t\t<\/p>\n\t\t\t\t\n\t\t\t<\/div>\n\t\t\t\n\t\t<\/div>\n\t\t\t\t<\/div>\n\t\t\t\t<\/div>\n\t\t\t\t\t<\/div>\n\t\t<\/div>\n\t\t\t\t<div class=\"elementor-column elementor-col-33 elementor-inner-column elementor-element elementor-element-dc10ce1\" data-id=\"dc10ce1\" data-element_type=\"column\">\n\t\t\t<div class=\"elementor-widget-wrap elementor-element-populated\">\n\t\t\t\t\t\t<div class=\"elementor-element elementor-element-57acfd6 elementor-view-stacked elementor-shape-square elementor-position-top elementor-mobile-position-top elementor-widget elementor-widget-icon-box\" data-id=\"57acfd6\" data-element_type=\"widget\" data-widget_type=\"icon-box.default\">\n\t\t\t\t<div class=\"elementor-widget-container\">\n\t\t\t\t\t<div class=\"elementor-icon-box-wrapper\">\n\n\t\t\t\t\t\t<div class=\"elementor-icon-box-icon\">\n\t\t\t\t<span  class=\"elementor-icon elementor-animation-shrink\">\n\t\t\t\t<svg xmlns=\"http:\/\/www.w3.org\/2000\/svg\" id=\"Capa_2\" data-name=\"Capa 2\" viewBox=\"0 0 37.95 45\"><defs><style>      .cls-1 {        fill: #53575a;      }    <\/style><\/defs><g id=\"Symbol\"><path class=\"cls-1\" d=\"m29.42,11.82h7.44L25.81.83v7.39c0,2.15,1.46,3.6,3.61,3.6Zm.06,2.65c-3.48,0-6.31-2.84-6.31-6.32V0h-13.71c-1.89,0-3.43,1.54-3.43,3.43v8.51c.75-.16,1.53-.26,2.32-.26,2.89,0,5.6,1.12,7.64,3.17,3.76,3.75,4.16,9.61,1.23,13.82v11.02h17.31c1.89,0,3.43-1.54,3.43-3.43V14.48h-8.47Zm-27.04,2.11c-3.26,3.26-3.26,8.54,0,11.8,3.25,3.26,8.54,3.26,11.79,0,3.25-3.26,3.25-8.54,0-11.79-3.26-3.26-8.54-3.26-11.8,0Zm-.45,14.67v13.74l6.38-5.76,6.38,5.76v-13.78c-1.8,1.49-4.02,2.35-6.4,2.35s-4.56-.84-6.36-2.32Z\"><\/path><\/g><\/svg>\t\t\t\t<\/span>\n\t\t\t<\/div>\n\t\t\t\n\t\t\t\t\t\t<div class=\"elementor-icon-box-content\">\n\n\t\t\t\t\t\t\t\t\t<h4 class=\"elementor-icon-box-title\">\n\t\t\t\t\t\t<span  >\n\t\t\t\t\t\t\tGARANTIE\t\t\t\t\t\t<\/span>\n\t\t\t\t\t<\/h4>\n\t\t\t\t\n\t\t\t\t\t\t\t\t\t<p class=\"elementor-icon-box-description\">\n\t\t\t\t\t\tNous offrons les garanties maximales dans tous nos produits, ainsi que des solutions \u00e0 toutes les exigences particuli\u00e8res de nos clients\t\t\t\t\t<\/p>\n\t\t\t\t\n\t\t\t<\/div>\n\t\t\t\n\t\t<\/div>\n\t\t\t\t<\/div>\n\t\t\t\t<\/div>\n\t\t\t\t\t<\/div>\n\t\t<\/div>\n\t\t\t\t\t<\/div>\n\t\t<\/section>\n\t\t\t\t\t<\/div>\n\t\t<\/div>\n\t\t\t\t\t<\/div>\n\t\t<\/section>\n\t\t\t\t<section class=\"elementor-section elementor-top-section elementor-element elementor-element-801fc30 elementor-section-full_width nopadding elementor-section-height-default elementor-section-height-default\" data-id=\"801fc30\" data-element_type=\"section\" data-settings=\"{&quot;background_background&quot;:&quot;classic&quot;}\">\n\t\t\t\t\t\t\t<div class=\"elementor-background-overlay\"><\/div>\n\t\t\t\t\t\t\t<div class=\"elementor-container elementor-column-gap-default\">\n\t\t\t\t\t<div class=\"elementor-column elementor-col-100 elementor-top-column elementor-element elementor-element-fcba77a\" data-id=\"fcba77a\" data-element_type=\"column\">\n\t\t\t<div class=\"elementor-widget-wrap elementor-element-populated\">\n\t\t\t\t\t\t<section class=\"elementor-section elementor-inner-section elementor-element elementor-element-f9e4604 elementor-section-full_width elementor-section-height-default elementor-section-height-default\" data-id=\"f9e4604\" data-element_type=\"section\" data-settings=\"{&quot;background_background&quot;:&quot;classic&quot;}\">\n\t\t\t\t\t\t<div class=\"elementor-container elementor-column-gap-default\">\n\t\t\t\t\t<div class=\"elementor-column elementor-col-50 elementor-inner-column elementor-element elementor-element-202b977\" data-id=\"202b977\" data-element_type=\"column\">\n\t\t\t<div class=\"elementor-widget-wrap elementor-element-populated\">\n\t\t\t\t\t\t<div class=\"elementor-element elementor-element-c953081 elementor-widget elementor-widget-heading\" data-id=\"c953081\" data-element_type=\"widget\" data-widget_type=\"heading.default\">\n\t\t\t\t<div class=\"elementor-widget-container\">\n\t\t\t<h2 class=\"elementor-heading-title elementor-size-default\">Sp\u00e9cialistes du film \u00e9tirable<\/h2>\t\t<\/div>\n\t\t\t\t<\/div>\n\t\t\t\t<div class=\"elementor-element elementor-element-642d8c2 elementor-widget elementor-widget-text-editor\" data-id=\"642d8c2\" data-element_type=\"widget\" data-widget_type=\"text-editor.default\">\n\t\t\t\t<div class=\"elementor-widget-container\">\n\t\t\t\t\t\t\t<p class=\"detail\">Nous sommes sp\u00e9cialis\u00e9s dans tous les types d\u2019emballage flexible, principalement les films d\u2019emballage et de protection tels que les\u00a0<strong>films \u00e9tirables<\/strong>, les\u00a0<strong>films macroperfor\u00e9s<\/strong>, les\u00a0<strong>films \u00e0 usage alimentaire<\/strong>, les\u00a0<strong>films r\u00e9tractables<\/strong>, les\u00a0<strong>films anticorrosion,<\/strong>\u00a0films techniques \u00e0 haut pr\u00e9-\u00e9tirage fabriqu\u00e9s avec la nanotechnologie.\u00a0<strong>Films biod\u00e9gradables<\/strong>\u00a0et\u00a0<strong>films compostables<\/strong>, et autres mat\u00e9riaux compl\u00e9mentaires.<\/p>\n<p class=\"detail\">Nos professionnels ont plus de 25 ans d\u2019<strong>exp\u00e9rience<\/strong>\u00a0dans le secteur de l\u2019emballage et notre objectif principal est notre engagement envers le client, offrant le meilleur service possible. Nous travaillons avec des\u00a0<strong>mati\u00e8res premi\u00e8res de qualit\u00e9 sup\u00e9rieure<\/strong>\u00a0offrant des\u00a0<strong>garanties maximales<\/strong>\u00a0et des r\u00e9sultats optimaux. De cette mani\u00e8re, nous sommes tr\u00e8s\u00a0<strong>comp\u00e9titifs\u00a0<\/strong>et offrons un excellent service \u00e0 tous les niveaux.<\/p>\n\t\t\t\t\t\t<\/div>\n\t\t\t\t<\/div>\n\t\t\t\t\t<\/div>\n\t\t<\/div>\n\t\t\t\t<div class=\"elementor-column elementor-col-50 elementor-inner-column elementor-element elementor-element-ca1ceae elementor-hidden-tablet elementor-hidden-mobile\" data-id=\"ca1ceae\" data-element_type=\"column\">\n\t\t\t<div class=\"elementor-widget-wrap elementor-element-populated\">\n\t\t\t\t\t\t<div class=\"elementor-element elementor-element-53cdcc5 elementor-widget-tablet__width-initial elementor-arrows-position-inside elementor-widget elementor-widget-image-carousel\" data-id=\"53cdcc5\" data-element_type=\"widget\" data-settings=\"{&quot;slides_to_show&quot;:&quot;1&quot;,&quot;navigation&quot;:&quot;arrows&quot;,&quot;autoplay&quot;:&quot;yes&quot;,&quot;pause_on_hover&quot;:&quot;yes&quot;,&quot;pause_on_interaction&quot;:&quot;yes&quot;,&quot;autoplay_speed&quot;:5000,&quot;infinite&quot;:&quot;yes&quot;,&quot;effect&quot;:&quot;slide&quot;,&quot;speed&quot;:500}\" data-widget_type=\"image-carousel.default\">\n\t\t\t\t<div class=\"elementor-widget-container\">\n\t\t\t\t\t<div class=\"elementor-image-carousel-wrapper swiper\" dir=\"ltr\">\n\t\t\t<div class=\"elementor-image-carousel swiper-wrapper\" aria-live=\"off\">\n\t\t\t\t\t\t\t\t<div class=\"swiper-slide\" role=\"group\" aria-roledescription=\"slide\" aria-label=\"1 sur 3\"><figure class=\"swiper-slide-inner\"><img decoding=\"async\" class=\"swiper-slide-image\" src=\"https:\/\/stretchfilmplasticosretractilesyfilmsalimentarios.com\/wp-content\/uploads\/film-macroperforado-1.jpg\" alt=\"film-macroperforado\" \/><\/figure><\/div><div class=\"swiper-slide\" role=\"group\" aria-roledescription=\"slide\" aria-label=\"2 sur 3\"><figure class=\"swiper-slide-inner\"><img decoding=\"async\" class=\"swiper-slide-image\" src=\"https:\/\/stretchfilmplasticosretractilesyfilmsalimentarios.com\/wp-content\/uploads\/film-retractil-1.jpg\" alt=\"film-retractil\" \/><\/figure><\/div><div class=\"swiper-slide\" role=\"group\" aria-roledescription=\"slide\" aria-label=\"3 sur 3\"><figure class=\"swiper-slide-inner\"><img decoding=\"async\" class=\"swiper-slide-image\" src=\"https:\/\/stretchfilmplasticosretractilesyfilmsalimentarios.com\/wp-content\/uploads\/film-estirable-1.png\" alt=\"film-estirable\" \/><\/figure><\/div>\t\t\t<\/div>\n\t\t\t\t\t\t\t\t\t\t\t\t<div class=\"elementor-swiper-button elementor-swiper-button-prev\" role=\"button\" tabindex=\"0\">\n\t\t\t\t\t\t<i aria-hidden=\"true\" class=\"eicon-chevron-left\"><\/i>\t\t\t\t\t<\/div>\n\t\t\t\t\t<div class=\"elementor-swiper-button elementor-swiper-button-next\" role=\"button\" tabindex=\"0\">\n\t\t\t\t\t\t<i aria-hidden=\"true\" class=\"eicon-chevron-right\"><\/i>\t\t\t\t\t<\/div>\n\t\t\t\t\n\t\t\t\t\t\t\t\t\t<\/div>\n\t\t\t\t<\/div>\n\t\t\t\t<\/div>\n\t\t\t\t\t<\/div>\n\t\t<\/div>\n\t\t\t\t\t<\/div>\n\t\t<\/section>\n\t\t\t\t\t<\/div>\n\t\t<\/div>\n\t\t\t\t\t<\/div>\n\t\t<\/section>\n\t\t\t\t<\/div>\n\t\t","protected":false},"excerpt":{"rendered":"<p>Pourquoi travailler avec nous EXP\u00c9RIENCE La vaste exp\u00e9rience de notre \u00e9quipe nous soutient et nous permet d\u2019\u00eatre des leaders sur le march\u00e9 de l\u2019emballage et vous proposer les meilleures solutions PROFESSIONNALISME Nous sommes des professionnels hautement reconnus pour nos r\u00e9alisations avec plus de 25 ans d\u2019exp\u00e9rience dans le secteur et une connaissance approfondie du march\u00e9 [&hellip;]<\/p>\n","protected":false},"author":1,"featured_media":0,"parent":0,"menu_order":0,"comment_status":"closed","ping_status":"closed","template":"elementor_header_footer","meta":{"footnotes":""},"class_list":["post-2254","page","type-page","status-publish","hentry"],"yoast_head":"<!-- This site is optimized with the Yoast SEO plugin v24.0 - https:\/\/yoast.com\/wordpress\/plugins\/seo\/ -->\n<title>Enterprise - Stretch y Retr\u00e1ctil<\/title>\n<meta name=\"robots\" content=\"index, follow, max-snippet:-1, max-image-preview:large, max-video-preview:-1\" \/>\n<link rel=\"canonical\" href=\"https:\/\/stretchfilmplasticosretractilesyfilmsalimentarios.com\/fr\/empresa\/\" \/>\n<meta property=\"og:locale\" content=\"fr_FR\" \/>\n<meta property=\"og:type\" content=\"article\" \/>\n<meta property=\"og:title\" content=\"Enterprise - Stretch y Retr\u00e1ctil\" \/>\n<meta property=\"og:description\" content=\"Pourquoi travailler avec nous EXP\u00c9RIENCE La vaste exp\u00e9rience de notre \u00e9quipe nous soutient et nous permet d\u2019\u00eatre des leaders sur le march\u00e9 de l\u2019emballage et vous proposer les meilleures solutions PROFESSIONNALISME Nous sommes des professionnels hautement reconnus pour nos r\u00e9alisations avec plus de 25 ans d\u2019exp\u00e9rience dans le secteur et une connaissance approfondie du march\u00e9 [&hellip;]\" \/>\n<meta property=\"og:url\" content=\"https:\/\/stretchfilmplasticosretractilesyfilmsalimentarios.com\/fr\/empresa\/\" \/>\n<meta property=\"og:site_name\" content=\"Stretch y Retr\u00e1ctil\" \/>\n<meta property=\"article:modified_time\" content=\"2023-08-31T08:30:55+00:00\" \/>\n<meta property=\"og:image\" content=\"https:\/\/stretchfilmplasticosretractilesyfilmsalimentarios.com\/wp-content\/uploads\/film-macroperforado-1.jpg\" \/>\n<meta name=\"twitter:card\" content=\"summary_large_image\" \/>\n<meta name=\"twitter:label1\" content=\"Dur\u00e9e de lecture estim\u00e9e\" \/>\n\t<meta name=\"twitter:data1\" content=\"3 minutes\" \/>\n<script type=\"application\/ld+json\" class=\"yoast-schema-graph\">{\"@context\":\"https:\/\/schema.org\",\"@graph\":[{\"@type\":\"WebPage\",\"@id\":\"https:\/\/stretchfilmplasticosretractilesyfilmsalimentarios.com\/fr\/empresa\/\",\"url\":\"https:\/\/stretchfilmplasticosretractilesyfilmsalimentarios.com\/fr\/empresa\/\",\"name\":\"Enterprise - Stretch y Retr\u00e1ctil\",\"isPartOf\":{\"@id\":\"https:\/\/stretchfilmplasticosretractilesyfilmsalimentarios.com\/fr\/#website\"},\"primaryImageOfPage\":{\"@id\":\"https:\/\/stretchfilmplasticosretractilesyfilmsalimentarios.com\/fr\/empresa\/#primaryimage\"},\"image\":{\"@id\":\"https:\/\/stretchfilmplasticosretractilesyfilmsalimentarios.com\/fr\/empresa\/#primaryimage\"},\"thumbnailUrl\":\"https:\/\/stretchfilmplasticosretractilesyfilmsalimentarios.com\/wp-content\/uploads\/film-macroperforado-1.jpg\",\"datePublished\":\"2023-06-13T16:07:53+00:00\",\"dateModified\":\"2023-08-31T08:30:55+00:00\",\"inLanguage\":\"fr-FR\",\"potentialAction\":[{\"@type\":\"ReadAction\",\"target\":[\"https:\/\/stretchfilmplasticosretractilesyfilmsalimentarios.com\/fr\/empresa\/\"]}]},{\"@type\":\"ImageObject\",\"inLanguage\":\"fr-FR\",\"@id\":\"https:\/\/stretchfilmplasticosretractilesyfilmsalimentarios.com\/fr\/empresa\/#primaryimage\",\"url\":\"https:\/\/stretchfilmplasticosretractilesyfilmsalimentarios.com\/wp-content\/uploads\/film-macroperforado-1.jpg\",\"contentUrl\":\"https:\/\/stretchfilmplasticosretractilesyfilmsalimentarios.com\/wp-content\/uploads\/film-macroperforado-1.jpg\"},{\"@type\":\"WebSite\",\"@id\":\"https:\/\/stretchfilmplasticosretractilesyfilmsalimentarios.com\/fr\/#website\",\"url\":\"https:\/\/stretchfilmplasticosretractilesyfilmsalimentarios.com\/fr\/\",\"name\":\"Stretch y Retr\u00e1ctil\",\"description\":\"\",\"publisher\":{\"@id\":\"https:\/\/stretchfilmplasticosretractilesyfilmsalimentarios.com\/fr\/#organization\"},\"potentialAction\":[{\"@type\":\"SearchAction\",\"target\":{\"@type\":\"EntryPoint\",\"urlTemplate\":\"https:\/\/stretchfilmplasticosretractilesyfilmsalimentarios.com\/fr\/?s={search_term_string}\"},\"query-input\":{\"@type\":\"PropertyValueSpecification\",\"valueRequired\":true,\"valueName\":\"search_term_string\"}}],\"inLanguage\":\"fr-FR\"},{\"@type\":\"Organization\",\"@id\":\"https:\/\/stretchfilmplasticosretractilesyfilmsalimentarios.com\/fr\/#organization\",\"name\":\"Stretch y Retr\u00e1ctil\",\"url\":\"https:\/\/stretchfilmplasticosretractilesyfilmsalimentarios.com\/fr\/\",\"logo\":{\"@type\":\"ImageObject\",\"inLanguage\":\"fr-FR\",\"@id\":\"https:\/\/stretchfilmplasticosretractilesyfilmsalimentarios.com\/fr\/#\/schema\/logo\/image\/\",\"url\":\"https:\/\/stretchfilmplasticosretractilesyfilmsalimentarios.com\/wp-content\/uploads\/logostretch-sticky.png\",\"contentUrl\":\"https:\/\/stretchfilmplasticosretractilesyfilmsalimentarios.com\/wp-content\/uploads\/logostretch-sticky.png\",\"width\":269,\"height\":64,\"caption\":\"Stretch y Retr\u00e1ctil\"},\"image\":{\"@id\":\"https:\/\/stretchfilmplasticosretractilesyfilmsalimentarios.com\/fr\/#\/schema\/logo\/image\/\"}}]}<\/script>\n<!-- \/ Yoast SEO plugin. -->","yoast_head_json":{"title":"Enterprise - Stretch y Retr\u00e1ctil","robots":{"index":"index","follow":"follow","max-snippet":"max-snippet:-1","max-image-preview":"max-image-preview:large","max-video-preview":"max-video-preview:-1"},"canonical":"https:\/\/stretchfilmplasticosretractilesyfilmsalimentarios.com\/fr\/empresa\/","og_locale":"fr_FR","og_type":"article","og_title":"Enterprise - Stretch y Retr\u00e1ctil","og_description":"Pourquoi travailler avec nous EXP\u00c9RIENCE La vaste exp\u00e9rience de notre \u00e9quipe nous soutient et nous permet d\u2019\u00eatre des leaders sur le march\u00e9 de l\u2019emballage et vous proposer les meilleures solutions PROFESSIONNALISME Nous sommes des professionnels hautement reconnus pour nos r\u00e9alisations avec plus de 25 ans d\u2019exp\u00e9rience dans le secteur et une connaissance approfondie du march\u00e9 [&hellip;]","og_url":"https:\/\/stretchfilmplasticosretractilesyfilmsalimentarios.com\/fr\/empresa\/","og_site_name":"Stretch y Retr\u00e1ctil","article_modified_time":"2023-08-31T08:30:55+00:00","og_image":[{"url":"https:\/\/stretchfilmplasticosretractilesyfilmsalimentarios.com\/wp-content\/uploads\/film-macroperforado-1.jpg","type":"","width":"","height":""}],"twitter_card":"summary_large_image","twitter_misc":{"Dur\u00e9e de lecture estim\u00e9e":"3 minutes"},"schema":{"@context":"https:\/\/schema.org","@graph":[{"@type":"WebPage","@id":"https:\/\/stretchfilmplasticosretractilesyfilmsalimentarios.com\/fr\/empresa\/","url":"https:\/\/stretchfilmplasticosretractilesyfilmsalimentarios.com\/fr\/empresa\/","name":"Enterprise - Stretch y Retr\u00e1ctil","isPartOf":{"@id":"https:\/\/stretchfilmplasticosretractilesyfilmsalimentarios.com\/fr\/#website"},"primaryImageOfPage":{"@id":"https:\/\/stretchfilmplasticosretractilesyfilmsalimentarios.com\/fr\/empresa\/#primaryimage"},"image":{"@id":"https:\/\/stretchfilmplasticosretractilesyfilmsalimentarios.com\/fr\/empresa\/#primaryimage"},"thumbnailUrl":"https:\/\/stretchfilmplasticosretractilesyfilmsalimentarios.com\/wp-content\/uploads\/film-macroperforado-1.jpg","datePublished":"2023-06-13T16:07:53+00:00","dateModified":"2023-08-31T08:30:55+00:00","inLanguage":"fr-FR","potentialAction":[{"@type":"ReadAction","target":["https:\/\/stretchfilmplasticosretractilesyfilmsalimentarios.com\/fr\/empresa\/"]}]},{"@type":"ImageObject","inLanguage":"fr-FR","@id":"https:\/\/stretchfilmplasticosretractilesyfilmsalimentarios.com\/fr\/empresa\/#primaryimage","url":"https:\/\/stretchfilmplasticosretractilesyfilmsalimentarios.com\/wp-content\/uploads\/film-macroperforado-1.jpg","contentUrl":"https:\/\/stretchfilmplasticosretractilesyfilmsalimentarios.com\/wp-content\/uploads\/film-macroperforado-1.jpg"},{"@type":"WebSite","@id":"https:\/\/stretchfilmplasticosretractilesyfilmsalimentarios.com\/fr\/#website","url":"https:\/\/stretchfilmplasticosretractilesyfilmsalimentarios.com\/fr\/","name":"Stretch y Retr\u00e1ctil","description":"","publisher":{"@id":"https:\/\/stretchfilmplasticosretractilesyfilmsalimentarios.com\/fr\/#organization"},"potentialAction":[{"@type":"SearchAction","target":{"@type":"EntryPoint","urlTemplate":"https:\/\/stretchfilmplasticosretractilesyfilmsalimentarios.com\/fr\/?s={search_term_string}"},"query-input":{"@type":"PropertyValueSpecification","valueRequired":true,"valueName":"search_term_string"}}],"inLanguage":"fr-FR"},{"@type":"Organization","@id":"https:\/\/stretchfilmplasticosretractilesyfilmsalimentarios.com\/fr\/#organization","name":"Stretch y Retr\u00e1ctil","url":"https:\/\/stretchfilmplasticosretractilesyfilmsalimentarios.com\/fr\/","logo":{"@type":"ImageObject","inLanguage":"fr-FR","@id":"https:\/\/stretchfilmplasticosretractilesyfilmsalimentarios.com\/fr\/#\/schema\/logo\/image\/","url":"https:\/\/stretchfilmplasticosretractilesyfilmsalimentarios.com\/wp-content\/uploads\/logostretch-sticky.png","contentUrl":"https:\/\/stretchfilmplasticosretractilesyfilmsalimentarios.com\/wp-content\/uploads\/logostretch-sticky.png","width":269,"height":64,"caption":"Stretch y Retr\u00e1ctil"},"image":{"@id":"https:\/\/stretchfilmplasticosretractilesyfilmsalimentarios.com\/fr\/#\/schema\/logo\/image\/"}}]}},"_links":{"self":[{"href":"https:\/\/stretchfilmplasticosretractilesyfilmsalimentarios.com\/fr\/wp-json\/wp\/v2\/pages\/2254","targetHints":{"allow":["GET"]}}],"collection":[{"href":"https:\/\/stretchfilmplasticosretractilesyfilmsalimentarios.com\/fr\/wp-json\/wp\/v2\/pages"}],"about":[{"href":"https:\/\/stretchfilmplasticosretractilesyfilmsalimentarios.com\/fr\/wp-json\/wp\/v2\/types\/page"}],"author":[{"embeddable":true,"href":"https:\/\/stretchfilmplasticosretractilesyfilmsalimentarios.com\/fr\/wp-json\/wp\/v2\/users\/1"}],"replies":[{"embeddable":true,"href":"https:\/\/stretchfilmplasticosretractilesyfilmsalimentarios.com\/fr\/wp-json\/wp\/v2\/comments?post=2254"}],"version-history":[{"count":30,"href":"https:\/\/stretchfilmplasticosretractilesyfilmsalimentarios.com\/fr\/wp-json\/wp\/v2\/pages\/2254\/revisions"}],"predecessor-version":[{"id":2928,"href":"https:\/\/stretchfilmplasticosretractilesyfilmsalimentarios.com\/fr\/wp-json\/wp\/v2\/pages\/2254\/revisions\/2928"}],"wp:attachment":[{"href":"https:\/\/stretchfilmplasticosretractilesyfilmsalimentarios.com\/fr\/wp-json\/wp\/v2\/media?parent=2254"}],"curies":[{"name":"wp","href":"https:\/\/api.w.org\/{rel}","templated":true}]}}