{"id":2245,"date":"2023-06-13T16:07:56","date_gmt":"2023-06-13T16:07:56","guid":{"rendered":"https:\/\/85.208.23.146\/~str346us\/contacto\/"},"modified":"2023-10-30T11:57:07","modified_gmt":"2023-10-30T11:57:07","slug":"contact","status":"publish","type":"page","link":"https:\/\/stretchfilmplasticosretractilesyfilmsalimentarios.com\/fr\/contact\/","title":{"rendered":"Contact"},"content":{"rendered":"\t\t<div data-elementor-type=\"wp-page\" data-elementor-id=\"2245\" class=\"elementor elementor-2245 elementor-78\" data-elementor-post-type=\"page\">\n\t\t\t\t\t\t<section class=\"elementor-section elementor-top-section elementor-element elementor-element-2e61c9ae elementor-section-height-min-height elementor-section-items-stretch elementor-section-boxed elementor-section-height-default\" data-id=\"2e61c9ae\" data-element_type=\"section\" data-settings=\"{&quot;background_background&quot;:&quot;classic&quot;}\">\n\t\t\t\t\t\t<div class=\"elementor-container elementor-column-gap-no\">\n\t\t\t\t\t<div class=\"elementor-column elementor-col-100 elementor-top-column elementor-element elementor-element-6710f0b2\" data-id=\"6710f0b2\" data-element_type=\"column\">\n\t\t\t<div class=\"elementor-widget-wrap elementor-element-populated\">\n\t\t\t\t\t\t<div class=\"elementor-element elementor-element-37e29372 elementor-widget elementor-widget-heading\" data-id=\"37e29372\" data-element_type=\"widget\" data-widget_type=\"heading.default\">\n\t\t\t\t<div class=\"elementor-widget-container\">\n\t\t\t<h1 class=\"elementor-heading-title elementor-size-default\">Contact<\/h1>\t\t<\/div>\n\t\t\t\t<\/div>\n\t\t\t\t<div class=\"elementor-element elementor-element-598b6005 elementor-widget-divider--view-line elementor-widget elementor-widget-divider\" data-id=\"598b6005\" data-element_type=\"widget\" data-widget_type=\"divider.default\">\n\t\t\t\t<div class=\"elementor-widget-container\">\n\t\t\t\t\t<div class=\"elementor-divider\">\n\t\t\t<span class=\"elementor-divider-separator\">\n\t\t\t\t\t\t<\/span>\n\t\t<\/div>\n\t\t\t\t<\/div>\n\t\t\t\t<\/div>\n\t\t\t\t<div class=\"elementor-element elementor-element-571c9469 elementor-widget elementor-widget-heading\" data-id=\"571c9469\" data-element_type=\"widget\" data-widget_type=\"heading.default\">\n\t\t\t\t<div class=\"elementor-widget-container\">\n\t\t\t<h6 class=\"elementor-heading-title elementor-size-default\">Information de contact<\/h6>\t\t<\/div>\n\t\t\t\t<\/div>\n\t\t\t\t<div class=\"elementor-element elementor-element-c82597b elementor-align-center elementor-icon-list--layout-traditional elementor-list-item-link-full_width elementor-widget elementor-widget-icon-list\" data-id=\"c82597b\" data-element_type=\"widget\" data-widget_type=\"icon-list.default\">\n\t\t\t\t<div class=\"elementor-widget-container\">\n\t\t\t\t\t<ul class=\"elementor-icon-list-items\">\n\t\t\t\t\t\t\t<li class=\"elementor-icon-list-item\">\n\t\t\t\t\t\t\t\t\t\t\t<a href=\"tel:123-456-7890\">\n\n\t\t\t\t\t\t\t\t\t\t\t<span class=\"elementor-icon-list-text\">+34 935 245 333<\/span>\n\t\t\t\t\t\t\t\t\t\t\t<\/a>\n\t\t\t\t\t\t\t\t\t<\/li>\n\t\t\t\t\t\t\t\t<li class=\"elementor-icon-list-item\">\n\t\t\t\t\t\t\t\t\t\t\t<a href=\"mailto:info@stretchyretractil.com\">\n\n\t\t\t\t\t\t\t\t\t\t\t<span class=\"elementor-icon-list-text\">info@stretchyretractil.com<\/span>\n\t\t\t\t\t\t\t\t\t\t\t<\/a>\n\t\t\t\t\t\t\t\t\t<\/li>\n\t\t\t\t\t\t<\/ul>\n\t\t\t\t<\/div>\n\t\t\t\t<\/div>\n\t\t\t\t\t<\/div>\n\t\t<\/div>\n\t\t\t\t\t<\/div>\n\t\t<\/section>\n\t\t\t\t<section class=\"elementor-section elementor-top-section elementor-element elementor-element-9b857c1 elementor-section-full_width nopadding hrefwhite elementor-section-height-default elementor-section-height-default\" data-id=\"9b857c1\" data-element_type=\"section\" data-settings=\"{&quot;background_background&quot;:&quot;classic&quot;}\">\n\t\t\t\t\t\t\t<div class=\"elementor-background-overlay\"><\/div>\n\t\t\t\t\t\t\t<div class=\"elementor-container elementor-column-gap-default\">\n\t\t\t\t\t<div class=\"elementor-column elementor-col-100 elementor-top-column elementor-element elementor-element-72aef54\" data-id=\"72aef54\" data-element_type=\"column\">\n\t\t\t<div class=\"elementor-widget-wrap elementor-element-populated\">\n\t\t\t\t\t\t<section class=\"elementor-section elementor-inner-section elementor-element elementor-element-cbfc785 elementor-section-full_width elementor-section-height-default elementor-section-height-default\" data-id=\"cbfc785\" data-element_type=\"section\" data-settings=\"{&quot;background_background&quot;:&quot;classic&quot;}\">\n\t\t\t\t\t\t<div class=\"elementor-container elementor-column-gap-default\">\n\t\t\t\t\t<div class=\"elementor-column elementor-col-50 elementor-inner-column elementor-element elementor-element-be1e8b6\" data-id=\"be1e8b6\" data-element_type=\"column\">\n\t\t\t<div class=\"elementor-widget-wrap elementor-element-populated\">\n\t\t\t\t\t\t<div class=\"elementor-element elementor-element-429fe06 centered-element elementor-widget elementor-widget-text-editor\" data-id=\"429fe06\" data-element_type=\"widget\" data-widget_type=\"text-editor.default\">\n\t\t\t\t<div class=\"elementor-widget-container\">\n\t\t\t\t\t\t\t<h2 class=\"h2homeq\">Barcelona<\/h2>\r\n<i class=\"fa fa-map-marker fa-1x\"><\/i> C\/ Aribau 168-170, Oficinas 1-1\r\n<br>\r\n08036-Barcelona\r\n<br>\r\nSPAIN\r\n<br>\r\n<i class=\"fa fa-envelope fa-1x\"><\/i><a href=\"mailto:info@stretchyretractil.com\">\u00a0info@stretchyretractil.com<\/a>\r\n<br>\r\n<i class=\"fa fa-phone-square fa-1x\"><\/i><a href=\"tel:+34 935 245 333\">\u00a0+34 935 245 333<\/a>\t\t\t\t\t\t<\/div>\n\t\t\t\t<\/div>\n\t\t\t\t\t<\/div>\n\t\t<\/div>\n\t\t\t\t<div class=\"elementor-column elementor-col-50 elementor-inner-column elementor-element elementor-element-f2dbe79\" data-id=\"f2dbe79\" data-element_type=\"column\">\n\t\t\t<div class=\"elementor-widget-wrap elementor-element-populated\">\n\t\t\t\t\t\t<div class=\"elementor-element elementor-element-da2cc76 minhei400 elementor-widget elementor-widget-google_maps\" data-id=\"da2cc76\" data-element_type=\"widget\" data-widget_type=\"google_maps.default\">\n\t\t\t\t<div class=\"elementor-widget-container\">\n\t\t\t\t\t<div class=\"elementor-custom-embed\">\n\t\t\t<iframe loading=\"lazy\"\n\t\t\t\t\tsrc=\"https:\/\/maps.google.com\/maps?q=C%2F%20Aribau%20168-170%20%2008036%20Barcelona&#038;t=m&#038;z=12&#038;output=embed&#038;iwloc=near\"\n\t\t\t\t\ttitle=\"C\/ Aribau 168-170  08036 Barcelona\"\n\t\t\t\t\taria-label=\"C\/ Aribau 168-170  08036 Barcelona\"\n\t\t\t><\/iframe>\n\t\t<\/div>\n\t\t\t\t<\/div>\n\t\t\t\t<\/div>\n\t\t\t\t\t<\/div>\n\t\t<\/div>\n\t\t\t\t\t<\/div>\n\t\t<\/section>\n\t\t\t\t\t<\/div>\n\t\t<\/div>\n\t\t\t\t\t<\/div>\n\t\t<\/section>\n\t\t\t\t<section class=\"elementor-section elementor-top-section elementor-element elementor-element-2296990 elementor-section-full_width nopadding hrefwhite elementor-reverse-mobile elementor-section-height-default elementor-section-height-default\" data-id=\"2296990\" data-element_type=\"section\" data-settings=\"{&quot;background_background&quot;:&quot;classic&quot;}\">\n\t\t\t\t\t\t\t<div class=\"elementor-background-overlay\"><\/div>\n\t\t\t\t\t\t\t<div class=\"elementor-container elementor-column-gap-default\">\n\t\t\t\t\t<div class=\"elementor-column elementor-col-100 elementor-top-column elementor-element elementor-element-6167f61\" data-id=\"6167f61\" data-element_type=\"column\">\n\t\t\t<div class=\"elementor-widget-wrap elementor-element-populated\">\n\t\t\t\t\t\t<section class=\"elementor-section elementor-inner-section elementor-element elementor-element-c2bbfb0 elementor-section-full_width elementor-reverse-mobile elementor-section-height-default elementor-section-height-default\" data-id=\"c2bbfb0\" data-element_type=\"section\" data-settings=\"{&quot;background_background&quot;:&quot;classic&quot;}\">\n\t\t\t\t\t\t<div class=\"elementor-container elementor-column-gap-default\">\n\t\t\t\t\t<div class=\"elementor-column elementor-col-50 elementor-inner-column elementor-element elementor-element-5afceef\" data-id=\"5afceef\" data-element_type=\"column\">\n\t\t\t<div class=\"elementor-widget-wrap elementor-element-populated\">\n\t\t\t\t\t\t<div class=\"elementor-element elementor-element-2685bd9 minhei400 elementor-widget elementor-widget-google_maps\" data-id=\"2685bd9\" data-element_type=\"widget\" data-widget_type=\"google_maps.default\">\n\t\t\t\t<div class=\"elementor-widget-container\">\n\t\t\t\t\t<div class=\"elementor-custom-embed\">\n\t\t\t<iframe loading=\"lazy\"\n\t\t\t\t\tsrc=\"https:\/\/maps.google.com\/maps?q=Av.%20Fuentemar%2021%2028823%20Coslada%20Madrid&#038;t=m&#038;z=12&#038;output=embed&#038;iwloc=near\"\n\t\t\t\t\ttitle=\"Av. Fuentemar 21 28823 Coslada Madrid\"\n\t\t\t\t\taria-label=\"Av. Fuentemar 21 28823 Coslada Madrid\"\n\t\t\t><\/iframe>\n\t\t<\/div>\n\t\t\t\t<\/div>\n\t\t\t\t<\/div>\n\t\t\t\t\t<\/div>\n\t\t<\/div>\n\t\t\t\t<div class=\"elementor-column elementor-col-50 elementor-inner-column elementor-element elementor-element-4dccf06\" data-id=\"4dccf06\" data-element_type=\"column\">\n\t\t\t<div class=\"elementor-widget-wrap elementor-element-populated\">\n\t\t\t\t\t\t<div class=\"elementor-element elementor-element-ad241ad centered-element elementor-widget elementor-widget-text-editor\" data-id=\"ad241ad\" data-element_type=\"widget\" data-widget_type=\"text-editor.default\">\n\t\t\t\t<div class=\"elementor-widget-container\">\n\t\t\t\t\t\t\t<h2 class=\"h2homeq\">Madrid<\/h2>\r\n<i class=\"fa fa-map-marker fa-1x\"><\/i> Av. Fuentemar 21\r\n<br>\r\n28823-Coslada (Madrid)\r\n<br>\r\nSPAIN\r\n<br>\r\n<i class=\"fa fa-envelope fa-1x\"><\/i>\r\n<a href=\"mailto:info@stretchyretractil.com\">\u00a0info@stretchyretractil.com<\/a><a href=\"tel:+34 935 245 333\">\r\n<br>\r\n<i class=\"fa fa-phone-square fa-1x\"><\/i><\/a>\r\n\r\n<a href=\"tel:+34 935 245 333\">\u00a0+34 935 245 333<\/a>\t\t\t\t\t\t<\/div>\n\t\t\t\t<\/div>\n\t\t\t\t\t<\/div>\n\t\t<\/div>\n\t\t\t\t\t<\/div>\n\t\t<\/section>\n\t\t\t\t\t<\/div>\n\t\t<\/div>\n\t\t\t\t\t<\/div>\n\t\t<\/section>\n\t\t\t\t<\/div>\n\t\t","protected":false},"excerpt":{"rendered":"<p>Contact Information de contact +34 935 245 333 info@stretchyretractil.com Barcelona C\/ Aribau 168-170, Oficinas 1-1 08036-Barcelona SPAIN \u00a0info@stretchyretractil.com \u00a0+34 935 245 333 Madrid Av. Fuentemar 21 28823-Coslada (Madrid) SPAIN \u00a0info@stretchyretractil.com \u00a0+34 935 245 333<\/p>\n","protected":false},"author":1,"featured_media":0,"parent":0,"menu_order":0,"comment_status":"closed","ping_status":"closed","template":"elementor_header_footer","meta":{"footnotes":""},"class_list":["post-2245","page","type-page","status-publish","hentry"],"yoast_head":"<!-- This site is optimized with the Yoast SEO plugin v24.0 - https:\/\/yoast.com\/wordpress\/plugins\/seo\/ -->\n<title>Contact - Stretch y Retr\u00e1ctil<\/title>\n<meta name=\"robots\" content=\"index, follow, max-snippet:-1, max-image-preview:large, max-video-preview:-1\" \/>\n<link rel=\"canonical\" href=\"https:\/\/stretchfilmplasticosretractilesyfilmsalimentarios.com\/fr\/contact\/\" \/>\n<meta property=\"og:locale\" content=\"fr_FR\" \/>\n<meta property=\"og:type\" content=\"article\" \/>\n<meta property=\"og:title\" content=\"Contact - Stretch y Retr\u00e1ctil\" \/>\n<meta property=\"og:description\" content=\"Contact Information de contact +34 935 245 333 info@stretchyretractil.com Barcelona C\/ Aribau 168-170, Oficinas 1-1 08036-Barcelona SPAIN \u00a0info@stretchyretractil.com \u00a0+34 935 245 333 Madrid Av. Fuentemar 21 28823-Coslada (Madrid) SPAIN \u00a0info@stretchyretractil.com \u00a0+34 935 245 333\" \/>\n<meta property=\"og:url\" content=\"https:\/\/stretchfilmplasticosretractilesyfilmsalimentarios.com\/fr\/contact\/\" \/>\n<meta property=\"og:site_name\" content=\"Stretch y Retr\u00e1ctil\" \/>\n<meta property=\"article:modified_time\" content=\"2023-10-30T11:57:07+00:00\" \/>\n<meta name=\"twitter:card\" content=\"summary_large_image\" \/>\n<meta name=\"twitter:label1\" content=\"Dur\u00e9e de lecture estim\u00e9e\" \/>\n\t<meta name=\"twitter:data1\" content=\"1 minute\" \/>\n<script type=\"application\/ld+json\" class=\"yoast-schema-graph\">{\"@context\":\"https:\/\/schema.org\",\"@graph\":[{\"@type\":\"WebPage\",\"@id\":\"https:\/\/stretchfilmplasticosretractilesyfilmsalimentarios.com\/fr\/contact\/\",\"url\":\"https:\/\/stretchfilmplasticosretractilesyfilmsalimentarios.com\/fr\/contact\/\",\"name\":\"Contact - Stretch y Retr\u00e1ctil\",\"isPartOf\":{\"@id\":\"https:\/\/stretchfilmplasticosretractilesyfilmsalimentarios.com\/fr\/#website\"},\"datePublished\":\"2023-06-13T16:07:56+00:00\",\"dateModified\":\"2023-10-30T11:57:07+00:00\",\"inLanguage\":\"fr-FR\",\"potentialAction\":[{\"@type\":\"ReadAction\",\"target\":[\"https:\/\/stretchfilmplasticosretractilesyfilmsalimentarios.com\/fr\/contact\/\"]}]},{\"@type\":\"WebSite\",\"@id\":\"https:\/\/stretchfilmplasticosretractilesyfilmsalimentarios.com\/fr\/#website\",\"url\":\"https:\/\/stretchfilmplasticosretractilesyfilmsalimentarios.com\/fr\/\",\"name\":\"Stretch y Retr\u00e1ctil\",\"description\":\"\",\"publisher\":{\"@id\":\"https:\/\/stretchfilmplasticosretractilesyfilmsalimentarios.com\/fr\/#organization\"},\"potentialAction\":[{\"@type\":\"SearchAction\",\"target\":{\"@type\":\"EntryPoint\",\"urlTemplate\":\"https:\/\/stretchfilmplasticosretractilesyfilmsalimentarios.com\/fr\/?s={search_term_string}\"},\"query-input\":{\"@type\":\"PropertyValueSpecification\",\"valueRequired\":true,\"valueName\":\"search_term_string\"}}],\"inLanguage\":\"fr-FR\"},{\"@type\":\"Organization\",\"@id\":\"https:\/\/stretchfilmplasticosretractilesyfilmsalimentarios.com\/fr\/#organization\",\"name\":\"Stretch y Retr\u00e1ctil\",\"url\":\"https:\/\/stretchfilmplasticosretractilesyfilmsalimentarios.com\/fr\/\",\"logo\":{\"@type\":\"ImageObject\",\"inLanguage\":\"fr-FR\",\"@id\":\"https:\/\/stretchfilmplasticosretractilesyfilmsalimentarios.com\/fr\/#\/schema\/logo\/image\/\",\"url\":\"https:\/\/stretchfilmplasticosretractilesyfilmsalimentarios.com\/wp-content\/uploads\/logostretch-sticky.png\",\"contentUrl\":\"https:\/\/stretchfilmplasticosretractilesyfilmsalimentarios.com\/wp-content\/uploads\/logostretch-sticky.png\",\"width\":269,\"height\":64,\"caption\":\"Stretch y Retr\u00e1ctil\"},\"image\":{\"@id\":\"https:\/\/stretchfilmplasticosretractilesyfilmsalimentarios.com\/fr\/#\/schema\/logo\/image\/\"}}]}<\/script>\n<!-- \/ Yoast SEO plugin. -->","yoast_head_json":{"title":"Contact - Stretch y Retr\u00e1ctil","robots":{"index":"index","follow":"follow","max-snippet":"max-snippet:-1","max-image-preview":"max-image-preview:large","max-video-preview":"max-video-preview:-1"},"canonical":"https:\/\/stretchfilmplasticosretractilesyfilmsalimentarios.com\/fr\/contact\/","og_locale":"fr_FR","og_type":"article","og_title":"Contact - Stretch y Retr\u00e1ctil","og_description":"Contact Information de contact +34 935 245 333 info@stretchyretractil.com Barcelona C\/ Aribau 168-170, Oficinas 1-1 08036-Barcelona SPAIN \u00a0info@stretchyretractil.com \u00a0+34 935 245 333 Madrid Av. Fuentemar 21 28823-Coslada (Madrid) SPAIN \u00a0info@stretchyretractil.com \u00a0+34 935 245 333","og_url":"https:\/\/stretchfilmplasticosretractilesyfilmsalimentarios.com\/fr\/contact\/","og_site_name":"Stretch y Retr\u00e1ctil","article_modified_time":"2023-10-30T11:57:07+00:00","twitter_card":"summary_large_image","twitter_misc":{"Dur\u00e9e de lecture estim\u00e9e":"1 minute"},"schema":{"@context":"https:\/\/schema.org","@graph":[{"@type":"WebPage","@id":"https:\/\/stretchfilmplasticosretractilesyfilmsalimentarios.com\/fr\/contact\/","url":"https:\/\/stretchfilmplasticosretractilesyfilmsalimentarios.com\/fr\/contact\/","name":"Contact - Stretch y Retr\u00e1ctil","isPartOf":{"@id":"https:\/\/stretchfilmplasticosretractilesyfilmsalimentarios.com\/fr\/#website"},"datePublished":"2023-06-13T16:07:56+00:00","dateModified":"2023-10-30T11:57:07+00:00","inLanguage":"fr-FR","potentialAction":[{"@type":"ReadAction","target":["https:\/\/stretchfilmplasticosretractilesyfilmsalimentarios.com\/fr\/contact\/"]}]},{"@type":"WebSite","@id":"https:\/\/stretchfilmplasticosretractilesyfilmsalimentarios.com\/fr\/#website","url":"https:\/\/stretchfilmplasticosretractilesyfilmsalimentarios.com\/fr\/","name":"Stretch y Retr\u00e1ctil","description":"","publisher":{"@id":"https:\/\/stretchfilmplasticosretractilesyfilmsalimentarios.com\/fr\/#organization"},"potentialAction":[{"@type":"SearchAction","target":{"@type":"EntryPoint","urlTemplate":"https:\/\/stretchfilmplasticosretractilesyfilmsalimentarios.com\/fr\/?s={search_term_string}"},"query-input":{"@type":"PropertyValueSpecification","valueRequired":true,"valueName":"search_term_string"}}],"inLanguage":"fr-FR"},{"@type":"Organization","@id":"https:\/\/stretchfilmplasticosretractilesyfilmsalimentarios.com\/fr\/#organization","name":"Stretch y Retr\u00e1ctil","url":"https:\/\/stretchfilmplasticosretractilesyfilmsalimentarios.com\/fr\/","logo":{"@type":"ImageObject","inLanguage":"fr-FR","@id":"https:\/\/stretchfilmplasticosretractilesyfilmsalimentarios.com\/fr\/#\/schema\/logo\/image\/","url":"https:\/\/stretchfilmplasticosretractilesyfilmsalimentarios.com\/wp-content\/uploads\/logostretch-sticky.png","contentUrl":"https:\/\/stretchfilmplasticosretractilesyfilmsalimentarios.com\/wp-content\/uploads\/logostretch-sticky.png","width":269,"height":64,"caption":"Stretch y Retr\u00e1ctil"},"image":{"@id":"https:\/\/stretchfilmplasticosretractilesyfilmsalimentarios.com\/fr\/#\/schema\/logo\/image\/"}}]}},"_links":{"self":[{"href":"https:\/\/stretchfilmplasticosretractilesyfilmsalimentarios.com\/fr\/wp-json\/wp\/v2\/pages\/2245","targetHints":{"allow":["GET"]}}],"collection":[{"href":"https:\/\/stretchfilmplasticosretractilesyfilmsalimentarios.com\/fr\/wp-json\/wp\/v2\/pages"}],"about":[{"href":"https:\/\/stretchfilmplasticosretractilesyfilmsalimentarios.com\/fr\/wp-json\/wp\/v2\/types\/page"}],"author":[{"embeddable":true,"href":"https:\/\/stretchfilmplasticosretractilesyfilmsalimentarios.com\/fr\/wp-json\/wp\/v2\/users\/1"}],"replies":[{"embeddable":true,"href":"https:\/\/stretchfilmplasticosretractilesyfilmsalimentarios.com\/fr\/wp-json\/wp\/v2\/comments?post=2245"}],"version-history":[{"count":9,"href":"https:\/\/stretchfilmplasticosretractilesyfilmsalimentarios.com\/fr\/wp-json\/wp\/v2\/pages\/2245\/revisions"}],"predecessor-version":[{"id":2955,"href":"https:\/\/stretchfilmplasticosretractilesyfilmsalimentarios.com\/fr\/wp-json\/wp\/v2\/pages\/2245\/revisions\/2955"}],"wp:attachment":[{"href":"https:\/\/stretchfilmplasticosretractilesyfilmsalimentarios.com\/fr\/wp-json\/wp\/v2\/media?parent=2245"}],"curies":[{"name":"wp","href":"https:\/\/api.w.org\/{rel}","templated":true}]}}